{"id":52703,"date":"2021-12-22T12:41:55","date_gmt":"2021-12-22T11:41:55","guid":{"rendered":"https:\/\/eunice-university.eu\/cursos\/"},"modified":"2025-10-08T16:13:09","modified_gmt":"2025-10-08T14:13:09","slug":"cursos","status":"publish","type":"page","link":"https:\/\/eunice-university.eu\/es\/cursos\/","title":{"rendered":"Cursos"},"content":{"rendered":"[vc_row type=\u00bbfull_width_background\u00bb full_screen_row_position=\u00bbmiddle\u00bb column_margin=\u00bbdefault\u00bb column_direction=\u00bbdefault\u00bb column_direction_tablet=\u00bbdefault\u00bb column_direction_phone=\u00bbdefault\u00bb bg_image=\u00bb16935&#8243; bg_position=\u00bbcenter center\u00bb background_image_loading=\u00bbdefault\u00bb bg_repeat=\u00bbno-repeat\u00bb scene_position=\u00bbcenter\u00bb top_padding=\u00bb9%\u00bb bottom_padding=\u00bb4%\u00bb text_color=\u00bbdark\u00bb text_align=\u00bbleft\u00bb row_border_radius=\u00bbnone\u00bb row_border_radius_applies=\u00bbbg\u00bb overflow=\u00bbvisible\u00bb color_overlay=\u00bb#ffffff\u00bb color_overlay_2=\u00bb#ffffff\u00bb overlay_strength=\u00bb0.3&#8243; gradient_direction=\u00bbleft_to_right\u00bb shape_divider_position=\u00bbbottom\u00bb bg_image_animation=\u00bbnone\u00bb gradient_type=\u00bbdefault\u00bb shape_type=\u00bb\u00bb][vc_column column_padding=\u00bbno-extra-padding\u00bb column_padding_tablet=\u00bbinherit\u00bb column_padding_phone=\u00bbinherit\u00bb column_padding_position=\u00bball\u00bb column_element_direction_desktop=\u00bbdefault\u00bb column_element_spacing=\u00bbdefault\u00bb desktop_text_alignment=\u00bbdefault\u00bb tablet_text_alignment=\u00bbdefault\u00bb phone_text_alignment=\u00bbdefault\u00bb background_color_opacity=\u00bb1&#8243; background_hover_color_opacity=\u00bb1&#8243; column_backdrop_filter=\u00bbnone\u00bb column_shadow=\u00bbnone\u00bb column_border_radius=\u00bbnone\u00bb column_link_target=\u00bb_self\u00bb column_position=\u00bbdefault\u00bb gradient_direction=\u00bbleft_to_right\u00bb overlay_strength=\u00bb0.3&#8243; width=\u00bb1\/1&#8243; tablet_width_inherit=\u00bbdefault\u00bb animation_type=\u00bbdefault\u00bb bg_image_animation=\u00bbnone\u00bb border_type=\u00bbsimple\u00bb column_border_width=\u00bbnone\u00bb column_border_style=\u00bbsolid\u00bb][vc_column_text text_direction=\u00bbdefault\u00bb]\n<h1>CAT\u00c1LOGO DE CURSOS<\/h1>\n[\/vc_column_text][nectar_highlighted_text color_type=\u00bbregular\u00bb style=\u00bbfull_text\u00bb highlight_expansion=\u00bbdefault\u00bb custom_font_size=\u00bb2vw\u00bb text_direction=\u00bbdefault\u00bb]\n<h3 style=\"text-align: right\">Personaliza tu futuro<\/h3>\n[\/nectar_highlighted_text][divider line_type=\u00bbNo Line\u00bb][\/vc_column][\/vc_row][vc_row type=\u00bbfull_width_background\u00bb full_screen_row_position=\u00bbmiddle\u00bb column_margin=\u00bbdefault\u00bb column_direction=\u00bbdefault\u00bb column_direction_tablet=\u00bbdefault\u00bb column_direction_phone=\u00bbdefault\u00bb scene_position=\u00bbcenter\u00bb text_color=\u00bbdark\u00bb text_align=\u00bbleft\u00bb row_border_radius=\u00bbnone\u00bb row_border_radius_applies=\u00bbbg\u00bb overflow=\u00bbvisible\u00bb overlay_strength=\u00bb0.3&#8243; gradient_direction=\u00bbleft_to_right\u00bb shape_divider_position=\u00bbbottom\u00bb bg_image_animation=\u00bbnone\u00bb gradient_type=\u00bbdefault\u00bb shape_type=\u00bb\u00bb][vc_column column_padding=\u00bbno-extra-padding\u00bb column_padding_tablet=\u00bbinherit\u00bb column_padding_phone=\u00bbinherit\u00bb column_padding_position=\u00bball\u00bb column_element_direction_desktop=\u00bbdefault\u00bb column_element_spacing=\u00bbdefault\u00bb desktop_text_alignment=\u00bbdefault\u00bb tablet_text_alignment=\u00bbdefault\u00bb phone_text_alignment=\u00bbdefault\u00bb background_color_opacity=\u00bb1&#8243; background_hover_color_opacity=\u00bb1&#8243; column_backdrop_filter=\u00bbnone\u00bb column_shadow=\u00bbnone\u00bb column_border_radius=\u00bbnone\u00bb column_link_target=\u00bb_self\u00bb column_position=\u00bbdefault\u00bb gradient_direction=\u00bbleft_to_right\u00bb overlay_strength=\u00bb0.3&#8243; width=\u00bb1\/1&#8243; tablet_width_inherit=\u00bbdefault\u00bb animation_type=\u00bbdefault\u00bb bg_image_animation=\u00bbnone\u00bb border_type=\u00bbsimple\u00bb column_border_width=\u00bbnone\u00bb column_border_style=\u00bbsolid\u00bb][page_submenu alignment=\u00bbright\u00bb sticky=\u00bbtrue\u00bb bg_color=\u00bb#000000&#8243; link_color=\u00bb#ffffff\u00bb][page_link link_new_tab=\u00bbtrue\u00bb link_url=\u00bbhttps:\/\/eunice-university.eu\/courses\/courses-coordinators-contacts\/\u00bb title=\u00bbPonte en contacto con tu coordinador local\u00bb id=\u00bb1759932337266-4&#8243; tab_id=\u00bb1759932337267-4&#8243;] [\/page_link][page_link link_new_tab=\u00bbtrue\u00bb link_url=\u00bbhttps:\/\/moodle.eunice-university.eu\/login\/index.php\u00bb title=\u00bbPlataforma Moodle: empieza a estudiar\u00bb id=\u00bb1759932337285-10&#8243; tab_id=\u00bb1759932337286-1&#8243;] [\/page_link][\/page_submenu][divider line_type=\u00bbNo Line\u00bb][\/vc_column][\/vc_row][vc_row type=\u00bbin_container\u00bb full_screen_row_position=\u00bbmiddle\u00bb column_margin=\u00bbdefault\u00bb column_direction=\u00bbdefault\u00bb column_direction_tablet=\u00bbdefault\u00bb column_direction_phone=\u00bbdefault\u00bb scene_position=\u00bbcenter\u00bb left_margin=\u00bb10&#8243; text_color=\u00bbdark\u00bb text_align=\u00bbleft\u00bb row_border_radius=\u00bbnone\u00bb row_border_radius_applies=\u00bbbg\u00bb overflow=\u00bbvisible\u00bb overlay_strength=\u00bb0.3&#8243; gradient_direction=\u00bbleft_to_right\u00bb shape_divider_position=\u00bbbottom\u00bb bg_image_animation=\u00bbnone\u00bb gradient_type=\u00bbdefault\u00bb shape_type=\u00bb\u00bb][vc_column column_padding=\u00bbno-extra-padding\u00bb column_padding_tablet=\u00bbinherit\u00bb column_padding_phone=\u00bbinherit\u00bb column_padding_position=\u00bball\u00bb column_element_direction_desktop=\u00bbdefault\u00bb column_element_spacing=\u00bbdefault\u00bb desktop_text_alignment=\u00bbdefault\u00bb tablet_text_alignment=\u00bbdefault\u00bb phone_text_alignment=\u00bbdefault\u00bb background_color_opacity=\u00bb1&#8243; background_hover_color_opacity=\u00bb1&#8243; column_backdrop_filter=\u00bbnone\u00bb column_shadow=\u00bbnone\u00bb column_border_radius=\u00bbnone\u00bb column_link_target=\u00bb_self\u00bb column_position=\u00bbdefault\u00bb gradient_direction=\u00bbleft_to_right\u00bb overlay_strength=\u00bb0.3&#8243; width=\u00bb1\/1&#8243; tablet_width_inherit=\u00bbdefault\u00bb animation_type=\u00bbdefault\u00bb bg_image_animation=\u00bbnone\u00bb border_type=\u00bbsimple\u00bb column_border_width=\u00bbnone\u00bb column_border_style=\u00bbsolid\u00bb column_padding_type=\u00bbdefault\u00bb gradient_type=\u00bbdefault\u00bb][divider line_type=\u00bbNo Line\u00bb][vc_column_text css=\u00bb\u00bb text_direction=\u00bbdefault\u00bb]Con su <strong>nueva oferta de cursos multidisciplinares<\/strong> EUNICE ofrece a los estudiantes la oportunidad de beneficiarse de la experiencia de 10 universidades europeas y personalizar su itinerario formativo.<\/p>\n<ul>\n<li>Tambi\u00e9n ofrecemos <strong>cursos de idiomas<\/strong> -los m\u00e1s hablados en EUNICE-.<\/li>\n<li>Adem\u00e1s de conllevar <strong>cr\u00e9ditos ECTS<\/strong>, los cursos EUNICE son una puerta de entrada para que los estudiantes <strong>personalicen su educaci\u00f3n de forma gratuita<\/strong>.<\/li>\n<\/ul>\n[\/vc_column_text][toggles style=\u00bbminimal_shadow\u00bb border_radius=\u00bb5px\u00bb][toggle color=\u00bbDefault\u00bb heading_tag=\u00bbdefault\u00bb heading_tag_functionality=\u00bbdefault\u00bb title=\u00bbFormatos de aprendizaje\u00bb][vc_column_text css=\u00bb\u00bb text_direction=\u00bbdefault\u00bb]Los cursos se <strong>ofrecen en ingl\u00e9s <\/strong>y, a veces, en<strong> las lenguas nacionales<\/strong> del consorcio y en distintos <strong>formatos de aprendizaje<\/strong>:<\/p>\n<ul>\n<li><span style=\"color: #3366ff\"><br \/>\n  <a style=\"color: #3366ff\" href=\"https:\/\/eunice-university.eu\/es\/cursos\/moodle\/\" target=\"_blank\" rel=\"noopener\"><br \/>\n    <strong>online<\/strong><br \/>\n  <\/a><br \/>\n<\/span> -en directo o por tu cuenta-,<\/li>\n<li><strong>presencial o mixto <\/strong>(cursos intensivos semipresenciales). <a href=\"https:\/\/eunice-university.eu\/es\/movilidad-fisica-del-alumnado\/\" target=\"_blank\" rel=\"noopener\"><br \/>\n  <span style=\"color: #3366ff\">Consulta las becas de movilidad disponibles en tu Oficina Internacional<\/span><br \/>\n<\/a>.<\/li>\n<\/ul>\n[\/vc_column_text][\/toggle][toggle color=\u00bbDefault\u00bb heading_tag=\u00bbdefault\u00bb heading_tag_functionality=\u00bbdefault\u00bb title=\u00bbAntes de solicitar un curso\u00bb][vc_column_text css=\u00bb\u00bb text_direction=\u00bbdefault\u00bb]Aseg\u00farate de que el formato de ense\u00f1anza, los requisitos previos y el horario se adaptan a ti consultando la <strong>gu\u00eda de estudio<\/strong> disponible para cada curso. Adem\u00e1s, ten en cuenta que la mayor\u00eda de los cursos tienen plazas limitadas y que los criterios de selecci\u00f3n pueden variar de un curso a otro. Los cursos de EUNICE son <strong>gratuitos y<\/strong> est\u00e1n abiertos a todos los estudiantes de todas las <span style=\"color: #3366ff\"><br \/>\n  <a style=\"color: #3366ff\" href=\"https:\/\/eunice-university.eu\/es\/inicio\/nuestro-campus\/\" target=\"_blank\" rel=\"noopener\">universidades asociadas a EUNICE<\/a><br \/>\n<\/span>.[\/vc_column_text][\/toggle][toggle color=\u00bbDefault\u00bb heading_tag=\u00bbdefault\u00bb heading_tag_functionality=\u00bbdefault\u00bb title=\u00bbQui\u00e9n puede solicitarlos\u00bb][vc_column_text css=\u00bb\u00bb text_direction=\u00bbdefault\u00bb]Los cursos compartidos de EUNICE est\u00e1n disponibles para estudiantes, acad\u00e9micos y personal de cualquiera de las diez universidades asociadas, siempre que cumplan los requisitos especificados en la gu\u00eda de estudio del curso (por ejemplo, nivel de m\u00e1ster).<\/p>\n<p>EUNICE tambi\u00e9n ofrece Cursos Online Masivos y Abiertos (MOOC) gratuitos, que son cursos de aprendizaje aut\u00f3nomo abiertos a cualquier persona, aunque no sea miembro de la Universidad Europea EUNICE.[\/vc_column_text][\/toggle][toggle color=\u00bbDefault\u00bb heading_tag=\u00bbdefault\u00bb heading_tag_functionality=\u00bbdefault\u00bb title=\u00bbTasas\u00bb][vc_column_text css=\u00bb\u00bb text_direction=\u00bbdefault\u00bb]Los cursos compartidos de EUNICE son gratuitos: no hay que pagar tasas adicionales.<\/p>\n<p>Masters: consulta las tasas de matr\u00edcula en la p\u00e1gina web de cada m\u00e1ster.[\/vc_column_text][\/toggle][toggle color=\u00bbDefault\u00bb heading_tag=\u00bbdefault\u00bb heading_tag_functionality=\u00bbdefault\u00bb title=\u00bbAcuerdo de aprendizaje\u00bb][vc_column_text css=\u00bb\u00bb text_direction=\u00bbdefault\u00bb]Algunos de los socios exigen ocasionalmente acuerdos de aprendizaje para el reconocimiento de cursos. El Acuerdo de Aprendizaje EUNICE puede descargarse <a href=\"https:\/\/eunice-university.eu\/wp-content\/uploads\/2025\/09\/Learning_Agreement_EUNICE_Online_Course.docx\">aqu\u00ed<\/a>.[\/vc_column_text][\/toggle][toggle color=\u00bbDefault\u00bb heading_tag=\u00bbdefault\u00bb heading_tag_functionality=\u00bbdefault\u00bb title=\u00bbOtras preguntas\u00bb][vc_column_text css=\u00bb\u00bb text_direction=\u00bbdefault\u00bb]Si tienes alguna pregunta, ponte en contacto con el <a style=\"color: #3366ff\" href=\"https:\/\/eunice-university.eu\/courses\/courses-coordinators-contacts\/\" target=\"_blank\" rel=\"noopener\">coordinador local de los cursos EUNICE<\/a>.[\/vc_column_text][\/toggle][\/toggles][divider line_type=\u00bbNo Line\u00bb custom_height=\u00bb45&#8243;][split_line_heading animation_type=\u00bbdefault\u00bb text_direction=\u00bbdefault\u00bb]\n[\/split_line_heading][\/vc_column][\/vc_row]\n","protected":false},"excerpt":{"rendered":"<p>[vc_row type=\u00bbfull_width_background\u00bb full_screen_row_position=\u00bbmiddle\u00bb column_margin=\u00bbdefault\u00bb column_direction=\u00bbdefault\u00bb column_direction_tablet=\u00bbdefault\u00bb column_direction_phone=\u00bbdefault\u00bb bg_image=\u00bb16935&#8243; bg_position=\u00bbcenter center\u00bb background_image_loading=\u00bbdefault\u00bb bg_repeat=\u00bbno-repeat\u00bb scene_position=\u00bbcenter\u00bb top_padding=\u00bb9%\u00bb bottom_padding=\u00bb4%\u00bb text_color=\u00bbdark\u00bb text_align=\u00bbleft\u00bb row_border_radius=\u00bbnone\u00bb row_border_radius_applies=\u00bbbg\u00bb overflow=\u00bbvisible\u00bb color_overlay=\u00bb#ffffff\u00bb color_overlay_2=\u00bb#ffffff\u00bb overlay_strength=\u00bb0.3&#8243; gradient_direction=\u00bbleft_to_right\u00bb shape_divider_position=\u00bbbottom\u00bb&#8230;<\/p>\n","protected":false},"author":13,"featured_media":0,"parent":0,"menu_order":0,"comment_status":"closed","ping_status":"closed","template":"","meta":{"_acf_changed":false,"_uag_custom_page_level_css":"","footnotes":""},"class_list":["post-52703","page","type-page","status-publish"],"acf":[],"uagb_featured_image_src":{"full":false,"thumbnail":false,"medium":false,"medium_large":false,"large":false,"1536x1536":false,"2048x2048":false,"portfolio-thumb":false,"nectar_small_square":false,"portfolio-thumb_large":false,"portfolio-thumb_small":false,"portfolio-widget":false,"wide":false,"wide_photography":false,"wide_small":false,"regular":false,"regular_small":false,"tall":false,"wide_tall":false,"large_featured":false,"medium_featured":false},"uagb_author_info":{"display_name":"Ana Lezama Arrieta","author_link":"https:\/\/eunice-university.eu\/es\/author\/uc_comms2\/"},"uagb_comment_info":0,"uagb_excerpt":"[vc_row type=\u00bbfull_width_background\u00bb full_screen_row_position=\u00bbmiddle\u00bb column_margin=\u00bbdefault\u00bb column_direction=\u00bbdefault\u00bb column_direction_tablet=\u00bbdefault\u00bb column_direction_phone=\u00bbdefault\u00bb bg_image=\u00bb16935&#8243; bg_position=\u00bbcenter center\u00bb background_image_loading=\u00bbdefault\u00bb bg_repeat=\u00bbno-repeat\u00bb scene_position=\u00bbcenter\u00bb top_padding=\u00bb9%\u00bb bottom_padding=\u00bb4%\u00bb text_color=\u00bbdark\u00bb text_align=\u00bbleft\u00bb row_border_radius=\u00bbnone\u00bb row_border_radius_applies=\u00bbbg\u00bb overflow=\u00bbvisible\u00bb color_overlay=\u00bb#ffffff\u00bb color_overlay_2=\u00bb#ffffff\u00bb overlay_strength=\u00bb0.3&#8243; gradient_direction=\u00bbleft_to_right\u00bb shape_divider_position=\u00bbbottom\u00bb...","_links":{"self":[{"href":"https:\/\/eunice-university.eu\/es\/wp-json\/wp\/v2\/pages\/52703","targetHints":{"allow":["GET"]}}],"collection":[{"href":"https:\/\/eunice-university.eu\/es\/wp-json\/wp\/v2\/pages"}],"about":[{"href":"https:\/\/eunice-university.eu\/es\/wp-json\/wp\/v2\/types\/page"}],"author":[{"embeddable":true,"href":"https:\/\/eunice-university.eu\/es\/wp-json\/wp\/v2\/users\/13"}],"replies":[{"embeddable":true,"href":"https:\/\/eunice-university.eu\/es\/wp-json\/wp\/v2\/comments?post=52703"}],"version-history":[{"count":10,"href":"https:\/\/eunice-university.eu\/es\/wp-json\/wp\/v2\/pages\/52703\/revisions"}],"predecessor-version":[{"id":58516,"href":"https:\/\/eunice-university.eu\/es\/wp-json\/wp\/v2\/pages\/52703\/revisions\/58516"}],"wp:attachment":[{"href":"https:\/\/eunice-university.eu\/es\/wp-json\/wp\/v2\/media?parent=52703"}],"curies":[{"name":"wp","href":"https:\/\/api.w.org\/{rel}","templated":true}]}}