{"id":54631,"date":"2021-05-13T10:12:14","date_gmt":"2021-05-13T08:12:14","guid":{"rendered":"https:\/\/eunice-university.eu\/nuestro-trabajo\/"},"modified":"2025-08-14T15:02:11","modified_gmt":"2025-08-14T13:02:11","slug":"nuestro-trabajo","status":"publish","type":"page","link":"https:\/\/eunice-university.eu\/es\/nuestro-trabajo\/","title":{"rendered":"Nuestro trabajo"},"content":{"rendered":"[vc_row type=\u00bbin_container\u00bb full_screen_row_position=\u00bbmiddle\u00bb column_margin=\u00bbdefault\u00bb column_direction=\u00bbdefault\u00bb column_direction_tablet=\u00bbdefault\u00bb column_direction_phone=\u00bbdefault\u00bb scene_position=\u00bbcenter\u00bb top_padding=\u00bb7%\u00bb bottom_padding=\u00bb7%\u00bb text_color=\u00bbdark\u00bb text_align=\u00bbleft\u00bb row_border_radius=\u00bbnone\u00bb row_border_radius_applies=\u00bbbg\u00bb overflow=\u00bbvisible\u00bb overlay_strength=\u00bb0.3&#8243; gradient_direction=\u00bbleft_to_right\u00bb shape_divider_position=\u00bbbottom\u00bb bg_image_animation=\u00bbnone\u00bb][vc_column column_padding=\u00bbno-extra-padding\u00bb column_padding_tablet=\u00bbinherit\u00bb column_padding_phone=\u00bbinherit\u00bb column_padding_position=\u00bball\u00bb column_element_direction_desktop=\u00bbdefault\u00bb column_element_spacing=\u00bbdefault\u00bb desktop_text_alignment=\u00bbdefault\u00bb tablet_text_alignment=\u00bbdefault\u00bb phone_text_alignment=\u00bbdefault\u00bb background_color_opacity=\u00bb1&#8243; background_hover_color_opacity=\u00bb1&#8243; column_backdrop_filter=\u00bbnone\u00bb column_shadow=\u00bbnone\u00bb column_border_radius=\u00bbnone\u00bb column_link_target=\u00bb_self\u00bb column_position=\u00bbdefault\u00bb gradient_direction=\u00bbleft_to_right\u00bb overlay_strength=\u00bb0.3&#8243; width=\u00bb1\/1&#8243; tablet_width_inherit=\u00bbdefault\u00bb animation_type=\u00bbdefault\u00bb bg_image_animation=\u00bbnone\u00bb border_type=\u00bbsimple\u00bb column_border_width=\u00bbnone\u00bb column_border_style=\u00bbsolid\u00bb][vc_row_inner column_margin=\u00bbdefault\u00bb column_direction=\u00bbdefault\u00bb column_direction_tablet=\u00bbdefault\u00bb column_direction_phone=\u00bbdefault\u00bb bottom_padding=\u00bb60&#8243; text_align=\u00bbleft\u00bb row_position=\u00bbdefault\u00bb row_position_tablet=\u00bbinherit\u00bb row_position_phone=\u00bbinherit\u00bb overflow=\u00bbvisible\u00bb pointer_events=\u00bball\u00bb][vc_column_inner column_padding=\u00bbno-extra-padding\u00bb column_padding_tablet=\u00bbinherit\u00bb column_padding_phone=\u00bbinherit\u00bb column_padding_position=\u00bball\u00bb column_element_direction_desktop=\u00bbdefault\u00bb column_element_spacing=\u00bbdefault\u00bb centered_text=\u00bbtrue\u00bb desktop_text_alignment=\u00bbdefault\u00bb tablet_text_alignment=\u00bbdefault\u00bb phone_text_alignment=\u00bbdefault\u00bb background_color_opacity=\u00bb1&#8243; background_hover_color_opacity=\u00bb1&#8243; column_backdrop_filter=\u00bbnone\u00bb column_shadow=\u00bbnone\u00bb column_border_radius=\u00bbnone\u00bb column_link_target=\u00bb_self\u00bb overflow=\u00bbvisible\u00bb gradient_direction=\u00bbleft_to_right\u00bb overlay_strength=\u00bb0.3&#8243; width=\u00bb1\/2&#8243; tablet_width_inherit=\u00bbdefault\u00bb animation_type=\u00bbdefault\u00bb bg_image_animation=\u00bbnone\u00bb border_type=\u00bbsimple\u00bb column_border_width=\u00bbnone\u00bb column_border_style=\u00bbsolid\u00bb][vc_custom_heading text=\u00bbC\u00f3mo lo hacemos\u00bb use_theme_fonts=\u00bbyes\u00bb][divider line_type=\u00bbNo Line\u00bb custom_height=\u00bb25&#8243;][vc_column_text max_width=\u00bb1000&#8243; text_direction=\u00bbdefault\u00bb]\n<p style=\"text-align: left\">Descubre c\u00f3mo se desarrolla nuestro proyecto en diez pa\u00edses: fomentando el trabajo en equipo, la colaboraci\u00f3n en l\u00ednea y la innovaci\u00f3n. Mediante una combinaci\u00f3n de colaboraci\u00f3n virtual y presencial, avanzamos en nuestra misi\u00f3n de construir una Universidad Europea (alianza de universidades europeas) en cinco \u00e1reas clave. <\/p>\n<p style=\"text-align: left\"><strong>Explora con nosotros los logros y el progreso colectivos.<\/strong><\/p>\n[\/vc_column_text][\/vc_column_inner][\/vc_row_inner][vc_row_inner column_margin=\u00bbdefault\u00bb column_direction=\u00bbdefault\u00bb column_direction_tablet=\u00bbdefault\u00bb column_direction_phone=\u00bbdefault\u00bb text_align=\u00bbleft\u00bb row_position=\u00bbdefault\u00bb row_position_tablet=\u00bbinherit\u00bb row_position_phone=\u00bbinherit\u00bb overflow=\u00bbvisible\u00bb pointer_events=\u00bball\u00bb css=\u00bb.vc_custom_1728467596704{border-color: #000000 !important;}\u00bb][vc_column_inner column_padding=\u00bbno-extra-padding\u00bb column_padding_tablet=\u00bbinherit\u00bb column_padding_phone=\u00bbinherit\u00bb column_padding_position=\u00bball\u00bb column_element_direction_desktop=\u00bbdefault\u00bb column_element_spacing=\u00bbdefault\u00bb desktop_text_alignment=\u00bbdefault\u00bb tablet_text_alignment=\u00bbdefault\u00bb phone_text_alignment=\u00bbdefault\u00bb background_color_opacity=\u00bb1&#8243; background_hover_color_opacity=\u00bb1&#8243; column_backdrop_filter=\u00bbnone\u00bb column_shadow=\u00bbnone\u00bb column_border_radius=\u00bbnone\u00bb column_link_target=\u00bb_self\u00bb overflow=\u00bbvisible\u00bb gradient_direction=\u00bbleft_to_right\u00bb overlay_strength=\u00bb0.3&#8243; width=\u00bb1\/3&#8243; tablet_width_inherit=\u00bbdefault\u00bb animation_type=\u00bbdefault\u00bb enable_animation=\u00bbtrue\u00bb animation=\u00bbgrow-in\u00bb animation_easing=\u00bbdefault\u00bb bg_image_animation=\u00bbnone\u00bb border_type=\u00bbsimple\u00bb column_border_width=\u00bbnone\u00bb column_border_style=\u00bbsolid\u00bb][team_member image_url=\u00bb6200&#8243; bio_alt_image_url=\u00bb18013&#8243; team_memeber_style=\u00bbbio_fullscreen_alt\u00bb image_loading=\u00bbdefault\u00bb team_member_bio_full_html=\u00bbsimple\u00bb name=\u00bbEficacia del equipo en todos los pa\u00edses\u00bb job_position=\u00bbGesti\u00f3n\u00bb team_member_bio=\u00bbPara trabajar en colaboraci\u00f3n entre diez instituciones, hemos construido una estructura de gesti\u00f3n transparente cuyo principal reto es coexistir con la forma particular de trabajar de cada una de las universidades.<br \/>\nJuntos, hemos definido nuestras normas de funcionamiento, objetivos, plazos y recursos. Utilizando la experiencia de las diez universidades en distintos campos de la gesti\u00f3n de proyectos, estamos trabajando para crear una estructura innovadora de Universidad Europea (alianza de universidades europeas) como un organismo com\u00fan con una normativa com\u00fa, en el que podamos garantizar que la calidad de los resultados, el cumplimiento y la eficacia no s\u00f3lo sean excelentes, sino que sirvan de modelo para otras instituciones. <\/p>\n<p>L\u00edder del \u00c1rea de Gesti\u00f3n del proyecto EUNICE: Mariusz Glabowski, Universidad Polit\u00e9cnica de Poznan (Polonia)\u00bb][\/team_member][\/vc_column_inner][vc_column_inner column_padding=\u00bbno-extra-padding\u00bb column_padding_tablet=\u00bbinherit\u00bb column_padding_phone=\u00bbinherit\u00bb column_padding_position=\u00bball\u00bb column_element_direction_desktop=\u00bbdefault\u00bb column_element_spacing=\u00bbdefault\u00bb desktop_text_alignment=\u00bbdefault\u00bb tablet_text_alignment=\u00bbdefault\u00bb phone_text_alignment=\u00bbdefault\u00bb background_color_opacity=\u00bb1&#8243; background_hover_color_opacity=\u00bb1&#8243; column_backdrop_filter=\u00bbnone\u00bb column_shadow=\u00bbnone\u00bb column_border_radius=\u00bbnone\u00bb column_link_target=\u00bb_self\u00bb overflow=\u00bbvisible\u00bb gradient_direction=\u00bbleft_to_right\u00bb overlay_strength=\u00bb0.3&#8243; width=\u00bb1\/3&#8243; tablet_width_inherit=\u00bbdefault\u00bb animation_type=\u00bbdefault\u00bb enable_animation=\u00bbtrue\u00bb animation=\u00bbgrow-in\u00bb animation_easing=\u00bbdefault\u00bb bg_image_animation=\u00bbnone\u00bb border_type=\u00bbsimple\u00bb column_border_width=\u00bbnone\u00bb column_border_style=\u00bbsolid\u00bb][team_member image_url=\u00bb16932&#8243; bio_alt_image_url=\u00bb16873&#8243; team_memeber_style=\u00bbbio_fullscreen_alt\u00bb image_loading=\u00bbdefault\u00bb team_member_bio_full_html=\u00bbsimple\u00bb name=\u00bbEducaci\u00f3n flexible y personalizada\u00bb job_position=\u00bbOferta acad\u00e9mica\u00bb team_member_bio=\u00bbNuestra visi\u00f3n a largo plazo va m\u00e1s all\u00e1 de la oferta de programas y cursos acad\u00e9micos conjuntos entre los diez socios: abarca un enfoque hol\u00edstico en consonancia con la declaraci\u00f3n de objetivos de EUNICE.<br \/>\nEmpezando por identificar las competencias b\u00e1sicas de EUNICE para mejorar nuestra oferta acad\u00e9mica colectiva, tambi\u00e9n pretendemos dar prioridad a la ense\u00f1anza de lenguas extranjeras y as\u00ed fomentar la conciencia intercultural y los valores compartidos dentro de EUNICE.<br \/>\nEste proceso implica trabajar de manera exahustiva para garantizar la alineaci\u00f3n de los procesos acad\u00e9micos y administrativos. De esta manera, promoveremos la excelencia pedag\u00f3gica y la innovaci\u00f3n en todas las universidades de EUNICE.<\/p>\n<p>Responsable del \u00c1rea de Oferta Acad\u00e9mica en EUNICE: Hounaida Frikha, Universidad Polit\u00e9cnica Hauts-de-France (Francia)\u00bb][\/team_member][\/vc_column_inner][vc_column_inner column_padding=\u00bbno-extra-padding\u00bb column_padding_tablet=\u00bbinherit\u00bb column_padding_phone=\u00bbinherit\u00bb column_padding_position=\u00bball\u00bb column_element_direction_desktop=\u00bbdefault\u00bb column_element_spacing=\u00bbdefault\u00bb desktop_text_alignment=\u00bbdefault\u00bb tablet_text_alignment=\u00bbdefault\u00bb phone_text_alignment=\u00bbdefault\u00bb background_color_opacity=\u00bb1&#8243; background_hover_color_opacity=\u00bb1&#8243; column_backdrop_filter=\u00bbnone\u00bb column_shadow=\u00bbnone\u00bb column_border_radius=\u00bbnone\u00bb column_link_target=\u00bb_self\u00bb overflow=\u00bbvisible\u00bb gradient_direction=\u00bbleft_to_right\u00bb overlay_strength=\u00bb0.3&#8243; width=\u00bb1\/3&#8243; tablet_width_inherit=\u00bbdefault\u00bb animation_type=\u00bbdefault\u00bb enable_animation=\u00bbtrue\u00bb animation=\u00bbgrow-in\u00bb animation_easing=\u00bbdefault\u00bb bg_image_animation=\u00bbnone\u00bb border_type=\u00bbsimple\u00bb column_border_width=\u00bbnone\u00bb column_border_style=\u00bbsolid\u00bb][team_member image_url=\u00bb5985&#8243; bio_alt_image_url=\u00bb18050&#8243; team_memeber_style=\u00bbbio_fullscreen_alt\u00bb image_loading=\u00bbdefault\u00bb team_member_bio_full_html=\u00bbsimple\u00bb name=\u00bbFormar ciudadanos para la Europa del futuro\u00bb job_position=\u00bbAprendizaje experiencial\u00bb team_member_bio=\u00bbEl equipo de trabajo 3 de EUNICE pretende mejorar el aprendizaje experiencial y la movilidad dentro de la alianza, fomentando el liderazgo estudiantil, las competencias clave y los valores europeos.<br \/>\nEntre las estrategias clave se incluyen el establecimiento de comit\u00e9s consultivos a nivel institucional, la movilizaci\u00f3n y la capacitaci\u00f3n de los estudiantes mediante la creaci\u00f3n de clubes de estudiantes pan-EUNICE y la facilitaci\u00f3n de reuniones conjuntas entre representantes de las diez universidades.<br \/>\nComprometida con la promoci\u00f3n de intercambios inclusivos y medioambientalmente sostenibles, EUNICE garantiza un acceso equitativo a oportunidades educativas transformadoras. Adem\u00e1s, organiza actividdes culturales y deportivas, as\u00ed como campamentos de verano de aprendizaje experiencial para un compromiso comunitario inmersivo.<br \/>\nA trav\u00e9s de estos esfuerzos y de iniciativas polifac\u00e9ticas, EUNICE se esfuerza por ofrecer experiencias y oportunidades enriquecedoras, alimentando los valores europeos y cultivando un fuerte sentido de comunidad entre sus miembros, al tiempo que inspira a estudiantes de mentalidad global para que contribuyan como ciudadanos de nuestro mundo din\u00e1mico e interconectado. <\/p>\n<p>Responsable del \u00c1rea de Aprendizaje Experiencial de EUNICE: Susana Amante, Instituto Polit\u00e9cnico de Viseu (Portugal)\u00bb][\/team_member][\/vc_column_inner][\/vc_row_inner][vc_row_inner column_margin=\u00bbdefault\u00bb column_direction=\u00bbdefault\u00bb column_direction_tablet=\u00bbdefault\u00bb column_direction_phone=\u00bbdefault\u00bb text_align=\u00bbleft\u00bb row_position=\u00bbdefault\u00bb row_position_tablet=\u00bbinherit\u00bb row_position_phone=\u00bbinherit\u00bb overflow=\u00bbvisible\u00bb pointer_events=\u00bball\u00bb][vc_column_inner column_padding=\u00bbno-extra-padding\u00bb column_padding_tablet=\u00bbinherit\u00bb column_padding_phone=\u00bbinherit\u00bb column_padding_position=\u00bball\u00bb column_element_direction_desktop=\u00bbdefault\u00bb column_element_spacing=\u00bbdefault\u00bb desktop_text_alignment=\u00bbdefault\u00bb tablet_text_alignment=\u00bbdefault\u00bb phone_text_alignment=\u00bbdefault\u00bb background_color_opacity=\u00bb1&#8243; background_hover_color_opacity=\u00bb1&#8243; column_backdrop_filter=\u00bbnone\u00bb column_shadow=\u00bbnone\u00bb column_border_radius=\u00bbnone\u00bb column_link_target=\u00bb_self\u00bb overflow=\u00bbvisible\u00bb gradient_direction=\u00bbleft_to_right\u00bb overlay_strength=\u00bb0.3&#8243; width=\u00bb1\/3&#8243; tablet_width_inherit=\u00bbdefault\u00bb animation_type=\u00bbdefault\u00bb enable_animation=\u00bbtrue\u00bb animation=\u00bbgrow-in\u00bb animation_easing=\u00bbdefault\u00bb bg_image_animation=\u00bbnone\u00bb border_type=\u00bbsimple\u00bb column_border_width=\u00bbnone\u00bb column_border_style=\u00bbsolid\u00bb][team_member image_url=\u00bb6174&#8243; bio_alt_image_url=\u00bb6127&#8243; team_memeber_style=\u00bbbio_fullscreen_alt\u00bb image_loading=\u00bbdefault\u00bb team_member_bio_full_html=\u00bbsimple\u00bb name=\u00bbAcortar el puente entre la universidad y las empresas\u00bb job_position=\u00bbInvestigaci\u00f3n y emprendimiento\u00bb team_member_bio=\u00bbPara facilitar el crecimiento profesional de nuestros estudiantes y potenciar sus habilidades empresariales, estamos desarrollando un m\u00e9todo educativo orientado a la industria que permita a nuestros estudiantes convertirse en los profesionales que el mercado necesita, bas\u00e1ndonos en una auditor\u00eda exhaustiva del entorno acad\u00e9mico y empresarial actual.<br \/>\nOfreceremos pr\u00e1cticas industriales intersectoriales y multidisciplinares a los estudiantes, que podr\u00e1n tener experiencia laboral en los diez pa\u00edses en los que estamos presentes.<br \/>\nNuestros programas de educaci\u00f3n dual se centran en alinear los planes de estudios y las competencias de los egresados con sus carreras profesionales, incentivando la empleabilidad de nuestros estudiantes y ofreciendo a las empresas los recursos humanos que necesitan para prosperar.<\/p>\n<p>Responsable del \u00c1rea de Sociedad y Empresa de EUNICE: Lucia Zappal\u00e0, Universidad de Catania (Italia)\u00bb][\/team_member][\/vc_column_inner][vc_column_inner column_padding=\u00bbno-extra-padding\u00bb column_padding_tablet=\u00bbinherit\u00bb column_padding_phone=\u00bbinherit\u00bb column_padding_position=\u00bball\u00bb column_element_direction_desktop=\u00bbdefault\u00bb column_element_spacing=\u00bbdefault\u00bb desktop_text_alignment=\u00bbdefault\u00bb tablet_text_alignment=\u00bbdefault\u00bb phone_text_alignment=\u00bbdefault\u00bb background_color_opacity=\u00bb1&#8243; background_hover_color_opacity=\u00bb1&#8243; column_backdrop_filter=\u00bbnone\u00bb column_shadow=\u00bbnone\u00bb column_border_radius=\u00bbnone\u00bb column_link_target=\u00bb_self\u00bb overflow=\u00bbvisible\u00bb gradient_direction=\u00bbleft_to_right\u00bb overlay_strength=\u00bb0.3&#8243; width=\u00bb1\/3&#8243; tablet_width_inherit=\u00bbdefault\u00bb animation_type=\u00bbdefault\u00bb enable_animation=\u00bbtrue\u00bb animation=\u00bbgrow-in\u00bb animation_easing=\u00bbdefault\u00bb bg_image_animation=\u00bbnone\u00bb border_type=\u00bbsimple\u00bb column_border_width=\u00bbnone\u00bb column_border_style=\u00bbsolid\u00bb column_padding_type=\u00bbdefault\u00bb gradient_type=\u00bbdefault\u00bb][team_member image_url=\u00bb6206&#8243; bio_alt_image_url=\u00bb17096&#8243; team_memeber_style=\u00bbbio_fullscreen_alt\u00bb image_loading=\u00bbdefault\u00bb team_member_bio_full_html=\u00bbsimple\u00bb name=\u00bbCausar impacto\u00bb job_position=\u00bbDifusi\u00f3n, digitalizaci\u00f3n e impacto\u00bb team_member_bio=\u00bbEl equipo de trabajo 5 crear\u00e1 diferentes herramientas de digitalizaci\u00f3n, comunicaci\u00f3n e impacto para el correcto desarrollo y ejecuci\u00f3n de las actividades de EUNICE. Si no comunicamos lo que hacemos, es como si no hici\u00e9ramos nada. Por lo tanto, llevaremos a cabo comunicaciones estrat\u00e9gicas y reforzaremos los activos de comunicaci\u00f3n para apoyar la ejecuci\u00f3n eficaz de nuestras actividades y difundir nuestro constante aprendizaje. Adem\u00e1s, nos aseguraremos de que las infraestructuras digital y de comunicaciones de EUNICE sean lo m\u00e1s eficientes posible y se mejoren continuamente. Tambi\u00e9n es importante, y es otro de los objetivos de este paquete de trabajo, revisar la eficacia de las actividades de EUNICE para identificar los \u00e9xitos y las lecciones y mejorar la alianza y que sirva tambi\u00e9n para otras partes interesadas de la educaci\u00f3n superior.<br \/>\nGabriel Moncali\u00e1n Montes (Universidad de Cantabria, Espa\u00f1a), L\u00edder del Equipo de Trabajo 5 en EUNICE (Digitalizaci\u00f3n, Comunicaci\u00f3n e Impacto)    \u00ab][\/team_member][\/vc_column_inner][\/vc_row_inner][\/vc_column][\/vc_row]\n","protected":false},"excerpt":{"rendered":"<p>[vc_row type=\u00bbin_container\u00bb full_screen_row_position=\u00bbmiddle\u00bb column_margin=\u00bbdefault\u00bb column_direction=\u00bbdefault\u00bb column_direction_tablet=\u00bbdefault\u00bb column_direction_phone=\u00bbdefault\u00bb scene_position=\u00bbcenter\u00bb top_padding=\u00bb7%\u00bb bottom_padding=\u00bb7%\u00bb text_color=\u00bbdark\u00bb text_align=\u00bbleft\u00bb row_border_radius=\u00bbnone\u00bb row_border_radius_applies=\u00bbbg\u00bb overflow=\u00bbvisible\u00bb overlay_strength=\u00bb0.3&#8243; gradient_direction=\u00bbleft_to_right\u00bb shape_divider_position=\u00bbbottom\u00bb bg_image_animation=\u00bbnone\u00bb][vc_column column_padding=\u00bbno-extra-padding\u00bb column_padding_tablet=\u00bbinherit\u00bb column_padding_phone=\u00bbinherit\u00bb column_padding_position=\u00bball\u00bb column_element_direction_desktop=\u00bbdefault\u00bb column_element_spacing=\u00bbdefault\u00bb&#8230;<\/p>\n","protected":false},"author":1,"featured_media":0,"parent":0,"menu_order":0,"comment_status":"closed","ping_status":"closed","template":"","meta":{"_acf_changed":false,"_uag_custom_page_level_css":"","footnotes":""},"class_list":["post-54631","page","type-page","status-publish"],"acf":[],"uagb_featured_image_src":{"full":false,"thumbnail":false,"medium":false,"medium_large":false,"large":false,"1536x1536":false,"2048x2048":false,"portfolio-thumb":false,"nectar_small_square":false,"portfolio-thumb_large":false,"portfolio-thumb_small":false,"portfolio-widget":false,"wide":false,"wide_photography":false,"wide_small":false,"regular":false,"regular_small":false,"tall":false,"wide_tall":false,"large_featured":false,"medium_featured":false},"uagb_author_info":{"display_name":"\u00c1rea web Unican","author_link":"https:\/\/eunice-university.eu\/es\/author\/sc9bxrjbaufus7pj\/"},"uagb_comment_info":0,"uagb_excerpt":"[vc_row type=\u00bbin_container\u00bb full_screen_row_position=\u00bbmiddle\u00bb column_margin=\u00bbdefault\u00bb column_direction=\u00bbdefault\u00bb column_direction_tablet=\u00bbdefault\u00bb column_direction_phone=\u00bbdefault\u00bb scene_position=\u00bbcenter\u00bb top_padding=\u00bb7%\u00bb bottom_padding=\u00bb7%\u00bb text_color=\u00bbdark\u00bb text_align=\u00bbleft\u00bb row_border_radius=\u00bbnone\u00bb row_border_radius_applies=\u00bbbg\u00bb overflow=\u00bbvisible\u00bb overlay_strength=\u00bb0.3&#8243; gradient_direction=\u00bbleft_to_right\u00bb shape_divider_position=\u00bbbottom\u00bb bg_image_animation=\u00bbnone\u00bb][vc_column column_padding=\u00bbno-extra-padding\u00bb column_padding_tablet=\u00bbinherit\u00bb column_padding_phone=\u00bbinherit\u00bb column_padding_position=\u00bball\u00bb column_element_direction_desktop=\u00bbdefault\u00bb column_element_spacing=\u00bbdefault\u00bb...","_links":{"self":[{"href":"https:\/\/eunice-university.eu\/es\/wp-json\/wp\/v2\/pages\/54631","targetHints":{"allow":["GET"]}}],"collection":[{"href":"https:\/\/eunice-university.eu\/es\/wp-json\/wp\/v2\/pages"}],"about":[{"href":"https:\/\/eunice-university.eu\/es\/wp-json\/wp\/v2\/types\/page"}],"author":[{"embeddable":true,"href":"https:\/\/eunice-university.eu\/es\/wp-json\/wp\/v2\/users\/1"}],"replies":[{"embeddable":true,"href":"https:\/\/eunice-university.eu\/es\/wp-json\/wp\/v2\/comments?post=54631"}],"version-history":[{"count":6,"href":"https:\/\/eunice-university.eu\/es\/wp-json\/wp\/v2\/pages\/54631\/revisions"}],"predecessor-version":[{"id":55774,"href":"https:\/\/eunice-university.eu\/es\/wp-json\/wp\/v2\/pages\/54631\/revisions\/55774"}],"wp:attachment":[{"href":"https:\/\/eunice-university.eu\/es\/wp-json\/wp\/v2\/media?parent=54631"}],"curies":[{"name":"wp","href":"https:\/\/api.w.org\/{rel}","templated":true}]}}