{"id":55883,"date":"2024-12-16T15:25:16","date_gmt":"2024-12-16T14:25:16","guid":{"rendered":"https:\/\/eunice-university.eu\/personal\/comunidades-de-practicas\/"},"modified":"2025-08-25T13:37:08","modified_gmt":"2025-08-25T11:37:08","slug":"comunidades-de-practicas","status":"publish","type":"page","link":"https:\/\/eunice-university.eu\/es\/personal\/comunidades-de-practicas\/","title":{"rendered":"Comunidades de pr\u00e1cticas"},"content":{"rendered":"[vc_row type=\u00bbfull_width_background\u00bb full_screen_row_position=\u00bbmiddle\u00bb column_margin=\u00bbdefault\u00bb column_direction=\u00bbdefault\u00bb column_direction_tablet=\u00bbdefault\u00bb column_direction_phone=\u00bbdefault\u00bb bg_image=\u00bb19174&#8243; bg_position=\u00bbleft center\u00bb background_image_loading=\u00bbdefault\u00bb bg_repeat=\u00bbno-repeat\u00bb scene_position=\u00bbcenter\u00bb top_padding=\u00bb9%\u00bb bottom_padding=\u00bb4%\u00bb text_color=\u00bbdark\u00bb text_align=\u00bbleft\u00bb row_border_radius=\u00bbnone\u00bb row_border_radius_applies=\u00bbbg\u00bb overflow=\u00bbvisible\u00bb enable_gradient=\u00bbtrue\u00bb color_overlay=\u00bb#ffffff\u00bb color_overlay_2=\u00bb#ffffff\u00bb overlay_strength=\u00bb0.3&#8243; gradient_direction=\u00bbleft_to_right\u00bb shape_divider_position=\u00bbbottom\u00bb bg_image_animation=\u00bbnone\u00bb gradient_type=\u00bbdefault\u00bb shape_type=\u00bb\u00bb][vc_column column_padding=\u00bbno-extra-padding\u00bb column_padding_tablet=\u00bbinherit\u00bb column_padding_phone=\u00bbinherit\u00bb column_padding_position=\u00bball\u00bb column_element_direction_desktop=\u00bbdefault\u00bb column_element_spacing=\u00bbdefault\u00bb desktop_text_alignment=\u00bbdefault\u00bb tablet_text_alignment=\u00bbdefault\u00bb phone_text_alignment=\u00bbdefault\u00bb background_color_opacity=\u00bb1&#8243; background_hover_color_opacity=\u00bb1&#8243; column_backdrop_filter=\u00bbnone\u00bb column_shadow=\u00bbnone\u00bb column_border_radius=\u00bbnone\u00bb column_link_target=\u00bb_self\u00bb column_position=\u00bbdefault\u00bb gradient_direction=\u00bbleft_to_right\u00bb overlay_strength=\u00bb0.3&#8243; width=\u00bb1\/1&#8243; tablet_width_inherit=\u00bbdefault\u00bb animation_type=\u00bbdefault\u00bb bg_image_animation=\u00bbnone\u00bb border_type=\u00bbsimple\u00bb column_border_width=\u00bbnone\u00bb column_border_style=\u00bbsolid\u00bb][vc_column_text css=\u00bb\u00bb text_direction=\u00bbdefault\u00bb]\n<h2>Comunidades de Pr\u00e1cticas<\/h2>\n[\/vc_column_text][divider line_type=\u00bbNo Line\u00bb][\/vc_column][\/vc_row][vc_row type=\u00bbfull_width_background\u00bb full_screen_row_position=\u00bbmiddle\u00bb column_margin=\u00bbdefault\u00bb column_direction=\u00bbdefault\u00bb column_direction_tablet=\u00bbdefault\u00bb column_direction_phone=\u00bbdefault\u00bb scene_position=\u00bbcenter\u00bb text_color=\u00bbdark\u00bb text_align=\u00bbleft\u00bb row_border_radius=\u00bbnone\u00bb row_border_radius_applies=\u00bbbg\u00bb overflow=\u00bbvisible\u00bb overlay_strength=\u00bb0.3&#8243; gradient_direction=\u00bbleft_to_right\u00bb shape_divider_position=\u00bbbottom\u00bb bg_image_animation=\u00bbnone\u00bb gradient_type=\u00bbdefault\u00bb shape_type=\u00bb\u00bb][vc_column column_padding=\u00bbno-extra-padding\u00bb column_padding_tablet=\u00bbinherit\u00bb column_padding_phone=\u00bbinherit\u00bb column_padding_position=\u00bball\u00bb column_element_direction_desktop=\u00bbdefault\u00bb column_element_spacing=\u00bbdefault\u00bb desktop_text_alignment=\u00bbdefault\u00bb tablet_text_alignment=\u00bbdefault\u00bb phone_text_alignment=\u00bbdefault\u00bb background_color_opacity=\u00bb1&#8243; background_hover_color_opacity=\u00bb1&#8243; column_backdrop_filter=\u00bbnone\u00bb column_shadow=\u00bbnone\u00bb column_border_radius=\u00bbnone\u00bb column_link_target=\u00bb_self\u00bb column_position=\u00bbdefault\u00bb gradient_direction=\u00bbleft_to_right\u00bb overlay_strength=\u00bb0.3&#8243; width=\u00bb1\/1&#8243; tablet_width_inherit=\u00bbdefault\u00bb animation_type=\u00bbdefault\u00bb bg_image_animation=\u00bbnone\u00bb border_type=\u00bbsimple\u00bb column_border_width=\u00bbnone\u00bb column_border_style=\u00bbsolid\u00bb][page_submenu alignment=\u00bbright\u00bb sticky=\u00bbtrue\u00bb bg_color=\u00bb#000000&#8243; link_color=\u00bb#ffffff\u00bb][page_link title=\u00bbOportunidades \/llamadas\u00bb id=\u00bb1741955779007-8&#8243; tab_id=\u00bb1741955779008-8&#8243; link_url=\u00bbhttps:\/\/eunice-university.eu\/opportunities-administrative-technical-staff\/\u00bb][\/page_link][page_link link_new_tab=\u00bbtrue\u00bb title=\u00bbCursos en l\u00ednea\u00bb id=\u00bb1741955779020-2&#8243; tab_id=\u00bb1741955779020-10&#8243; link_url=\u00bbhttps:\/\/eunice-university.eu\/courses\/\u00bb][\/page_link][page_link link_url=\u00bbhttps:\/\/moodle.eunice-university.eu\/login\/index.php\u00bb title=\u00bbMoodle\u00bb id=\u00bb1741955779027-4&#8243; tab_id=\u00bb1741955779027-3&#8243;] [\/page_link][page_link link_new_tab=\u00bbtrue\u00bb title=\u00bbInclusi\u00f3n\u00bb id=\u00bb1741955779034-9&#8243; tab_id=\u00bb1741955779035-6&#8243; link_url=\u00bbhttps:\/\/eunice-university.eu\/inclusion\/\u00bb][\/page_link][page_link link_new_tab=\u00bbtrue\u00bb title=\u00bbNoticias\u00bb id=\u00bb1741955790958-5&#8243; tab_id=\u00bb1741955790959-4&#8243; link_url=\u00bbhttps:\/\/eunice-university.eu\/news\/\u00bb][\/page_link][\/page_submenu][\/vc_column][\/vc_row][vc_row type=\u00bbin_container\u00bb full_screen_row_position=\u00bbmiddle\u00bb column_margin=\u00bbdefault\u00bb column_direction=\u00bbdefault\u00bb column_direction_tablet=\u00bbdefault\u00bb column_direction_phone=\u00bbdefault\u00bb scene_position=\u00bbcenter\u00bb top_padding=\u00bb5%\u00bb bottom_padding=\u00bb5%\u00bb text_color=\u00bbdark\u00bb text_align=\u00bbcenter\u00bb row_border_radius=\u00bbnone\u00bb row_border_radius_applies=\u00bbbg\u00bb overflow=\u00bbvisible\u00bb overlay_strength=\u00bb0.3&#8243; gradient_direction=\u00bbleft_to_right\u00bb shape_divider_position=\u00bbbottom\u00bb bg_image_animation=\u00bbnone\u00bb gradient_type=\u00bbdefault\u00bb shape_type=\u00bb\u00bb][vc_column column_padding=\u00bbno-extra-padding\u00bb column_padding_tablet=\u00bbinherit\u00bb column_padding_phone=\u00bbinherit\u00bb column_padding_position=\u00bball\u00bb column_element_direction_desktop=\u00bbdefault\u00bb column_element_spacing=\u00bbdefault\u00bb desktop_text_alignment=\u00bbdefault\u00bb tablet_text_alignment=\u00bbdefault\u00bb phone_text_alignment=\u00bbdefault\u00bb background_color_opacity=\u00bb1&#8243; background_hover_color_opacity=\u00bb1&#8243; column_backdrop_filter=\u00bbnone\u00bb column_shadow=\u00bbnone\u00bb column_border_radius=\u00bbnone\u00bb column_link_target=\u00bb_self\u00bb column_position=\u00bbdefault\u00bb gradient_direction=\u00bbleft_to_right\u00bb overlay_strength=\u00bb0.3&#8243; width=\u00bb1\/1&#8243; tablet_width_inherit=\u00bbdefault\u00bb animation_type=\u00bbdefault\u00bb bg_image_animation=\u00bbnone\u00bb border_type=\u00bbsimple\u00bb column_border_width=\u00bbnone\u00bb column_border_style=\u00bbsolid\u00bb][split_line_heading animation_type=\u00bbdefault\u00bb text_direction=\u00bbdefault\u00bb]\n<h3 style=\"text-align: right\"><strong>Del conocimiento al impacto:<\/strong><\/h3>\n<h3 style=\"text-align: right\"><strong>Redes de aumento del conocimiento para<\/strong><\/h3>\n<h3 style=\"text-align: right\"><strong>profesionales universitarios<\/strong><\/h3>\n[\/split_line_heading][vc_column_text css=\u00bb.vc_custom_1741955426953{margin-right: 5% !important;margin-bottom: 2% !important;margin-left: 5% !important;}\u00bb text_direction=\u00bbdefault\u00bb]\n<p style=\"text-align: left\">En el panorama acad\u00e9mico actual, en r\u00e1pida evoluci\u00f3n, el personal t\u00e9cnico y administrativo est\u00e1 en el centro de la <strong>colaboraci\u00f3n interna y externa , la eficacia institucional y la innovaci\u00f3n<\/strong>. Sin embargo, muchos profesionales que trabajan se encuentran afrontando los retos de forma aislada. Aunque a veces la experiencia existe dentro de nuestras instituciones, <strong>encontrar a los compa\u00f1eros adecuados<\/strong> para intercambiar conocimientos y mejores pr\u00e1cticas puede resultar dif\u00edcil.  <\/p>\n<p style=\"text-align: left\">Las Comunidades de Pr\u00e1ctica (CoP) de EUNICE ofrecen una soluci\u00f3n din\u00e1mica: <strong>redes<\/strong> estructuradas pero flexibles en las que los profesionales se conectan, comparten ideas y abordan en colaboraci\u00f3n los nuevos retos. Al fomentar el compromiso m\u00e1s all\u00e1 de los silos institucionales, las CoP de EUNICE permiten al personal mejorar su crecimiento profesional, reforzar las estrategias institucionales y contribuir al ecosistema acad\u00e9mico m\u00e1s amplio. Nuestra alianza de diez universidades se compromete a apoyar estos espacios, garantizando que <strong>el aprendizaje y la resoluci\u00f3n de problemas se produzcan de forma colectiva y no aislada<\/strong>.  <\/p>\n[\/vc_column_text][\/vc_column][\/vc_row][vc_row type=\u00bbin_container\u00bb full_screen_row_position=\u00bbmiddle\u00bb column_margin=\u00bbdefault\u00bb column_direction=\u00bbdefault\u00bb column_direction_tablet=\u00bbdefault\u00bb column_direction_phone=\u00bbdefault\u00bb scene_position=\u00bbcenter\u00bb left_padding_desktop=\u00bb15%\u00bb right_padding_desktop=\u00bb15%\u00bb text_color=\u00bbdark\u00bb text_align=\u00bbleft\u00bb row_border_radius=\u00bbnone\u00bb row_border_radius_applies=\u00bbbg\u00bb overflow=\u00bbvisible\u00bb overlay_strength=\u00bb0.3&#8243; gradient_direction=\u00bbleft_to_right\u00bb shape_divider_position=\u00bbbottom\u00bb bg_image_animation=\u00bbnone\u00bb gradient_type=\u00bbdefault\u00bb shape_type=\u00bb\u00bb][vc_column column_padding=\u00bbno-extra-padding\u00bb column_padding_tablet=\u00bbinherit\u00bb column_padding_phone=\u00bbinherit\u00bb column_padding_position=\u00bball\u00bb column_element_direction_desktop=\u00bbdefault\u00bb column_element_spacing=\u00bbdefault\u00bb desktop_text_alignment=\u00bbdefault\u00bb tablet_text_alignment=\u00bbdefault\u00bb phone_text_alignment=\u00bbdefault\u00bb background_color_opacity=\u00bb1&#8243; background_hover_color_opacity=\u00bb1&#8243; column_backdrop_filter=\u00bbnone\u00bb column_shadow=\u00bbnone\u00bb column_border_radius=\u00bbnone\u00bb column_link_target=\u00bb_self\u00bb column_position=\u00bbdefault\u00bb gradient_direction=\u00bbleft_to_right\u00bb overlay_strength=\u00bb0.3&#8243; width=\u00bb1\/1&#8243; tablet_width_inherit=\u00bbdefault\u00bb animation_type=\u00bbdefault\u00bb bg_image_animation=\u00bbnone\u00bb border_type=\u00bbsimple\u00bb column_border_width=\u00bbnone\u00bb column_border_style=\u00bbsolid\u00bb][toggles style=\u00bbminimal_shadow\u00bb border_radius=\u00bbnone\u00bb][toggle color=\u00bbDefault\u00bb heading_tag=\u00bbh3&#8243; heading_tag_functionality=\u00bbdefault\u00bb title=\u00bb\u00bfCu\u00e1l es el objetivo de una comunidad de pr\u00e1cticas?\u00bb][vc_column_text css=\u00bb\u00bb text_direction=\u00bbdefault\u00bb]\n<p style=\"padding-left: 40px\">Una comunidad de pr\u00e1ctica es \u00abun grupo de personas que comparten un inter\u00e9s o pasi\u00f3n por una pr\u00e1ctica com\u00fan y que aprenden a hacerla mejor interactuando (comunidad) de forma regular\u00bb. Anne Lessard (2013), <em>Communaut\u00e9 de pratique<\/em>, Dictionnaire des concepts de la professionnalisation, pp. 57-6. <\/p>\n<p>EUNICE pretende reunir al personal administrativo y t\u00e9cnico de las diez universidades de la Alianza que realizan actividades profesionales similares para que interact\u00faen y aprendan unos de otros.<\/p>\n<p>Los grupos de la comunidad de pr\u00e1ctica te dar\u00e1n la oportunidad de hablar con tus compa\u00f1eros de otras universidades, de <strong>compartir buenas pr\u00e1cticas<\/strong>, de <strong>aprender<\/strong> unos de otros, de <strong>hablar una lengua extranjera<\/strong> y de <strong>reunirte<\/strong> virtual e incluso f\u00edsicamente.[\/vc_column_text][\/toggle][toggle color=\u00bbDefault\u00bb heading_tag=\u00bbdefault\u00bb heading_tag_functionality=\u00bbdefault\u00bb title=\u00bbDescubre las Comunidades de Pr\u00e1ctica de EUNICE\u00bb][vc_column_text css=\u00bb\u00bb text_direction=\u00bbdefault\u00bb]Actualmente, las siguientes comunidades de pr\u00e1ctica est\u00e1n activas en la Universidad Europea EUNICE:<\/p>\n<ul>\n<li>Archivos<\/li>\n<li>Formaci\u00f3n documental<\/li>\n<li>EURAXESS\/Acogida de investigadores y doctorados internacionales<\/li>\n<li>Erasmus sin papeles<\/li>\n<li>Salud y seguridad en el laboratorio<\/li>\n<li>Directores de Biblioteca<\/li>\n<li>Innovaci\u00f3n pedag\u00f3gica<\/li>\n<li>Servicio de Apoyo a la Investigaci\u00f3n<\/li>\n<li>Cuestiones jur\u00eddicas relacionadas con la investigaci\u00f3n<\/li>\n<\/ul>\n[\/vc_column_text][\/toggle][toggle color=\u00bbAccent-Color\u00bb heading_tag=\u00bbh3&#8243; heading_tag_functionality=\u00bbdefault\u00bb title=\u00bb\u00bfPuedo crear un nuevo grupo?\u00bb][vc_column_text css=\u00bb\u00bb text_direction=\u00bbdefault\u00bb]S\u00ed!<\/p>\n<p>Si no existe una comunidad relacionada con el trabajo, ponte en contacto con nosotros en la siguiente direcci\u00f3n de correo electr\u00f3nico para que te ayudemos a crearla y ponerla en marcha: <a href=\"mailto:cop@eunice-university.eu\">cop@eunice-university.eu<\/a>[\/vc_column_text][\/toggle][toggle color=\u00bbDefault\u00bb heading_tag=\u00bbdefault\u00bb heading_tag_functionality=\u00bbdefault\u00bb title=\u00bbAplicaci\u00f3n EUNIConnect\u00bb][vc_column_text css=\u00bb\u00bb text_direction=\u00bbdefault\u00bb]\u00a1Pronto![\/vc_column_text][\/toggle][\/toggles][\/vc_column][\/vc_row][vc_row type=\u00bbin_container\u00bb full_screen_row_position=\u00bbmiddle\u00bb column_margin=\u00bbdefault\u00bb column_direction=\u00bbdefault\u00bb column_direction_tablet=\u00bbdefault\u00bb column_direction_phone=\u00bbdefault\u00bb scene_position=\u00bbcenter\u00bb top_padding=\u00bb3%\u00bb bottom_padding=\u00bb3%\u00bb text_color=\u00bbdark\u00bb text_align=\u00bbleft\u00bb row_border_radius=\u00bbnone\u00bb row_border_radius_applies=\u00bbbg\u00bb overflow=\u00bbvisible\u00bb overlay_strength=\u00bb0.3&#8243; gradient_direction=\u00bbleft_to_right\u00bb shape_divider_position=\u00bbbottom\u00bb bg_image_animation=\u00bbnone\u00bb gradient_type=\u00bbdefault\u00bb shape_type=\u00bb\u00bb][vc_column column_padding=\u00bbno-extra-padding\u00bb column_padding_tablet=\u00bbinherit\u00bb column_padding_phone=\u00bbinherit\u00bb column_padding_position=\u00bball\u00bb column_element_direction_desktop=\u00bbdefault\u00bb column_element_spacing=\u00bbdefault\u00bb desktop_text_alignment=\u00bbdefault\u00bb tablet_text_alignment=\u00bbdefault\u00bb phone_text_alignment=\u00bbdefault\u00bb background_color_opacity=\u00bb1&#8243; background_hover_color_opacity=\u00bb1&#8243; column_backdrop_filter=\u00bbnone\u00bb column_shadow=\u00bbnone\u00bb column_border_radius=\u00bbnone\u00bb column_link_target=\u00bb_self\u00bb column_position=\u00bbdefault\u00bb gradient_direction=\u00bbleft_to_right\u00bb overlay_strength=\u00bb0.3&#8243; width=\u00bb1\/1&#8243; tablet_width_inherit=\u00bbdefault\u00bb animation_type=\u00bbdefault\u00bb bg_image_animation=\u00bbnone\u00bb border_type=\u00bbsimple\u00bb column_border_width=\u00bbnone\u00bb column_border_style=\u00bbsolid\u00bb][vc_column_text css=\u00bb\u00bb text_direction=\u00bbdefault\u00bb]La Universidad Europea EUNICE propone una amplia gama de iniciativas para ofrecer a sus miembros la oportunidad de mejorar sus competencias clave y compartir buenas pr\u00e1cticas. Se invita al personal administrativo y de servicios de apoyo a formar parte de estas iniciativas para ampliar la cultura de colaboraci\u00f3n en toda la alianza EUNICE. <\/p>\n<p><strong>Averigua aqu\u00ed si tu instituci\u00f3n forma parte de las <span style=\"color: #3366ff\"><a style=\"color: #3366ff\" href=\"https:\/\/eunice-university.eu\/es\/inicio\/nuestro-campus\/\">diez universidades asociadas<\/a><\/span><\/strong>.<\/p>\n<p>Para cualquier consulta, env\u00eda un correo electr\u00f3nico a <strong><span style=\"color: #3366ff\"><a style=\"color: #3366ff\" href=\"mailto:cop@eunice-university.ey\">cop@eunice-university.eu<\/a><\/span><\/strong>[\/vc_column_text][\/vc_column][\/vc_row][vc_row type=\u00bbfull_width_background\u00bb full_screen_row_position=\u00bbmiddle\u00bb column_margin=\u00bbdefault\u00bb column_direction=\u00bbdefault\u00bb column_direction_tablet=\u00bbdefault\u00bb column_direction_phone=\u00bbdefault\u00bb bg_color=\u00bbrgba(232,232,232,0.5)\u00bb scene_position=\u00bbcenter\u00bb top_padding=\u00bb5%\u00bb bottom_padding=\u00bb5%\u00bb text_color=\u00bbdark\u00bb text_align=\u00bbleft\u00bb row_border_radius=\u00bbnone\u00bb row_border_radius_applies=\u00bbbg\u00bb overflow=\u00bbvisible\u00bb overlay_strength=\u00bb0.3&#8243; gradient_direction=\u00bbleft_to_right\u00bb shape_divider_position=\u00bbbottom\u00bb bg_image_animation=\u00bbnone\u00bb gradient_type=\u00bbdefault\u00bb shape_type=\u00bb\u00bb][vc_column column_padding=\u00bbno-extra-padding\u00bb column_padding_tablet=\u00bbinherit\u00bb column_padding_phone=\u00bbinherit\u00bb column_padding_position=\u00bball\u00bb column_element_direction_desktop=\u00bbdefault\u00bb column_element_spacing=\u00bbdefault\u00bb desktop_text_alignment=\u00bbdefault\u00bb tablet_text_alignment=\u00bbdefault\u00bb phone_text_alignment=\u00bbdefault\u00bb background_color_opacity=\u00bb1&#8243; background_hover_color_opacity=\u00bb1&#8243; column_backdrop_filter=\u00bbnone\u00bb column_shadow=\u00bbnone\u00bb column_border_radius=\u00bbnone\u00bb column_link_target=\u00bb_self\u00bb column_position=\u00bbdefault\u00bb gradient_direction=\u00bbleft_to_right\u00bb overlay_strength=\u00bb0.3&#8243; width=\u00bb1\/1&#8243; tablet_width_inherit=\u00bbdefault\u00bb animation_type=\u00bbdefault\u00bb bg_image_animation=\u00bbnone\u00bb border_type=\u00bbsimple\u00bb column_border_width=\u00bbnone\u00bb column_border_style=\u00bbsolid\u00bb][vc_column_text css=\u00bb\u00bb text_direction=\u00bbdefault\u00bb]\n<h2><a href=\"https:\/\/eunice-university.eu\/staff\/opportunities-administrative-technical-staff\/\">Oportunidades<\/a><\/h2>\n<p>Encuentra aqu\u00ed convocatorias y puestos de trabajo disponibles en las universidades de EUNICE[\/vc_column_text][recent_posts style=\u00bbclassic_enhanced\u00bb color_scheme=\u00bblight\u00bb columns=\u00bb3&#8243; category=\u00bbstaff-opportunities\u00bb order=\u00bbDESC\u00bb orderby=\u00bbdate\u00bb blog_remove_post_author=\u00bbtrue\u00bb blog_remove_post_comment_number=\u00bbtrue\u00bb blog_remove_post_nectar_love=\u00bbtrue\u00bb posts_per_page=\u00bb3&#8243;][nectar_highlighted_text color_type=\u00bbregular\u00bb style=\u00bbfull_text\u00bb highlight_expansion=\u00bbdefault\u00bb text_direction=\u00bbdefault\u00bb]\n<h2>Descubre m\u00e1s<\/h2>\n[\/nectar_highlighted_text][divider line_type=\u00bbNo Line\u00bb][nectar_cta btn_style=\u00bbmaterial\u00bb heading_tag=\u00bbh4&#8243; text_color=\u00bb#a80039&#8243; link_type=\u00bbnew_tab\u00bb alignment=\u00bbleft\u00bb alignment_tablet=\u00bbdefault\u00bb alignment_phone=\u00bbdefault\u00bb display=\u00bbblock\u00bb display_tablet=\u00bbinherit\u00bb display_phone=\u00bbinherit\u00bb link_text=\u00bbMovilidad internacional\u00bb url=\u00bbhttps:\/\/eunice-university.eu\/erasmus-student-physical-mobility\/\u00bb][nectar_cta btn_style=\u00bbmaterial\u00bb heading_tag=\u00bbh4&#8243; text_color=\u00bb#a5c300&#8243; link_type=\u00bbnew_tab\u00bb alignment=\u00bbleft\u00bb alignment_tablet=\u00bbdefault\u00bb alignment_phone=\u00bbdefault\u00bb display=\u00bbblock\u00bb display_tablet=\u00bbinherit\u00bb display_phone=\u00bbinherit\u00bb link_text=\u00bbEventos\u00bb url=\u00bbhttps:\/\/eunice-university.eu\/events\/\u00bb][nectar_cta btn_style=\u00bbmaterial\u00bb heading_tag=\u00bbh4&#8243; text_color=\u00bb#555854&#8243; link_type=\u00bbnew_tab\u00bb alignment=\u00bbleft\u00bb alignment_tablet=\u00bbdefault\u00bb alignment_phone=\u00bbdefault\u00bb display=\u00bbblock\u00bb display_tablet=\u00bbinherit\u00bb display_phone=\u00bbinherit\u00bb link_text=\u00bbSuscr\u00edbete al bolet\u00edn de EUNICE\u00bb url=\u00bbhttps:\/\/eunice-university.eu\/subscribe-to-our-newsletter\/\u00bb][\/vc_column][\/vc_row][vc_row type=\u00bbfull_width_background\u00bb full_screen_row_position=\u00bbmiddle\u00bb column_margin=\u00bbdefault\u00bb column_direction=\u00bbdefault\u00bb column_direction_tablet=\u00bbdefault\u00bb column_direction_phone=\u00bbdefault\u00bb scene_position=\u00bbcenter\u00bb top_padding=\u00bb3%\u00bb bottom_padding=\u00bb3%\u00bb left_padding_desktop=\u00bb5&#8243; right_padding_desktop=\u00bb5&#8243; text_color=\u00bbdark\u00bb text_align=\u00bbleft\u00bb row_border_radius=\u00bbnone\u00bb row_border_radius_applies=\u00bbbg\u00bb overflow=\u00bbvisible\u00bb advanced_gradient_angle=\u00bb0&#8243; overlay_strength=\u00bb0.3&#8243; gradient_direction=\u00bbleft_to_right\u00bb shape_divider_position=\u00bbbottom\u00bb bg_image_animation=\u00bbnone\u00bb shape_type=\u00bb\u00bb gradient_type=\u00bbdefault\u00bb][vc_column column_padding=\u00bbno-extra-padding\u00bb column_padding_tablet=\u00bbinherit\u00bb column_padding_phone=\u00bbinherit\u00bb column_padding_position=\u00bball\u00bb column_element_direction_desktop=\u00bbdefault\u00bb column_element_spacing=\u00bbdefault\u00bb desktop_text_alignment=\u00bbdefault\u00bb tablet_text_alignment=\u00bbdefault\u00bb phone_text_alignment=\u00bbdefault\u00bb background_color_opacity=\u00bb1&#8243; background_hover_color_opacity=\u00bb1&#8243; column_backdrop_filter=\u00bbnone\u00bb column_shadow=\u00bbnone\u00bb column_border_radius=\u00bbnone\u00bb column_link_target=\u00bb_self\u00bb column_position=\u00bbdefault\u00bb gradient_direction=\u00bbleft_to_right\u00bb overlay_strength=\u00bb0.3&#8243; width=\u00bb1\/1&#8243; tablet_width_inherit=\u00bbdefault\u00bb animation_type=\u00bbdefault\u00bb bg_image_animation=\u00bbnone\u00bb border_type=\u00bbsimple\u00bb column_border_width=\u00bbnone\u00bb column_border_style=\u00bbsolid\u00bb][nectar_highlighted_text color_type=\u00bbregular\u00bb style=\u00bbfull_text\u00bb highlight_expansion=\u00bbdefault\u00bb text_direction=\u00bbdefault\u00bb]\n<h2><a href=\"https:\/\/eunice-university.eu\/news\/\">Noticias<\/a><\/h2>\n[\/nectar_highlighted_text][vc_column_text text_direction=\u00bbdefault\u00bb]Mantente informado consultando regularmente las <strong><a style=\"color: #3366ff\" href=\"https:\/\/eunice-university.eu\/news\/\" target=\"_blank\" rel=\"noopener\">Noticias<\/a><\/strong>, <a style=\"color: #3366ff\" href=\"https:\/\/eunice-university.eu\/events-2023\/\" target=\"_blank\" rel=\"noopener\"><strong>Eventos<\/strong><\/a> u <a style=\"color: #3366ff\" href=\"https:\/\/eunice-university.eu\/opportunities\/\" target=\"_blank\" rel=\"noopener\"><strong>Oportunidades EUNICE <\/strong><\/a>[\/vc_column_text][divider line_type=\u00bbNo Line\u00bb][recent_posts style=\u00bbclassic_enhanced\u00bb color_scheme=\u00bblight\u00bb columns=\u00bb3&#8243; category=\u00bbnews\u00bb order=\u00bbDESC\u00bb orderby=\u00bbdate\u00bb blog_remove_post_date=\u00bbtrue\u00bb blog_remove_post_author=\u00bbtrue\u00bb blog_remove_post_comment_number=\u00bbtrue\u00bb blog_remove_post_nectar_love=\u00bbtrue\u00bb posts_per_page=\u00bb3&#8243;][\/vc_column][\/vc_row]\n","protected":false},"excerpt":{"rendered":"<p>[vc_row type=\u00bbfull_width_background\u00bb full_screen_row_position=\u00bbmiddle\u00bb column_margin=\u00bbdefault\u00bb column_direction=\u00bbdefault\u00bb column_direction_tablet=\u00bbdefault\u00bb column_direction_phone=\u00bbdefault\u00bb bg_image=\u00bb19174&#8243; bg_position=\u00bbleft center\u00bb background_image_loading=\u00bbdefault\u00bb bg_repeat=\u00bbno-repeat\u00bb scene_position=\u00bbcenter\u00bb top_padding=\u00bb9%\u00bb bottom_padding=\u00bb4%\u00bb text_color=\u00bbdark\u00bb text_align=\u00bbleft\u00bb row_border_radius=\u00bbnone\u00bb row_border_radius_applies=\u00bbbg\u00bb overflow=\u00bbvisible\u00bb enable_gradient=\u00bbtrue\u00bb color_overlay=\u00bb#ffffff\u00bb color_overlay_2=\u00bb#ffffff\u00bb overlay_strength=\u00bb0.3&#8243; gradient_direction=\u00bbleft_to_right\u00bb&#8230;<\/p>\n","protected":false},"author":14,"featured_media":0,"parent":55876,"menu_order":0,"comment_status":"closed","ping_status":"closed","template":"","meta":{"_acf_changed":false,"_uag_custom_page_level_css":"","footnotes":""},"class_list":["post-55883","page","type-page","status-publish"],"acf":[],"uagb_featured_image_src":{"full":false,"thumbnail":false,"medium":false,"medium_large":false,"large":false,"1536x1536":false,"2048x2048":false,"portfolio-thumb":false,"nectar_small_square":false,"portfolio-thumb_large":false,"portfolio-thumb_small":false,"portfolio-widget":false,"wide":false,"wide_photography":false,"wide_small":false,"regular":false,"regular_small":false,"tall":false,"wide_tall":false,"large_featured":false,"medium_featured":false},"uagb_author_info":{"display_name":"Ceballos Boyden, Lydia Ana","author_link":"https:\/\/eunice-university.eu\/es\/author\/8pyz8kqe93udy3fy\/"},"uagb_comment_info":0,"uagb_excerpt":"[vc_row type=\u00bbfull_width_background\u00bb full_screen_row_position=\u00bbmiddle\u00bb column_margin=\u00bbdefault\u00bb column_direction=\u00bbdefault\u00bb column_direction_tablet=\u00bbdefault\u00bb column_direction_phone=\u00bbdefault\u00bb bg_image=\u00bb19174&#8243; bg_position=\u00bbleft center\u00bb background_image_loading=\u00bbdefault\u00bb bg_repeat=\u00bbno-repeat\u00bb scene_position=\u00bbcenter\u00bb top_padding=\u00bb9%\u00bb bottom_padding=\u00bb4%\u00bb text_color=\u00bbdark\u00bb text_align=\u00bbleft\u00bb row_border_radius=\u00bbnone\u00bb row_border_radius_applies=\u00bbbg\u00bb overflow=\u00bbvisible\u00bb enable_gradient=\u00bbtrue\u00bb color_overlay=\u00bb#ffffff\u00bb color_overlay_2=\u00bb#ffffff\u00bb overlay_strength=\u00bb0.3&#8243; gradient_direction=\u00bbleft_to_right\u00bb...","_links":{"self":[{"href":"https:\/\/eunice-university.eu\/es\/wp-json\/wp\/v2\/pages\/55883","targetHints":{"allow":["GET"]}}],"collection":[{"href":"https:\/\/eunice-university.eu\/es\/wp-json\/wp\/v2\/pages"}],"about":[{"href":"https:\/\/eunice-university.eu\/es\/wp-json\/wp\/v2\/types\/page"}],"author":[{"embeddable":true,"href":"https:\/\/eunice-university.eu\/es\/wp-json\/wp\/v2\/users\/14"}],"replies":[{"embeddable":true,"href":"https:\/\/eunice-university.eu\/es\/wp-json\/wp\/v2\/comments?post=55883"}],"version-history":[{"count":4,"href":"https:\/\/eunice-university.eu\/es\/wp-json\/wp\/v2\/pages\/55883\/revisions"}],"predecessor-version":[{"id":55888,"href":"https:\/\/eunice-university.eu\/es\/wp-json\/wp\/v2\/pages\/55883\/revisions\/55888"}],"up":[{"embeddable":true,"href":"https:\/\/eunice-university.eu\/es\/wp-json\/wp\/v2\/pages\/55876"}],"wp:attachment":[{"href":"https:\/\/eunice-university.eu\/es\/wp-json\/wp\/v2\/media?parent=55883"}],"curies":[{"name":"wp","href":"https:\/\/api.w.org\/{rel}","templated":true}]}}