{"id":53563,"date":"2021-12-22T12:41:55","date_gmt":"2021-12-22T11:41:55","guid":{"rendered":"https:\/\/eunice-university.eu\/cours\/"},"modified":"2025-10-09T13:55:43","modified_gmt":"2025-10-09T11:55:43","slug":"cours","status":"publish","type":"page","link":"https:\/\/eunice-university.eu\/fr\/cours\/","title":{"rendered":"Cours"},"content":{"rendered":"[vc_row type=\u00a0\u00bbfull_width_background\u00a0\u00bb full_screen_row_position=\u00a0\u00bbmiddle\u00a0\u00bb column_margin=\u00a0\u00bbdefault\u00a0\u00bb column_direction=\u00a0\u00bbdefault\u00a0\u00bb column_direction_tablet=\u00a0\u00bbdefault\u00a0\u00bb column_direction_phone=\u00a0\u00bbdefault\u00a0\u00bb bg_image=\u00a0\u00bb16935&Prime; bg_position=\u00a0\u00bbcenter center\u00a0\u00bb background_image_loading=\u00a0\u00bbdefault\u00a0\u00bb bg_repeat=\u00a0\u00bbno-repeat\u00a0\u00bb scene_position=\u00a0\u00bbcenter\u00a0\u00bb top_padding=\u00a0\u00bb9%\u00a0\u00bb bottom_padding=\u00a0\u00bb4%\u00a0\u00bb text_color=\u00a0\u00bbdark\u00a0\u00bb text_align=\u00a0\u00bbleft\u00a0\u00bb row_border_radius=\u00a0\u00bbnone\u00a0\u00bb row_border_radius_applies=\u00a0\u00bbbg\u00a0\u00bb overflow=\u00a0\u00bbvisible\u00a0\u00bb color_overlay=\u00a0\u00bb#ffffff\u00a0\u00bb color_overlay_2=\u00a0\u00bb#ffffff\u00a0\u00bb overlay_strength=\u00a0\u00bb0.3&Prime; gradient_direction=\u00a0\u00bbleft_to_right\u00a0\u00bb shape_divider_position=\u00a0\u00bbbottom\u00a0\u00bb bg_image_animation=\u00a0\u00bbnone\u00a0\u00bb gradient_type=\u00a0\u00bbdefault\u00a0\u00bb shape_type=\u00a0\u00bb\u00a0\u00bb][vc_column column_padding=\u00a0\u00bbno-extra-padding\u00a0\u00bb column_padding_tablet=\u00a0\u00bbinherit\u00a0\u00bb column_padding_phone=\u00a0\u00bbinherit\u00a0\u00bb column_padding_position=\u00a0\u00bball\u00a0\u00bb column_element_direction_desktop=\u00a0\u00bbdefault\u00a0\u00bb column_element_spacing=\u00a0\u00bbdefault\u00a0\u00bb desktop_text_alignment=\u00a0\u00bbdefault\u00a0\u00bb tablet_text_alignment=\u00a0\u00bbdefault\u00a0\u00bb phone_text_alignment=\u00a0\u00bbdefault\u00a0\u00bb background_color_opacity=\u00a0\u00bb1&Prime; background_hover_color_opacity=\u00a0\u00bb1&Prime; column_backdrop_filter=\u00a0\u00bbnone\u00a0\u00bb column_shadow=\u00a0\u00bbnone\u00a0\u00bb column_border_radius=\u00a0\u00bbnone\u00a0\u00bb column_link_target=\u00a0\u00bb_self\u00a0\u00bb column_position=\u00a0\u00bbdefault\u00a0\u00bb gradient_direction=\u00a0\u00bbleft_to_right\u00a0\u00bb overlay_strength=\u00a0\u00bb0.3&Prime; width=\u00a0\u00bb1\/1&Prime; tablet_width_inherit=\u00a0\u00bbdefault\u00a0\u00bb animation_type=\u00a0\u00bbdefault\u00a0\u00bb bg_image_animation=\u00a0\u00bbnone\u00a0\u00bb border_type=\u00a0\u00bbsimple\u00a0\u00bb column_border_width=\u00a0\u00bbnone\u00a0\u00bb column_border_style=\u00a0\u00bbsolid\u00a0\u00bb][vc_column_text text_direction=\u00a0\u00bbdefault\u00a0\u00bb]\n<h1>CATALOGUE DE COURS<\/h1>\n[\/vc_column_text][nectar_highlighted_text color_type=\u00a0\u00bbregular\u00a0\u00bb style=\u00a0\u00bbfull_text\u00a0\u00bb highlight_expansion=\u00a0\u00bbdefault\u00a0\u00bb custom_font_size=\u00a0\u00bb2vw\u00a0\u00bb text_direction=\u00a0\u00bbdefault\u00a0\u00bb]\n<h3 style=\"text-align: right\">Personnalisez votre avenir<\/h3>\n[\/nectar_highlighted_text][divider line_type=\u00a0\u00bbNo Line\u00a0\u00bb][\/vc_column][\/vc_row][vc_row type=\u00a0\u00bbfull_width_background\u00a0\u00bb full_screen_row_position=\u00a0\u00bbmiddle\u00a0\u00bb column_margin=\u00a0\u00bbdefault\u00a0\u00bb column_direction=\u00a0\u00bbdefault\u00a0\u00bb column_direction_tablet=\u00a0\u00bbdefault\u00a0\u00bb column_direction_phone=\u00a0\u00bbdefault\u00a0\u00bb scene_position=\u00a0\u00bbcenter\u00a0\u00bb text_color=\u00a0\u00bbdark\u00a0\u00bb text_align=\u00a0\u00bbleft\u00a0\u00bb row_border_radius=\u00a0\u00bbnone\u00a0\u00bb row_border_radius_applies=\u00a0\u00bbbg\u00a0\u00bb overflow=\u00a0\u00bbvisible\u00a0\u00bb overlay_strength=\u00a0\u00bb0.3&Prime; gradient_direction=\u00a0\u00bbleft_to_right\u00a0\u00bb shape_divider_position=\u00a0\u00bbbottom\u00a0\u00bb bg_image_animation=\u00a0\u00bbnone\u00a0\u00bb gradient_type=\u00a0\u00bbdefault\u00a0\u00bb shape_type=\u00a0\u00bb\u00a0\u00bb][vc_column column_padding=\u00a0\u00bbno-extra-padding\u00a0\u00bb column_padding_tablet=\u00a0\u00bbinherit\u00a0\u00bb column_padding_phone=\u00a0\u00bbinherit\u00a0\u00bb column_padding_position=\u00a0\u00bball\u00a0\u00bb column_element_direction_desktop=\u00a0\u00bbdefault\u00a0\u00bb column_element_spacing=\u00a0\u00bbdefault\u00a0\u00bb desktop_text_alignment=\u00a0\u00bbdefault\u00a0\u00bb tablet_text_alignment=\u00a0\u00bbdefault\u00a0\u00bb phone_text_alignment=\u00a0\u00bbdefault\u00a0\u00bb background_color_opacity=\u00a0\u00bb1&Prime; background_hover_color_opacity=\u00a0\u00bb1&Prime; column_backdrop_filter=\u00a0\u00bbnone\u00a0\u00bb column_shadow=\u00a0\u00bbnone\u00a0\u00bb column_border_radius=\u00a0\u00bbnone\u00a0\u00bb column_link_target=\u00a0\u00bb_self\u00a0\u00bb column_position=\u00a0\u00bbdefault\u00a0\u00bb gradient_direction=\u00a0\u00bbleft_to_right\u00a0\u00bb overlay_strength=\u00a0\u00bb0.3&Prime; width=\u00a0\u00bb1\/1&Prime; tablet_width_inherit=\u00a0\u00bbdefault\u00a0\u00bb animation_type=\u00a0\u00bbdefault\u00a0\u00bb bg_image_animation=\u00a0\u00bbnone\u00a0\u00bb border_type=\u00a0\u00bbsimple\u00a0\u00bb column_border_width=\u00a0\u00bbnone\u00a0\u00bb column_border_style=\u00a0\u00bbsolid\u00a0\u00bb][page_submenu alignment=\u00a0\u00bbright\u00a0\u00bb sticky=\u00a0\u00bbtrue\u00a0\u00bb bg_color=\u00a0\u00bb#000000&Prime; link_color=\u00a0\u00bb#ffffff\u00a0\u00bb][page_link link_new_tab=\u00a0\u00bbtrue\u00a0\u00bb link_url=\u00a0\u00bbhttps:\/\/eunice-university.eu\/courses\/courses-coordinators-contacts\/\u00a0\u00bb title=\u00a0\u00bbContactez votre coordinateur\u00b7rice local\u00b7e\u00a0\u00bb id=\u00a0\u00bb1759932337266-4&Prime; tab_id=\u00a0\u00bb1759932337267-4&Prime;] [\/page_link][page_link link_new_tab=\u00a0\u00bbtrue\u00a0\u00bb link_url=\u00a0\u00bbhttps:\/\/moodle.eunice-university.eu\/login\/index.php\u00a0\u00bb title=\u00a0\u00bbPlateforme Moodle\u00a0\u00bb id=\u00a0\u00bb1759932337285-10&Prime; tab_id=\u00a0\u00bb1759932337286-1&Prime;] [\/page_link][\/page_submenu][divider line_type=\u00a0\u00bbNo Line\u00a0\u00bb][\/vc_column][\/vc_row][vc_row type=\u00a0\u00bbin_container\u00a0\u00bb full_screen_row_position=\u00a0\u00bbmiddle\u00a0\u00bb column_margin=\u00a0\u00bbdefault\u00a0\u00bb column_direction=\u00a0\u00bbdefault\u00a0\u00bb column_direction_tablet=\u00a0\u00bbdefault\u00a0\u00bb column_direction_phone=\u00a0\u00bbdefault\u00a0\u00bb scene_position=\u00a0\u00bbcenter\u00a0\u00bb left_margin=\u00a0\u00bb10&Prime; text_color=\u00a0\u00bbdark\u00a0\u00bb text_align=\u00a0\u00bbleft\u00a0\u00bb row_border_radius=\u00a0\u00bbnone\u00a0\u00bb row_border_radius_applies=\u00a0\u00bbbg\u00a0\u00bb overflow=\u00a0\u00bbvisible\u00a0\u00bb overlay_strength=\u00a0\u00bb0.3&Prime; gradient_direction=\u00a0\u00bbleft_to_right\u00a0\u00bb shape_divider_position=\u00a0\u00bbbottom\u00a0\u00bb bg_image_animation=\u00a0\u00bbnone\u00a0\u00bb gradient_type=\u00a0\u00bbdefault\u00a0\u00bb shape_type=\u00a0\u00bb\u00a0\u00bb][vc_column column_padding=\u00a0\u00bbno-extra-padding\u00a0\u00bb column_padding_tablet=\u00a0\u00bbinherit\u00a0\u00bb column_padding_phone=\u00a0\u00bbinherit\u00a0\u00bb column_padding_position=\u00a0\u00bball\u00a0\u00bb column_element_direction_desktop=\u00a0\u00bbdefault\u00a0\u00bb column_element_spacing=\u00a0\u00bbdefault\u00a0\u00bb desktop_text_alignment=\u00a0\u00bbdefault\u00a0\u00bb tablet_text_alignment=\u00a0\u00bbdefault\u00a0\u00bb phone_text_alignment=\u00a0\u00bbdefault\u00a0\u00bb background_color_opacity=\u00a0\u00bb1&Prime; background_hover_color_opacity=\u00a0\u00bb1&Prime; column_backdrop_filter=\u00a0\u00bbnone\u00a0\u00bb column_shadow=\u00a0\u00bbnone\u00a0\u00bb column_border_radius=\u00a0\u00bbnone\u00a0\u00bb column_link_target=\u00a0\u00bb_self\u00a0\u00bb column_position=\u00a0\u00bbdefault\u00a0\u00bb gradient_direction=\u00a0\u00bbleft_to_right\u00a0\u00bb overlay_strength=\u00a0\u00bb0.3&Prime; width=\u00a0\u00bb1\/1&Prime; tablet_width_inherit=\u00a0\u00bbdefault\u00a0\u00bb animation_type=\u00a0\u00bbdefault\u00a0\u00bb bg_image_animation=\u00a0\u00bbnone\u00a0\u00bb border_type=\u00a0\u00bbsimple\u00a0\u00bb column_border_width=\u00a0\u00bbnone\u00a0\u00bb column_border_style=\u00a0\u00bbsolid\u00a0\u00bb column_padding_type=\u00a0\u00bbdefault\u00a0\u00bb gradient_type=\u00a0\u00bbdefault\u00a0\u00bb][divider line_type=\u00a0\u00bbNo Line\u00a0\u00bb][vc_column_text css=\u00a0\u00bb\u00a0\u00bb text_direction=\u00a0\u00bbdefault\u00a0\u00bb]Notre toute <strong>nouvelle offre de cours pluridisciplinaires <\/strong>permet aux \u00e9tudiant\u00b7e\u00b7s EUNICE de b\u00e9n\u00e9ficier de l&rsquo;expertise de 10 universit\u00e9s europ\u00e9ennes et de personnaliser leur parcours d&rsquo;apprentissage.<\/p>\n<ul>\n<li>Nous proposons \u00e9galement des <strong>cours de langues<\/strong> (les plus parl\u00e9es au sein de l&rsquo;alliance EUNICE) ;<\/li>\n<li>En plus de donner droit \u00e0 des <strong>cr\u00e9dits ECTS<\/strong>, les cours EUNICE permettent aux \u00e9tudiant\u00b7e\u00b7s de <strong>personnaliser gratuitement leurs \u00e9tudes<\/strong>.<\/li>\n<\/ul>\n[\/vc_column_text][toggles style=\u00a0\u00bbminimal_shadow\u00a0\u00bb border_radius=\u00a0\u00bb5px\u00a0\u00bb][toggle color=\u00a0\u00bbDefault\u00a0\u00bb heading_tag=\u00a0\u00bbdefault\u00a0\u00bb heading_tag_functionality=\u00a0\u00bbdefault\u00a0\u00bb title=\u00a0\u00bbFormats d&#039;apprentissage\u00a0\u00bb][vc_column_text css=\u00a0\u00bb\u00a0\u00bb text_direction=\u00a0\u00bbdefault\u00a0\u00bb]Les cours sont <strong>propos\u00e9s en anglais <\/strong>et parfois dans les<strong> langues nationales<\/strong> du consortium, ainsi que dans diff\u00e9rents <strong>formats d&rsquo;apprentissage <\/strong>:<\/p>\n<ul>\n<li><span style=\"color: #3366ff\"><br \/>\n  <a style=\"color: #3366ff\" href=\"https:\/\/eunice-university.eu\/fr\/cours\/moodle\/\" target=\"_blank\" rel=\"noopener\"><strong>En ligne<\/strong> (synchrone ou asynchrone) ; <\/a><br \/>\n<\/span><\/li>\n<li><strong>Sur place ou en hybride <\/strong>(cours intensifs hybrides). <a href=\"https:\/\/eunice-university.eu\/erasmus-student-physical-mobility\/\" target=\"_blank\" rel=\"noopener\"><br \/>\n  <span style=\"color: #3366ff\">Consultez les bourses de mobilit\u00e9 disponibles aupr\u00e8s de votre Service des Relations Internationales<\/span><br \/>\n<\/a>.<\/li>\n<\/ul>\n[\/vc_column_text][\/toggle][toggle color=\u00a0\u00bbDefault\u00a0\u00bb heading_tag=\u00a0\u00bbdefault\u00a0\u00bb heading_tag_functionality=\u00a0\u00bbdefault\u00a0\u00bb title=\u00a0\u00bbAvant de postuler \u00e0 un cours\u00a0\u00bb][vc_column_text css=\u00a0\u00bb\u00a0\u00bb text_direction=\u00a0\u00bbdefault\u00a0\u00bb]Assurez-vous que le format d&rsquo;enseignement, les pr\u00e9requis et l&rsquo;horaire vous conviennent en consultant le <strong>guide d&rsquo;\u00e9tude<\/strong> disponible pour chaque cours. Sachez \u00e9galement que la plupart des cours ont un nombre de places limit\u00e9 et que les crit\u00e8res de s\u00e9lection peuvent varier d&rsquo;un cours \u00e0 l&rsquo;autre. Les cours EUNICE sont <strong>gratuits et ouverts \u00e0<\/strong> tous les \u00e9tudiant\u00b7e\u00b7s de toutes les <span style=\"color: #3366ff\"><br \/>\n  <a style=\"color: #3366ff\" href=\"https:\/\/eunice-university.eu\/fr\/accueil\/notre-campus\/\" target=\"_blank\" rel=\"noopener\">universit\u00e9s partenaires d&rsquo;EUNICE<\/a><br \/>\n<\/span>.[\/vc_column_text][\/toggle][toggle color=\u00a0\u00bbDefault\u00a0\u00bb heading_tag=\u00a0\u00bbdefault\u00a0\u00bb heading_tag_functionality=\u00a0\u00bbdefault\u00a0\u00bb title=\u00a0\u00bbQui peut postuler ?\u00a0\u00bb][vc_column_text css=\u00a0\u00bb\u00a0\u00bb text_direction=\u00a0\u00bbdefault\u00a0\u00bb]Les cours partag\u00e9s EUNICE sont accessibles aux \u00e9tudiant\u00b7e\u00b7s, aux enseignant\u00b7e\u00b7s et au personnel de n&rsquo;importe laquelle des dix universit\u00e9s partenaires, \u00e0 condition qu&rsquo;ils\u00b7elles remplissent les conditions sp\u00e9cifi\u00e9es dans le guide d&rsquo;\u00e9tude du cours (par exemple, niveau master).<\/p>\n<p>EUNICE propose \u00e9galement des cours en ligne ouverts \u00e0 tous (MOOC) gratuits. Ces cours se r\u00e9alisent en auto-apprentissage et son accessible \u00e0 tout le monde, que vous soyez membre de l&rsquo;Universit\u00e9 europ\u00e9enne EUNICE ou non.[\/vc_column_text][\/toggle][toggle color=\u00a0\u00bbDefault\u00a0\u00bb heading_tag=\u00a0\u00bbdefault\u00a0\u00bb heading_tag_functionality=\u00a0\u00bbdefault\u00a0\u00bb title=\u00a0\u00bbFrais\u00a0\u00bb][vc_column_text css=\u00a0\u00bb\u00a0\u00bb text_direction=\u00a0\u00bbdefault\u00a0\u00bb]Les cours partag\u00e9s EUNICE sont gratuits : aucun frais suppl\u00e9mentaire n&rsquo;est requis.<\/p>\n<p>Programmes de master : consultez les frais d&rsquo;inscription sur la page web de chaque master.[\/vc_column_text][\/toggle][toggle color=\u00a0\u00bbDefault\u00a0\u00bb heading_tag=\u00a0\u00bbdefault\u00a0\u00bb heading_tag_functionality=\u00a0\u00bbdefault\u00a0\u00bb title=\u00a0\u00bbLearning agreement\u00a0\u00bb][vc_column_text css=\u00a0\u00bb\u00a0\u00bb text_direction=\u00a0\u00bbdefault\u00a0\u00bb]Certains partenaires exigent parfois des learning agreements pour la reconnaissance du cours. Le learning agreement EUNICE peut \u00eatre t\u00e9l\u00e9charg\u00e9 <a href=\"https:\/\/eunice-university.eu\/wp-content\/uploads\/2025\/09\/Learning_Agreement_EUNICE_Online_Course.docx\">ici.<\/a>[\/vc_column_text][\/toggle][toggle color=\u00a0\u00bbDefault\u00a0\u00bb heading_tag=\u00a0\u00bbdefault\u00a0\u00bb heading_tag_functionality=\u00a0\u00bbdefault\u00a0\u00bb title=\u00a0\u00bbAutres questions\u00a0\u00bb][vc_column_text css=\u00a0\u00bb\u00a0\u00bb text_direction=\u00a0\u00bbdefault\u00a0\u00bb]Si vous avez des questions, veuillez contacter votre <a style=\"color: #3366ff\" href=\"https:\/\/eunice-university.eu\/fr\/cours\/coordinateur%c2%b7rice%c2%b7s-de-cours\/\" target=\"_blank\" rel=\"noopener\">coordinateur\u00b7rice de cours EUNICE<\/a> local\u00b7e.[\/vc_column_text][\/toggle][\/toggles][divider line_type=\u00a0\u00bbNo Line\u00a0\u00bb custom_height=\u00a0\u00bb45&Prime;][split_line_heading animation_type=\u00a0\u00bbdefault\u00a0\u00bb text_direction=\u00a0\u00bbdefault\u00a0\u00bb]\n[\/split_line_heading][\/vc_column][\/vc_row]\n","protected":false},"excerpt":{"rendered":"<p>[vc_row type=\u00a0\u00bbfull_width_background\u00a0\u00bb full_screen_row_position=\u00a0\u00bbmiddle\u00a0\u00bb column_margin=\u00a0\u00bbdefault\u00a0\u00bb column_direction=\u00a0\u00bbdefault\u00a0\u00bb column_direction_tablet=\u00a0\u00bbdefault\u00a0\u00bb column_direction_phone=\u00a0\u00bbdefault\u00a0\u00bb bg_image=\u00a0\u00bb16935&Prime; bg_position=\u00a0\u00bbcenter center\u00a0\u00bb background_image_loading=\u00a0\u00bbdefault\u00a0\u00bb bg_repeat=\u00a0\u00bbno-repeat\u00a0\u00bb scene_position=\u00a0\u00bbcenter\u00a0\u00bb top_padding=\u00a0\u00bb9%\u00a0\u00bb bottom_padding=\u00a0\u00bb4%\u00a0\u00bb text_color=\u00a0\u00bbdark\u00a0\u00bb text_align=\u00a0\u00bbleft\u00a0\u00bb row_border_radius=\u00a0\u00bbnone\u00a0\u00bb row_border_radius_applies=\u00a0\u00bbbg\u00a0\u00bb overflow=\u00a0\u00bbvisible\u00a0\u00bb color_overlay=\u00a0\u00bb#ffffff\u00a0\u00bb color_overlay_2=\u00a0\u00bb#ffffff\u00a0\u00bb overlay_strength=\u00a0\u00bb0.3&Prime; gradient_direction=\u00a0\u00bbleft_to_right\u00a0\u00bb shape_divider_position=\u00a0\u00bbbottom\u00a0\u00bb&#8230;<\/p>\n","protected":false},"author":13,"featured_media":0,"parent":0,"menu_order":0,"comment_status":"closed","ping_status":"closed","template":"","meta":{"_acf_changed":false,"_uag_custom_page_level_css":"","footnotes":""},"class_list":["post-53563","page","type-page","status-publish"],"acf":[],"uagb_featured_image_src":{"full":false,"thumbnail":false,"medium":false,"medium_large":false,"large":false,"1536x1536":false,"2048x2048":false,"portfolio-thumb":false,"nectar_small_square":false,"portfolio-thumb_large":false,"portfolio-thumb_small":false,"portfolio-widget":false,"wide":false,"wide_photography":false,"wide_small":false,"regular":false,"regular_small":false,"tall":false,"wide_tall":false,"large_featured":false,"medium_featured":false},"uagb_author_info":{"display_name":"Ana Lezama Arrieta","author_link":"https:\/\/eunice-university.eu\/fr\/author\/uc_comms2\/"},"uagb_comment_info":0,"uagb_excerpt":"[vc_row type=\u00a0\u00bbfull_width_background\u00a0\u00bb full_screen_row_position=\u00a0\u00bbmiddle\u00a0\u00bb column_margin=\u00a0\u00bbdefault\u00a0\u00bb column_direction=\u00a0\u00bbdefault\u00a0\u00bb column_direction_tablet=\u00a0\u00bbdefault\u00a0\u00bb column_direction_phone=\u00a0\u00bbdefault\u00a0\u00bb bg_image=\u00a0\u00bb16935&Prime; bg_position=\u00a0\u00bbcenter center\u00a0\u00bb background_image_loading=\u00a0\u00bbdefault\u00a0\u00bb bg_repeat=\u00a0\u00bbno-repeat\u00a0\u00bb scene_position=\u00a0\u00bbcenter\u00a0\u00bb top_padding=\u00a0\u00bb9%\u00a0\u00bb bottom_padding=\u00a0\u00bb4%\u00a0\u00bb text_color=\u00a0\u00bbdark\u00a0\u00bb text_align=\u00a0\u00bbleft\u00a0\u00bb row_border_radius=\u00a0\u00bbnone\u00a0\u00bb row_border_radius_applies=\u00a0\u00bbbg\u00a0\u00bb overflow=\u00a0\u00bbvisible\u00a0\u00bb color_overlay=\u00a0\u00bb#ffffff\u00a0\u00bb color_overlay_2=\u00a0\u00bb#ffffff\u00a0\u00bb overlay_strength=\u00a0\u00bb0.3&Prime; gradient_direction=\u00a0\u00bbleft_to_right\u00a0\u00bb shape_divider_position=\u00a0\u00bbbottom\u00a0\u00bb...","_links":{"self":[{"href":"https:\/\/eunice-university.eu\/fr\/wp-json\/wp\/v2\/pages\/53563","targetHints":{"allow":["GET"]}}],"collection":[{"href":"https:\/\/eunice-university.eu\/fr\/wp-json\/wp\/v2\/pages"}],"about":[{"href":"https:\/\/eunice-university.eu\/fr\/wp-json\/wp\/v2\/types\/page"}],"author":[{"embeddable":true,"href":"https:\/\/eunice-university.eu\/fr\/wp-json\/wp\/v2\/users\/13"}],"replies":[{"embeddable":true,"href":"https:\/\/eunice-university.eu\/fr\/wp-json\/wp\/v2\/comments?post=53563"}],"version-history":[{"count":8,"href":"https:\/\/eunice-university.eu\/fr\/wp-json\/wp\/v2\/pages\/53563\/revisions"}],"predecessor-version":[{"id":58533,"href":"https:\/\/eunice-university.eu\/fr\/wp-json\/wp\/v2\/pages\/53563\/revisions\/58533"}],"wp:attachment":[{"href":"https:\/\/eunice-university.eu\/fr\/wp-json\/wp\/v2\/media?parent=53563"}],"curies":[{"name":"wp","href":"https:\/\/api.w.org\/{rel}","templated":true}]}}