{"id":57990,"date":"2021-05-13T10:12:14","date_gmt":"2021-05-13T08:12:14","guid":{"rendered":"https:\/\/eunice-university.eu\/notre-travail\/"},"modified":"2025-10-03T14:20:56","modified_gmt":"2025-10-03T12:20:56","slug":"notre-travail","status":"publish","type":"page","link":"https:\/\/eunice-university.eu\/fr\/notre-travail\/","title":{"rendered":"Notre travail"},"content":{"rendered":"[vc_row type=\u00a0\u00bbin_container\u00a0\u00bb full_screen_row_position=\u00a0\u00bbmiddle\u00a0\u00bb column_margin=\u00a0\u00bbdefault\u00a0\u00bb column_direction=\u00a0\u00bbdefault\u00a0\u00bb column_direction_tablet=\u00a0\u00bbdefault\u00a0\u00bb column_direction_phone=\u00a0\u00bbdefault\u00a0\u00bb scene_position=\u00a0\u00bbcenter\u00a0\u00bb top_padding=\u00a0\u00bb7%\u00a0\u00bb bottom_padding=\u00a0\u00bb7%\u00a0\u00bb text_color=\u00a0\u00bbdark\u00a0\u00bb text_align=\u00a0\u00bbleft\u00a0\u00bb row_border_radius=\u00a0\u00bbnone\u00a0\u00bb row_border_radius_applies=\u00a0\u00bbbg\u00a0\u00bb overflow=\u00a0\u00bbvisible\u00a0\u00bb overlay_strength=\u00a0\u00bb0.3&Prime; gradient_direction=\u00a0\u00bbleft_to_right\u00a0\u00bb shape_divider_position=\u00a0\u00bbbottom\u00a0\u00bb bg_image_animation=\u00a0\u00bbnone\u00a0\u00bb][vc_column column_padding=\u00a0\u00bbno-extra-padding\u00a0\u00bb column_padding_tablet=\u00a0\u00bbinherit\u00a0\u00bb column_padding_phone=\u00a0\u00bbinherit\u00a0\u00bb column_padding_position=\u00a0\u00bball\u00a0\u00bb column_element_direction_desktop=\u00a0\u00bbdefault\u00a0\u00bb column_element_spacing=\u00a0\u00bbdefault\u00a0\u00bb desktop_text_alignment=\u00a0\u00bbdefault\u00a0\u00bb tablet_text_alignment=\u00a0\u00bbdefault\u00a0\u00bb phone_text_alignment=\u00a0\u00bbdefault\u00a0\u00bb background_color_opacity=\u00a0\u00bb1&Prime; background_hover_color_opacity=\u00a0\u00bb1&Prime; column_backdrop_filter=\u00a0\u00bbnone\u00a0\u00bb column_shadow=\u00a0\u00bbnone\u00a0\u00bb column_border_radius=\u00a0\u00bbnone\u00a0\u00bb column_link_target=\u00a0\u00bb_self\u00a0\u00bb column_position=\u00a0\u00bbdefault\u00a0\u00bb gradient_direction=\u00a0\u00bbleft_to_right\u00a0\u00bb overlay_strength=\u00a0\u00bb0.3&Prime; width=\u00a0\u00bb1\/1&Prime; tablet_width_inherit=\u00a0\u00bbdefault\u00a0\u00bb animation_type=\u00a0\u00bbdefault\u00a0\u00bb bg_image_animation=\u00a0\u00bbnone\u00a0\u00bb border_type=\u00a0\u00bbsimple\u00a0\u00bb column_border_width=\u00a0\u00bbnone\u00a0\u00bb column_border_style=\u00a0\u00bbsolid\u00a0\u00bb][vc_row_inner column_margin=\u00a0\u00bbdefault\u00a0\u00bb column_direction=\u00a0\u00bbdefault\u00a0\u00bb column_direction_tablet=\u00a0\u00bbdefault\u00a0\u00bb column_direction_phone=\u00a0\u00bbdefault\u00a0\u00bb bottom_padding=\u00a0\u00bb60&Prime; text_align=\u00a0\u00bbleft\u00a0\u00bb row_position=\u00a0\u00bbdefault\u00a0\u00bb row_position_tablet=\u00a0\u00bbinherit\u00a0\u00bb row_position_phone=\u00a0\u00bbinherit\u00a0\u00bb overflow=\u00a0\u00bbvisible\u00a0\u00bb pointer_events=\u00a0\u00bball\u00a0\u00bb][vc_column_inner column_padding=\u00a0\u00bbno-extra-padding\u00a0\u00bb column_padding_tablet=\u00a0\u00bbinherit\u00a0\u00bb column_padding_phone=\u00a0\u00bbinherit\u00a0\u00bb column_padding_position=\u00a0\u00bball\u00a0\u00bb column_element_direction_desktop=\u00a0\u00bbdefault\u00a0\u00bb column_element_spacing=\u00a0\u00bbdefault\u00a0\u00bb centered_text=\u00a0\u00bbtrue\u00a0\u00bb desktop_text_alignment=\u00a0\u00bbdefault\u00a0\u00bb tablet_text_alignment=\u00a0\u00bbdefault\u00a0\u00bb phone_text_alignment=\u00a0\u00bbdefault\u00a0\u00bb background_color_opacity=\u00a0\u00bb1&Prime; background_hover_color_opacity=\u00a0\u00bb1&Prime; column_backdrop_filter=\u00a0\u00bbnone\u00a0\u00bb column_shadow=\u00a0\u00bbnone\u00a0\u00bb column_border_radius=\u00a0\u00bbnone\u00a0\u00bb column_link_target=\u00a0\u00bb_self\u00a0\u00bb overflow=\u00a0\u00bbvisible\u00a0\u00bb gradient_direction=\u00a0\u00bbleft_to_right\u00a0\u00bb overlay_strength=\u00a0\u00bb0.3&Prime; width=\u00a0\u00bb1\/2&Prime; tablet_width_inherit=\u00a0\u00bbdefault\u00a0\u00bb animation_type=\u00a0\u00bbdefault\u00a0\u00bb bg_image_animation=\u00a0\u00bbnone\u00a0\u00bb border_type=\u00a0\u00bbsimple\u00a0\u00bb column_border_width=\u00a0\u00bbnone\u00a0\u00bb column_border_style=\u00a0\u00bbsolid\u00a0\u00bb][vc_custom_heading text=\u00a0\u00bbComment proc\u00e9dons-non ?\u00a0\u00bb use_theme_fonts=\u00a0\u00bbyes\u00a0\u00bb][divider line_type=\u00a0\u00bbNo Line\u00a0\u00bb custom_height=\u00a0\u00bb25&Prime;][vc_column_text max_width=\u00a0\u00bb1000&Prime; text_direction=\u00a0\u00bbdefault\u00a0\u00bb]\n<p style=\"text-align: left\">D\u00e9couvrez comment notre ambitieux projet est mis en \u0153uvre dans dix pays, favorisant le travail d&rsquo;\u00e9quipe, la collaboration en ligne et l&rsquo;innovation. Gr\u00e2ce \u00e0 une combinaison harmonieuse de collaboration virtuelle, de r\u00e9unions en ligne r\u00e9guli\u00e8res et d&rsquo;\u00e9v\u00e9nements en pr\u00e9sentiel stimulants, nous continuons \u00e0 avancer dans notre mission : construire une universit\u00e9 europ\u00e9enne autour de cinq domaines cl\u00e9s. <\/p>\n<p style=\"text-align: left\"><strong>Explorez avec nous nos r\u00e9alisations et progr\u00e8s collectifs.<\/strong><\/p>\n[\/vc_column_text][\/vc_column_inner][\/vc_row_inner][vc_row_inner column_margin=\u00a0\u00bbdefault\u00a0\u00bb column_direction=\u00a0\u00bbdefault\u00a0\u00bb column_direction_tablet=\u00a0\u00bbdefault\u00a0\u00bb column_direction_phone=\u00a0\u00bbdefault\u00a0\u00bb text_align=\u00a0\u00bbleft\u00a0\u00bb row_position=\u00a0\u00bbdefault\u00a0\u00bb row_position_tablet=\u00a0\u00bbinherit\u00a0\u00bb row_position_phone=\u00a0\u00bbinherit\u00a0\u00bb overflow=\u00a0\u00bbvisible\u00a0\u00bb pointer_events=\u00a0\u00bball\u00a0\u00bb css=\u00a0\u00bb.vc_custom_1728467596704{border-color: #000000 !important;}\u00a0\u00bb][vc_column_inner column_padding=\u00a0\u00bbno-extra-padding\u00a0\u00bb column_padding_tablet=\u00a0\u00bbinherit\u00a0\u00bb column_padding_phone=\u00a0\u00bbinherit\u00a0\u00bb column_padding_position=\u00a0\u00bball\u00a0\u00bb column_element_direction_desktop=\u00a0\u00bbdefault\u00a0\u00bb column_element_spacing=\u00a0\u00bbdefault\u00a0\u00bb desktop_text_alignment=\u00a0\u00bbdefault\u00a0\u00bb tablet_text_alignment=\u00a0\u00bbdefault\u00a0\u00bb phone_text_alignment=\u00a0\u00bbdefault\u00a0\u00bb background_color_opacity=\u00a0\u00bb1&Prime; background_hover_color_opacity=\u00a0\u00bb1&Prime; column_backdrop_filter=\u00a0\u00bbnone\u00a0\u00bb column_shadow=\u00a0\u00bbnone\u00a0\u00bb column_border_radius=\u00a0\u00bbnone\u00a0\u00bb column_link_target=\u00a0\u00bb_self\u00a0\u00bb overflow=\u00a0\u00bbvisible\u00a0\u00bb gradient_direction=\u00a0\u00bbleft_to_right\u00a0\u00bb overlay_strength=\u00a0\u00bb0.3&Prime; width=\u00a0\u00bb1\/3&Prime; tablet_width_inherit=\u00a0\u00bbdefault\u00a0\u00bb animation_type=\u00a0\u00bbdefault\u00a0\u00bb enable_animation=\u00a0\u00bbtrue\u00a0\u00bb animation=\u00a0\u00bbgrow-in\u00a0\u00bb animation_easing=\u00a0\u00bbdefault\u00a0\u00bb bg_image_animation=\u00a0\u00bbnone\u00a0\u00bb border_type=\u00a0\u00bbsimple\u00a0\u00bb column_border_width=\u00a0\u00bbnone\u00a0\u00bb column_border_style=\u00a0\u00bbsolid\u00a0\u00bb][team_member image_url=\u00a0\u00bb6200&Prime; bio_alt_image_url=\u00a0\u00bb18013&Prime; team_memeber_style=\u00a0\u00bbbio_fullscreen_alt\u00a0\u00bb image_loading=\u00a0\u00bbdefault\u00a0\u00bb team_member_bio_full_html=\u00a0\u00bbsimple\u00a0\u00bb name=\u00a0\u00bbEfficacit\u00e9 des \u00e9quipes dans les diff\u00e9rents pays\u00a0\u00bb job_position=\u00a0\u00bbManagement\u00a0\u00bb team_member_bio=\u00a0\u00bbAfin de favoriser la collaboration entre dix \u00e9tablissements, nous avons mis en place une structure de management transparente dont le principal d\u00e9fi consiste \u00e0 coexister avec le mode de fonctionnement sp\u00e9cifique de chacune des universit\u00e9s.<br \/>\nEnsemble, nous d\u00e9finissons nos r\u00e8gles de fonctionnement, nos objectifs, nos \u00e9ch\u00e9ances et nos ressources. Aujourd&#039;hui, en nous appuyant sur l&#039;expertise des dix universit\u00e9s, nous travaillons \u00e0 la cr\u00e9ation d&#039;une structure innovante : un organisme commun dot\u00e9 de r\u00e9glementations communes, o\u00f9 nous pouvons garantir que la qualit\u00e9 des r\u00e9sultats, la conformit\u00e9 et l&#039;efficacit\u00e9 sont non seulement excellentes, mais servent \u00e9galement de mod\u00e8le pour d&#039;autres institutions. <\/p>\n<p>EUNICE Management Area Leader : Mariusz Glabowski, Universit\u00e9 de technologie de Poznan (Pologne)\u00a0\u00bb][\/team_member][\/vc_column_inner][vc_column_inner column_padding=\u00a0\u00bbno-extra-padding\u00a0\u00bb column_padding_tablet=\u00a0\u00bbinherit\u00a0\u00bb column_padding_phone=\u00a0\u00bbinherit\u00a0\u00bb column_padding_position=\u00a0\u00bball\u00a0\u00bb column_element_direction_desktop=\u00a0\u00bbdefault\u00a0\u00bb column_element_spacing=\u00a0\u00bbdefault\u00a0\u00bb desktop_text_alignment=\u00a0\u00bbdefault\u00a0\u00bb tablet_text_alignment=\u00a0\u00bbdefault\u00a0\u00bb phone_text_alignment=\u00a0\u00bbdefault\u00a0\u00bb background_color_opacity=\u00a0\u00bb1&Prime; background_hover_color_opacity=\u00a0\u00bb1&Prime; column_backdrop_filter=\u00a0\u00bbnone\u00a0\u00bb column_shadow=\u00a0\u00bbnone\u00a0\u00bb column_border_radius=\u00a0\u00bbnone\u00a0\u00bb column_link_target=\u00a0\u00bb_self\u00a0\u00bb overflow=\u00a0\u00bbvisible\u00a0\u00bb gradient_direction=\u00a0\u00bbleft_to_right\u00a0\u00bb overlay_strength=\u00a0\u00bb0.3&Prime; width=\u00a0\u00bb1\/3&Prime; tablet_width_inherit=\u00a0\u00bbdefault\u00a0\u00bb animation_type=\u00a0\u00bbdefault\u00a0\u00bb enable_animation=\u00a0\u00bbtrue\u00a0\u00bb animation=\u00a0\u00bbgrow-in\u00a0\u00bb animation_easing=\u00a0\u00bbdefault\u00a0\u00bb bg_image_animation=\u00a0\u00bbnone\u00a0\u00bb border_type=\u00a0\u00bbsimple\u00a0\u00bb column_border_width=\u00a0\u00bbnone\u00a0\u00bb column_border_style=\u00a0\u00bbsolid\u00a0\u00bb][team_member image_url=\u00a0\u00bb16932&Prime; bio_alt_image_url=\u00a0\u00bb16873&Prime; team_memeber_style=\u00a0\u00bbbio_fullscreen_alt\u00a0\u00bb image_loading=\u00a0\u00bbdefault\u00a0\u00bb team_member_bio_full_html=\u00a0\u00bbsimple\u00a0\u00bb name=\u00a0\u00bbUn enseignement flexible et personnalis\u00e9\u00a0\u00bb job_position=\u00a0\u00bbOffre acad\u00e9mique\u00a0\u00bb team_member_bio=\u00a0\u00bbNotre vision \u00e0 long terme va au-del\u00e0 de la simple offre de programmes et de cours acad\u00e9miques conjoints entre les dix partenaires : elle englobe une approche holistique conforme \u00e0 la mission d&#039;EUNICE.<br \/>\nApr\u00e8s avoir identifi\u00e9 les comp\u00e9tences cl\u00e9s d&#039;EUNICE afin d&#039;am\u00e9liorer notre offre acad\u00e9mique collective, nous souhaitons \u00e9galement donner la priorit\u00e9 \u00e0 l&#039;enseignement des langues \u00e9trang\u00e8res afin de favoriser la sensibilisation interculturelle et le partage de valeurs au sein d&#039;EUNICE.<br \/>\nCe processus global implique un travail approfondi visant \u00e0 garantir l&#039;harmonisation des processus acad\u00e9miques et administratifs, favorisant ainsi l&#039;excellence p\u00e9dagogique et l&#039;innovation dans toutes les universit\u00e9s d&#039;EUNICE.<\/p>\n<p>EUNICE Manager for Academic Offering : Hounaida Frikha, Universit\u00e9 Polytechnique Hauts-de-France (France)\u00a0\u00bb][\/team_member][\/vc_column_inner][vc_column_inner column_padding=\u00a0\u00bbno-extra-padding\u00a0\u00bb column_padding_tablet=\u00a0\u00bbinherit\u00a0\u00bb column_padding_phone=\u00a0\u00bbinherit\u00a0\u00bb column_padding_position=\u00a0\u00bball\u00a0\u00bb column_element_direction_desktop=\u00a0\u00bbdefault\u00a0\u00bb column_element_spacing=\u00a0\u00bbdefault\u00a0\u00bb desktop_text_alignment=\u00a0\u00bbdefault\u00a0\u00bb tablet_text_alignment=\u00a0\u00bbdefault\u00a0\u00bb phone_text_alignment=\u00a0\u00bbdefault\u00a0\u00bb background_color_opacity=\u00a0\u00bb1&Prime; background_hover_color_opacity=\u00a0\u00bb1&Prime; column_backdrop_filter=\u00a0\u00bbnone\u00a0\u00bb column_shadow=\u00a0\u00bbnone\u00a0\u00bb column_border_radius=\u00a0\u00bbnone\u00a0\u00bb column_link_target=\u00a0\u00bb_self\u00a0\u00bb overflow=\u00a0\u00bbvisible\u00a0\u00bb gradient_direction=\u00a0\u00bbleft_to_right\u00a0\u00bb overlay_strength=\u00a0\u00bb0.3&Prime; width=\u00a0\u00bb1\/3&Prime; tablet_width_inherit=\u00a0\u00bbdefault\u00a0\u00bb animation_type=\u00a0\u00bbdefault\u00a0\u00bb enable_animation=\u00a0\u00bbtrue\u00a0\u00bb animation=\u00a0\u00bbgrow-in\u00a0\u00bb animation_easing=\u00a0\u00bbdefault\u00a0\u00bb bg_image_animation=\u00a0\u00bbnone\u00a0\u00bb border_type=\u00a0\u00bbsimple\u00a0\u00bb column_border_width=\u00a0\u00bbnone\u00a0\u00bb column_border_style=\u00a0\u00bbsolid\u00a0\u00bb][team_member image_url=\u00a0\u00bb5985&Prime; bio_alt_image_url=\u00a0\u00bb18050&Prime; team_memeber_style=\u00a0\u00bbbio_fullscreen_alt\u00a0\u00bb image_loading=\u00a0\u00bbdefault\u00a0\u00bb team_member_bio_full_html=\u00a0\u00bbsimple\u00a0\u00bb name=\u00a0\u00bbFormer les citoyen\u00b7ne\u00b7s \u00e0 l&#039;Europe de demain\u00a0\u00bb job_position=\u00a0\u00bbApprentissage par l&#039;exp\u00e9rience\u00a0\u00bb team_member_bio=\u00a0\u00bbLe Work Package 3 d&#039;EUNICE vise \u00e0 am\u00e9liorer l&#039;apprentissage par l&#039;exp\u00e9rience et la mobilit\u00e9 au sein de l&#039;alliance, en favorisant le leadership \u00e9tudiant, les comp\u00e9tences cl\u00e9s et les valeurs europ\u00e9ennes.<br \/>\nLes strat\u00e9gies cl\u00e9s comprennent la cr\u00e9ation de comit\u00e9s consultatifs, la mobilisation et la responsabilisation des \u00e9tudiant\u00b7e\u00b7s gr\u00e2ce \u00e0 la cr\u00e9ation de clubs \u00e9tudiants, et la mise en place de r\u00e9unions conjointes entre les repr\u00e9sentant\u00b7e\u00b7s des dix universit\u00e9s partenaires.<br \/>\nEngag\u00e9e \u00e0 promouvoir des \u00e9changes inclusifs et durables sur le plan environnemental, EUNICE garantit un acc\u00e8s \u00e9quitable \u00e0 ses opportunit\u00e9s \u00e9ducatives. En outre, le WP3 propose des \u00e9v\u00e9nements culturels et sportifs, ainsi que des camps d&#039;\u00e9t\u00e9 d&#039;apprentissage exp\u00e9rientiel pour un engagement communautaire immersif.<br \/>\nGr\u00e2ce \u00e0 ces efforts et \u00e0 ces initiatives multifacettes, EUNICE s&#039;efforce d&#039;offrir des exp\u00e9riences et des opportunit\u00e9s enrichissantes, de promouvoir les valeurs europ\u00e9ennes et de cultiver un sentiment d&#039;appartenance parmi ses membres, tout en inspirant des \u00e9tudiant\u00b7e\u00b7s dynamiques et ouvert\u00b7e\u00b7s au monde \u00e0 contribuer \u00e0 notre monde dynamique et interconnect\u00e9. <\/p>\n<p>EUNICE Experiential Learning Area Manager : Susana Amante, Institut polytechnique de Viseu (Portugal)\u00a0\u00bb][\/team_member][\/vc_column_inner][\/vc_row_inner][vc_row_inner column_margin=\u00a0\u00bbdefault\u00a0\u00bb column_direction=\u00a0\u00bbdefault\u00a0\u00bb column_direction_tablet=\u00a0\u00bbdefault\u00a0\u00bb column_direction_phone=\u00a0\u00bbdefault\u00a0\u00bb text_align=\u00a0\u00bbleft\u00a0\u00bb row_position=\u00a0\u00bbdefault\u00a0\u00bb row_position_tablet=\u00a0\u00bbinherit\u00a0\u00bb row_position_phone=\u00a0\u00bbinherit\u00a0\u00bb overflow=\u00a0\u00bbvisible\u00a0\u00bb pointer_events=\u00a0\u00bball\u00a0\u00bb][vc_column_inner column_padding=\u00a0\u00bbno-extra-padding\u00a0\u00bb column_padding_tablet=\u00a0\u00bbinherit\u00a0\u00bb column_padding_phone=\u00a0\u00bbinherit\u00a0\u00bb column_padding_position=\u00a0\u00bball\u00a0\u00bb column_element_direction_desktop=\u00a0\u00bbdefault\u00a0\u00bb column_element_spacing=\u00a0\u00bbdefault\u00a0\u00bb desktop_text_alignment=\u00a0\u00bbdefault\u00a0\u00bb tablet_text_alignment=\u00a0\u00bbdefault\u00a0\u00bb phone_text_alignment=\u00a0\u00bbdefault\u00a0\u00bb background_color_opacity=\u00a0\u00bb1&Prime; background_hover_color_opacity=\u00a0\u00bb1&Prime; column_backdrop_filter=\u00a0\u00bbnone\u00a0\u00bb column_shadow=\u00a0\u00bbnone\u00a0\u00bb column_border_radius=\u00a0\u00bbnone\u00a0\u00bb column_link_target=\u00a0\u00bb_self\u00a0\u00bb overflow=\u00a0\u00bbvisible\u00a0\u00bb gradient_direction=\u00a0\u00bbleft_to_right\u00a0\u00bb overlay_strength=\u00a0\u00bb0.3&Prime; width=\u00a0\u00bb1\/3&Prime; tablet_width_inherit=\u00a0\u00bbdefault\u00a0\u00bb animation_type=\u00a0\u00bbdefault\u00a0\u00bb enable_animation=\u00a0\u00bbtrue\u00a0\u00bb animation=\u00a0\u00bbgrow-in\u00a0\u00bb animation_easing=\u00a0\u00bbdefault\u00a0\u00bb bg_image_animation=\u00a0\u00bbnone\u00a0\u00bb border_type=\u00a0\u00bbsimple\u00a0\u00bb column_border_width=\u00a0\u00bbnone\u00a0\u00bb column_border_style=\u00a0\u00bbsolid\u00a0\u00bb][team_member image_url=\u00a0\u00bb6174&Prime; bio_alt_image_url=\u00a0\u00bb6127&Prime; team_memeber_style=\u00a0\u00bbbio_fullscreen_alt\u00a0\u00bb image_loading=\u00a0\u00bbdefault\u00a0\u00bb team_member_bio_full_html=\u00a0\u00bbsimple\u00a0\u00bb name=\u00a0\u00bbR\u00e9duire le foss\u00e9 entre les universit\u00e9s et les entreprises\u00a0\u00bb job_position=\u00a0\u00bbRecherche et entrepreneuriat\u00a0\u00bb team_member_bio=\u00a0\u00bbAfin de favoriser la croissance professionnelle de nos \u00e9tudiant\u00b7e\u00b7s et de stimuler leurs comp\u00e9tences entrepreneuriales, nous d\u00e9veloppons une m\u00e9thode d&#039;enseignement ax\u00e9e sur l&#039;industrie qui permet \u00e0 nos \u00e9tudiant\u00b7e\u00b7s de devenir les professionnel\u00b7le\u00b7s dont le march\u00e9 a besoin, sur la base d&#039;un audit exhaustif de l&#039;environnement acad\u00e9mique et commercial actuel.<br \/>\nNous proposerons des stages en entreprise aux \u00e9tudiant\u00b7e\u00b7s, qui pourront acqu\u00e9rir une exp\u00e9rience professionnelle dans les dix pays o\u00f9 nous sommes pr\u00e9sents.<br \/>\nNos programmes de formation mixte visent \u00e0 aligner les programmes d&#039;\u00e9tudes et les comp\u00e9tences des dipl\u00f4m\u00e9\u00b7e\u00b7s sur leur carri\u00e8re professionnelle, \u00e0 am\u00e9liorer les perspectives d&#039;emploi de nos \u00e9tudiant\u00b7e\u00b7s et \u00e0 offrir aux entreprises les ressources humaines dont elles ont r\u00e9ellement besoin pour prosp\u00e9rer.<\/p>\n<p>EUNICE Society and Business Area Manager : Lucia Zappal\u00e0, Universit\u00e9 de Catane (Italie)\u00a0\u00bb][\/team_member][\/vc_column_inner][vc_column_inner column_padding=\u00a0\u00bbno-extra-padding\u00a0\u00bb column_padding_tablet=\u00a0\u00bbinherit\u00a0\u00bb column_padding_phone=\u00a0\u00bbinherit\u00a0\u00bb column_padding_position=\u00a0\u00bball\u00a0\u00bb column_element_direction_desktop=\u00a0\u00bbdefault\u00a0\u00bb column_element_spacing=\u00a0\u00bbdefault\u00a0\u00bb desktop_text_alignment=\u00a0\u00bbdefault\u00a0\u00bb tablet_text_alignment=\u00a0\u00bbdefault\u00a0\u00bb phone_text_alignment=\u00a0\u00bbdefault\u00a0\u00bb background_color_opacity=\u00a0\u00bb1&Prime; background_hover_color_opacity=\u00a0\u00bb1&Prime; column_backdrop_filter=\u00a0\u00bbnone\u00a0\u00bb column_shadow=\u00a0\u00bbnone\u00a0\u00bb column_border_radius=\u00a0\u00bbnone\u00a0\u00bb column_link_target=\u00a0\u00bb_self\u00a0\u00bb overflow=\u00a0\u00bbvisible\u00a0\u00bb gradient_direction=\u00a0\u00bbleft_to_right\u00a0\u00bb overlay_strength=\u00a0\u00bb0.3&Prime; width=\u00a0\u00bb1\/3&Prime; tablet_width_inherit=\u00a0\u00bbdefault\u00a0\u00bb animation_type=\u00a0\u00bbdefault\u00a0\u00bb enable_animation=\u00a0\u00bbtrue\u00a0\u00bb animation=\u00a0\u00bbgrow-in\u00a0\u00bb animation_easing=\u00a0\u00bbdefault\u00a0\u00bb bg_image_animation=\u00a0\u00bbnone\u00a0\u00bb border_type=\u00a0\u00bbsimple\u00a0\u00bb column_border_width=\u00a0\u00bbnone\u00a0\u00bb column_border_style=\u00a0\u00bbsolid\u00a0\u00bb column_padding_type=\u00a0\u00bbdefault\u00a0\u00bb gradient_type=\u00a0\u00bbdefault\u00a0\u00bb][team_member image_url=\u00a0\u00bb6206&Prime; bio_alt_image_url=\u00a0\u00bb17096&Prime; team_memeber_style=\u00a0\u00bbbio_fullscreen_alt\u00a0\u00bb image_loading=\u00a0\u00bbdefault\u00a0\u00bb team_member_bio_full_html=\u00a0\u00bbsimple\u00a0\u00bb name=\u00a0\u00bbAvoir un impact\u00a0\u00bb job_position=\u00a0\u00bbDiss\u00e9mination, num\u00e9risation et impact\u00a0\u00bb team_member_bio=\u00a0\u00bbLe Work Package 5 cr\u00e9era diff\u00e9rents outils en mati\u00e8re de num\u00e9risation, de communication et d&#039;impact afin d&#039;assurer le bon d\u00e9veloppement et la bonne mise en \u0153uvre des activit\u00e9s d&#039;EUNICE. Si nous ne communiquons pas sur ce que nous faisons, autant ne rien faire. Nous m\u00e8nerons donc des actions de communication strat\u00e9giques et renforcerons nos moyens de communication afin de soutenir la mise en \u0153uvre efficace de nos activit\u00e9s et de diffuser les conclusions tir\u00e9es de notre exp\u00e9rience aupr\u00e8s des diff\u00e9rentes parties prenantes. En outre, nous veillerons \u00e0 ce que l&#039;infrastructure num\u00e9rique et de communication d&#039;EUNICE soit aussi efficace que possible et continuellement am\u00e9lior\u00e9e. &lt;br&gt;&lt;x id=&quot;gid_0&quot;&gt;&lt;\/x&gt;EUNICE Work Package 5 Leader : Gabriel Moncali\u00e1n Montes (Universit\u00e9 de Cantabrie, Espagne).    \u00ab\u00a0][\/team_member][\/vc_column_inner][\/vc_row_inner][\/vc_column][\/vc_row]\n","protected":false},"excerpt":{"rendered":"<p>[vc_row type=\u00a0\u00bbin_container\u00a0\u00bb full_screen_row_position=\u00a0\u00bbmiddle\u00a0\u00bb column_margin=\u00a0\u00bbdefault\u00a0\u00bb column_direction=\u00a0\u00bbdefault\u00a0\u00bb column_direction_tablet=\u00a0\u00bbdefault\u00a0\u00bb column_direction_phone=\u00a0\u00bbdefault\u00a0\u00bb scene_position=\u00a0\u00bbcenter\u00a0\u00bb top_padding=\u00a0\u00bb7%\u00a0\u00bb bottom_padding=\u00a0\u00bb7%\u00a0\u00bb text_color=\u00a0\u00bbdark\u00a0\u00bb text_align=\u00a0\u00bbleft\u00a0\u00bb row_border_radius=\u00a0\u00bbnone\u00a0\u00bb row_border_radius_applies=\u00a0\u00bbbg\u00a0\u00bb overflow=\u00a0\u00bbvisible\u00a0\u00bb overlay_strength=\u00a0\u00bb0.3&Prime; gradient_direction=\u00a0\u00bbleft_to_right\u00a0\u00bb shape_divider_position=\u00a0\u00bbbottom\u00a0\u00bb bg_image_animation=\u00a0\u00bbnone\u00a0\u00bb][vc_column column_padding=\u00a0\u00bbno-extra-padding\u00a0\u00bb column_padding_tablet=\u00a0\u00bbinherit\u00a0\u00bb column_padding_phone=\u00a0\u00bbinherit\u00a0\u00bb column_padding_position=\u00a0\u00bball\u00a0\u00bb column_element_direction_desktop=\u00a0\u00bbdefault\u00a0\u00bb column_element_spacing=\u00a0\u00bbdefault\u00a0\u00bb&#8230;<\/p>\n","protected":false},"author":1,"featured_media":0,"parent":0,"menu_order":0,"comment_status":"closed","ping_status":"closed","template":"","meta":{"_acf_changed":false,"_uag_custom_page_level_css":"","footnotes":""},"class_list":["post-57990","page","type-page","status-publish"],"acf":[],"uagb_featured_image_src":{"full":false,"thumbnail":false,"medium":false,"medium_large":false,"large":false,"1536x1536":false,"2048x2048":false,"portfolio-thumb":false,"nectar_small_square":false,"portfolio-thumb_large":false,"portfolio-thumb_small":false,"portfolio-widget":false,"wide":false,"wide_photography":false,"wide_small":false,"regular":false,"regular_small":false,"tall":false,"wide_tall":false,"large_featured":false,"medium_featured":false},"uagb_author_info":{"display_name":"\u00c1rea web Unican","author_link":"https:\/\/eunice-university.eu\/fr\/author\/sc9bxrjbaufus7pj\/"},"uagb_comment_info":0,"uagb_excerpt":"[vc_row type=\u00a0\u00bbin_container\u00a0\u00bb full_screen_row_position=\u00a0\u00bbmiddle\u00a0\u00bb column_margin=\u00a0\u00bbdefault\u00a0\u00bb column_direction=\u00a0\u00bbdefault\u00a0\u00bb column_direction_tablet=\u00a0\u00bbdefault\u00a0\u00bb column_direction_phone=\u00a0\u00bbdefault\u00a0\u00bb scene_position=\u00a0\u00bbcenter\u00a0\u00bb top_padding=\u00a0\u00bb7%\u00a0\u00bb bottom_padding=\u00a0\u00bb7%\u00a0\u00bb text_color=\u00a0\u00bbdark\u00a0\u00bb text_align=\u00a0\u00bbleft\u00a0\u00bb row_border_radius=\u00a0\u00bbnone\u00a0\u00bb row_border_radius_applies=\u00a0\u00bbbg\u00a0\u00bb overflow=\u00a0\u00bbvisible\u00a0\u00bb overlay_strength=\u00a0\u00bb0.3&Prime; gradient_direction=\u00a0\u00bbleft_to_right\u00a0\u00bb shape_divider_position=\u00a0\u00bbbottom\u00a0\u00bb bg_image_animation=\u00a0\u00bbnone\u00a0\u00bb][vc_column column_padding=\u00a0\u00bbno-extra-padding\u00a0\u00bb column_padding_tablet=\u00a0\u00bbinherit\u00a0\u00bb column_padding_phone=\u00a0\u00bbinherit\u00a0\u00bb column_padding_position=\u00a0\u00bball\u00a0\u00bb column_element_direction_desktop=\u00a0\u00bbdefault\u00a0\u00bb column_element_spacing=\u00a0\u00bbdefault\u00a0\u00bb...","_links":{"self":[{"href":"https:\/\/eunice-university.eu\/fr\/wp-json\/wp\/v2\/pages\/57990","targetHints":{"allow":["GET"]}}],"collection":[{"href":"https:\/\/eunice-university.eu\/fr\/wp-json\/wp\/v2\/pages"}],"about":[{"href":"https:\/\/eunice-university.eu\/fr\/wp-json\/wp\/v2\/types\/page"}],"author":[{"embeddable":true,"href":"https:\/\/eunice-university.eu\/fr\/wp-json\/wp\/v2\/users\/1"}],"replies":[{"embeddable":true,"href":"https:\/\/eunice-university.eu\/fr\/wp-json\/wp\/v2\/comments?post=57990"}],"version-history":[{"count":2,"href":"https:\/\/eunice-university.eu\/fr\/wp-json\/wp\/v2\/pages\/57990\/revisions"}],"predecessor-version":[{"id":57993,"href":"https:\/\/eunice-university.eu\/fr\/wp-json\/wp\/v2\/pages\/57990\/revisions\/57993"}],"wp:attachment":[{"href":"https:\/\/eunice-university.eu\/fr\/wp-json\/wp\/v2\/media?parent=57990"}],"curies":[{"name":"wp","href":"https:\/\/api.w.org\/{rel}","templated":true}]}}