{"id":62439,"date":"2023-01-18T14:51:41","date_gmt":"2023-01-18T13:51:41","guid":{"rendered":"https:\/\/eunice-university.eu\/contaminatio-lab\/"},"modified":"2026-03-03T11:40:09","modified_gmt":"2026-03-03T10:40:09","slug":"contaminatio-lab","status":"publish","type":"page","link":"https:\/\/eunice-university.eu\/it\/contaminatio-lab\/","title":{"rendered":"Contaminatio Lab"},"content":{"rendered":"[vc_row type=&#8221;full_width_background&#8221; full_screen_row_position=&#8221;middle&#8221; column_margin=&#8221;default&#8221; column_direction=&#8221;default&#8221; column_direction_tablet=&#8221;default&#8221; column_direction_phone=&#8221;default&#8221; bg_image=&#8221;11612&#8243; bg_position=&#8221;center center&#8221; background_image_loading=&#8221;default&#8221; bg_repeat=&#8221;no-repeat&#8221; scene_position=&#8221;center&#8221; top_padding=&#8221;30&#8243; bottom_padding=&#8221;30&#8243; text_color=&#8221;dark&#8221; text_align=&#8221;left&#8221; row_border_radius=&#8221;none&#8221; row_border_radius_applies=&#8221;bg&#8221; overflow=&#8221;visible&#8221; overlay_strength=&#8221;0.3&#8243; gradient_direction=&#8221;left_to_right&#8221; shape_divider_position=&#8221;bottom&#8221; bg_image_animation=&#8221;none&#8221; gradient_type=&#8221;default&#8221; shape_type=&#8221;&#8221;][vc_column column_padding=&#8221;no-extra-padding&#8221; column_padding_tablet=&#8221;inherit&#8221; column_padding_phone=&#8221;inherit&#8221; column_padding_position=&#8221;all&#8221; column_element_direction_desktop=&#8221;default&#8221; column_element_spacing=&#8221;default&#8221; desktop_text_alignment=&#8221;default&#8221; tablet_text_alignment=&#8221;default&#8221; phone_text_alignment=&#8221;default&#8221; background_color_opacity=&#8221;1&#8243; background_hover_color_opacity=&#8221;1&#8243; column_backdrop_filter=&#8221;none&#8221; column_shadow=&#8221;none&#8221; column_border_radius=&#8221;none&#8221; column_link_target=&#8221;_self&#8221; column_position=&#8221;default&#8221; gradient_direction=&#8221;left_to_right&#8221; overlay_strength=&#8221;0.3&#8243; width=&#8221;1\/1&#8243; tablet_width_inherit=&#8221;default&#8221; animation_type=&#8221;default&#8221; bg_image_animation=&#8221;none&#8221; border_type=&#8221;simple&#8221; column_border_width=&#8221;none&#8221; column_border_style=&#8221;solid&#8221;][nectar_highlighted_text color_type=&#8221;regular&#8221; highlight_color=&#8221;#ffffff&#8221; style=&#8221;full_text&#8221; highlight_expansion=&#8221;default&#8221; font_line_height=&#8221;3.5&#8243;]\n<h1 style=\"text-align: center\">EUNICE CONTAMINATION LAB<\/h1>\n[\/nectar_highlighted_text][\/vc_column][\/vc_row][vc_row type=&#8221;in_container&#8221; full_screen_row_position=&#8221;middle&#8221; column_margin=&#8221;default&#8221; column_direction=&#8221;default&#8221; column_direction_tablet=&#8221;default&#8221; column_direction_phone=&#8221;default&#8221; scene_position=&#8221;center&#8221; text_color=&#8221;dark&#8221; text_align=&#8221;left&#8221; row_border_radius=&#8221;none&#8221; row_border_radius_applies=&#8221;bg&#8221; overflow=&#8221;visible&#8221; overlay_strength=&#8221;0.3&#8243; gradient_direction=&#8221;left_to_right&#8221; shape_divider_position=&#8221;bottom&#8221; bg_image_animation=&#8221;none&#8221;][vc_column column_padding=&#8221;no-extra-padding&#8221; column_padding_tablet=&#8221;inherit&#8221; column_padding_phone=&#8221;inherit&#8221; column_padding_position=&#8221;all&#8221; column_element_direction_desktop=&#8221;default&#8221; column_element_spacing=&#8221;default&#8221; desktop_text_alignment=&#8221;default&#8221; tablet_text_alignment=&#8221;default&#8221; phone_text_alignment=&#8221;default&#8221; background_color_opacity=&#8221;1&#8243; background_hover_color_opacity=&#8221;1&#8243; column_backdrop_filter=&#8221;none&#8221; column_shadow=&#8221;none&#8221; column_border_radius=&#8221;none&#8221; column_link_target=&#8221;_self&#8221; column_position=&#8221;default&#8221; gradient_direction=&#8221;left_to_right&#8221; overlay_strength=&#8221;0.3&#8243; width=&#8221;1\/2&#8243; tablet_width_inherit=&#8221;default&#8221; animation_type=&#8221;default&#8221; bg_image_animation=&#8221;none&#8221; border_type=&#8221;simple&#8221; column_border_width=&#8221;none&#8221; column_border_style=&#8221;solid&#8221;][divider line_type=&#8221;No Line&#8221; custom_height=&#8221;45&#8243;][vc_column_text]\n<h3><strong>LAVORO DI SQUADRA INTERNAZIONALE<\/strong><\/h3>\n<p>Il laboratorio on-line EUNICE Contamination Lab \u00e8 dedicato alla sperimentazione del lavoro di squadra e la coordinazione di un team interdisciplinare e multiculturale, e sperimentare con la pratica la <strong>sfida di generare un&#8217;idea<\/strong> e svilupparla in un progetto fattibile.<\/p>\n<p>Gli studenti impareranno &#8220;by doing&#8221; una <strong>metodologia snella<\/strong> per convalidare un&#8217;idea e il suo potenziale imprenditoriale.<\/p>\n<p>EUNICE raggrupper\u00e0 gli studenti iscritti in team transnazionali che lavoreranno insieme per <strong>sviluppare un&#8217;idea con il supporto di tutor specializzati<\/strong> provenienti dal mondo accademico e industriale. Durante l&#8217;evento finale (26 maggio), i team presenteranno le loro idee a una giuria di valutazione. I team migliori saranno premiati con l&#8217;accesso alla Summer School.  <\/p>\n<p>&nbsp;<\/p>\n<h3><strong>EDUCAZIONE ALL&#8217;IMPRENDITORIALIT\u00c0<\/strong><\/h3>\n<p>L&#8217;E-CLab si propone di riunire il talento degli studenti universitari dell&#8217;alleanza, attraverso un approccio didattico innovativo e informale.<\/p>\n<p>Fin dal primo giorno, con il supporto dei tutor designati dalle Universit\u00e0 dell&#8217;alleanza Eunice, gli studenti saranno stimolati a proporre le attivit\u00e0 e le idee che daranno vita al progetto e che potranno eventualmente sfociare in proposte di commercializzazione dei risultati della R&amp;S (ad esempio licenze\/brevetti), imprenditorialit\u00e0 accademica (ad esempio spin-off) e imprenditorialit\u00e0 studentesca (ad esempio start-up).<\/p>\n<p><strong>Come possiamo raggiungere questo obiettivo?<\/strong><\/p>\n<p>&#8211; Con l&#8217;aiuto di un&#8217;azienda esterna specializzata in innovazione.<br \/>\n&#8211; Con l&#8217;aiuto di una partnership di piccole medie e grandi aziende locali.<br \/>\n&#8211; Con l&#8217;aiuto di una rete per facilitare l&#8217;accesso degli studenti alle competenze e alle risorse.[\/vc_column_text][divider line_type=&#8221;No Line&#8221;][\/vc_column][vc_column column_padding=&#8221;no-extra-padding&#8221; column_padding_tablet=&#8221;inherit&#8221; column_padding_phone=&#8221;inherit&#8221; column_padding_position=&#8221;all&#8221; column_element_direction_desktop=&#8221;default&#8221; column_element_spacing=&#8221;default&#8221; desktop_text_alignment=&#8221;center&#8221; tablet_text_alignment=&#8221;default&#8221; phone_text_alignment=&#8221;default&#8221; background_color_opacity=&#8221;1&#8243; background_hover_color_opacity=&#8221;1&#8243; column_backdrop_filter=&#8221;none&#8221; column_shadow=&#8221;none&#8221; column_border_radius=&#8221;none&#8221; column_link_target=&#8221;_self&#8221; column_position=&#8221;default&#8221; gradient_direction=&#8221;left_to_right&#8221; overlay_strength=&#8221;0.3&#8243; width=&#8221;1\/2&#8243; tablet_width_inherit=&#8221;default&#8221; animation_type=&#8221;default&#8221; bg_image_animation=&#8221;none&#8221; border_type=&#8221;simple&#8221; column_border_width=&#8221;none&#8221; column_border_style=&#8221;solid&#8221; column_padding_type=&#8221;default&#8221; gradient_type=&#8221;default&#8221;][divider line_type=&#8221;No Line&#8221; custom_height=&#8221;65&#8243;][vc_column_text css=&#8221;.vc_custom_1675671579305{border-top-width: 1px !important;border-right-width: 1px !important;border-bottom-width: 1px !important;border-left-width: 1px !important;}&#8221;]\n<h3 style=\"text-align: center\"><strong>GIORNATE APERTE DI E-CLAB<\/strong><\/h3>\n[\/vc_column_text][vc_column_text css=&#8221;.vc_custom_1697200329335{background-color: #7ca1ea !important;border-radius: 1px !important;}&#8221;]\n<p style=\"text-align: center\"><strong>10 febbraio 2023<\/strong> &#8211; 15:00-16:30 h.<br \/>\n<strong>17 febbraio 2023<\/strong> &#8211; 9:00-10:30 h.<\/p>\n<p style=\"text-align: center\"><strong><a style=\"color: #3366ff\" href=\"https:\/\/treeform.typeform.com\/opendayeclab\" target=\"_blank\" rel=\"noopener\">Registrati qui<\/a><\/strong><\/p>\n<p style=\"text-align: center\"><em>Ricorda di accettare le condizioni del GDPR per ricevere ulteriori promemoria all&#8217;inizio della formazione.<\/em><\/p>\n[\/vc_column_text][vc_column_text css=&#8221;.vc_custom_1697200346267{background-color: #ededed !important;border-radius: 1px !important;}&#8221;]\n<p style=\"text-align: center\"><strong>Aperto a tutti gli studenti EUNICE (Bachelor, Master, PhD)<\/strong><\/p>\n<p style=\"text-align: center\"><a style=\"color: #3366ff\" href=\"https:\/\/eunice-university.eu\/wp-content\/uploads\/2023\/01\/ECLAB-programme.jpg\">Programma dei workshop<\/a><\/p>\n<p style=\"text-align: center\"><strong>SCADENZA DELLE CANDIDATURE: 28 FEBBRAIO<\/strong><\/p>\n[\/vc_column_text][nectar_btn size=&#8221;jumbo&#8221; open_new_tab=&#8221;true&#8221; button_style=&#8221;regular-tilt&#8221; button_color=&#8221;Accent-Color&#8221; icon_family=&#8221;default_arrow&#8221; text=&#8221;CANDIDATI SUBITO QUI&#8221; margin_left=&#8221;10&#8243; url=&#8221;https:\/\/treeform.typeform.com\/to\/jPxFnZFs&#8221;][divider line_type=&#8221;No Line&#8221; custom_height=&#8221;45&#8243;][image_with_animation image_url=&#8221;11518&#8243; image_size=&#8221;full&#8221; animation_type=&#8221;entrance&#8221; animation=&#8221;None&#8221; animation_movement_type=&#8221;transform_y&#8221; hover_animation=&#8221;none&#8221; alignment=&#8221;&#8221; border_radius=&#8221;none&#8221; box_shadow=&#8221;none&#8221; image_loading=&#8221;default&#8221; max_width=&#8221;100%&#8221; max_width_mobile=&#8221;default&#8221; margin_left=&#8221;10&#8243;][vc_column_text]\n<p style=\"text-align: center\"><em>Lo staff di EUNICE al lavoro sull&#8217;ECLAB<\/em><\/p>\n[\/vc_column_text][\/vc_column][\/vc_row][vc_row type=&#8221;in_container&#8221; full_screen_row_position=&#8221;middle&#8221; column_margin=&#8221;20px&#8221; column_direction=&#8221;default&#8221; column_direction_tablet=&#8221;default&#8221; column_direction_phone=&#8221;default&#8221; scene_position=&#8221;center&#8221; text_color=&#8221;dark&#8221; text_align=&#8221;left&#8221; row_border_radius=&#8221;none&#8221; row_border_radius_applies=&#8221;bg&#8221; overflow=&#8221;visible&#8221; overlay_strength=&#8221;0.3&#8243; gradient_direction=&#8221;left_to_right&#8221; shape_divider_position=&#8221;bottom&#8221; bg_image_animation=&#8221;none&#8221; gradient_type=&#8221;default&#8221; shape_type=&#8221;&#8221;][vc_column column_padding=&#8221;no-extra-padding&#8221; column_padding_tablet=&#8221;inherit&#8221; column_padding_phone=&#8221;inherit&#8221; column_padding_position=&#8221;all&#8221; column_element_direction_desktop=&#8221;default&#8221; column_element_spacing=&#8221;default&#8221; desktop_text_alignment=&#8221;default&#8221; tablet_text_alignment=&#8221;default&#8221; phone_text_alignment=&#8221;default&#8221; background_color_opacity=&#8221;1&#8243; background_hover_color_opacity=&#8221;1&#8243; column_backdrop_filter=&#8221;none&#8221; column_shadow=&#8221;none&#8221; column_border_radius=&#8221;none&#8221; column_link_target=&#8221;_self&#8221; column_position=&#8221;default&#8221; gradient_direction=&#8221;left_to_right&#8221; overlay_strength=&#8221;0.3&#8243; width=&#8221;1\/1&#8243; tablet_width_inherit=&#8221;default&#8221; animation_type=&#8221;default&#8221; bg_image_animation=&#8221;none&#8221; border_type=&#8221;simple&#8221; column_border_width=&#8221;none&#8221; column_border_style=&#8221;solid&#8221;][vc_column_text text_direction=&#8221;default&#8221;]\n<h3><strong>LABORATORI<\/strong><\/h3>\n<p>Il programma inizier\u00e0 nel marzo del 2023 con una serie di <strong>10 workshop online<\/strong> gestiti dalle universit\u00e0 partecipanti e da aziende specializzate nell&#8217;innovazione. Gli studenti potranno usufruire di una piattaforma virtuale innovativa che permetter\u00e0 loro di interagire come nella vita reale. <\/p>\n<p>Questi saranno completati da una <strong><span style=\"color: #3366ff\"><a style=\"color: #3366ff\" href=\"https:\/\/eunice-university.eu\/summer-schools-in-catania\/\">una Summer-School in presenza di una settimana presso l&#8217;Universit\u00e0 di Catania<\/a> <\/span><\/strong>nella seconda settimana di luglio 2023 per i migliori team e le entit\u00e0 associate (laboratori di ricerca, aziende).[\/vc_column_text][\/vc_column][\/vc_row][vc_row type=&#8221;in_container&#8221; full_screen_row_position=&#8221;middle&#8221; column_margin=&#8221;20px&#8221; column_direction=&#8221;default&#8221; column_direction_tablet=&#8221;default&#8221; column_direction_phone=&#8221;default&#8221; scene_position=&#8221;center&#8221; text_color=&#8221;dark&#8221; text_align=&#8221;left&#8221; row_border_radius=&#8221;none&#8221; row_border_radius_applies=&#8221;bg&#8221; overflow=&#8221;visible&#8221; overlay_strength=&#8221;0.3&#8243; gradient_direction=&#8221;left_to_right&#8221; shape_divider_position=&#8221;bottom&#8221; bg_image_animation=&#8221;none&#8221; gradient_type=&#8221;default&#8221; shape_type=&#8221;&#8221;][vc_column column_padding=&#8221;no-extra-padding&#8221; column_padding_tablet=&#8221;inherit&#8221; column_padding_phone=&#8221;inherit&#8221; column_padding_position=&#8221;all&#8221; column_element_direction_desktop=&#8221;default&#8221; column_element_spacing=&#8221;default&#8221; desktop_text_alignment=&#8221;default&#8221; tablet_text_alignment=&#8221;default&#8221; phone_text_alignment=&#8221;default&#8221; background_color_opacity=&#8221;1&#8243; background_hover_color_opacity=&#8221;1&#8243; column_backdrop_filter=&#8221;none&#8221; column_shadow=&#8221;none&#8221; column_border_radius=&#8221;none&#8221; column_link_target=&#8221;_self&#8221; column_position=&#8221;default&#8221; gradient_direction=&#8221;left_to_right&#8221; overlay_strength=&#8221;0.3&#8243; width=&#8221;1\/2&#8243; tablet_width_inherit=&#8221;default&#8221; animation_type=&#8221;default&#8221; bg_image_animation=&#8221;none&#8221; border_type=&#8221;simple&#8221; column_border_width=&#8221;none&#8221; column_border_style=&#8221;solid&#8221;][vc_column_text]<strong>Programma:<\/strong><\/p>\n<ul>\n<li><strong>10 marzo &#8211; 26 maggio 2023: workshop online<br \/>\n<\/strong>Tutti i venerd\u00ec, dalle 9:00 alle 12:00.<\/li>\n<li><strong>10 &#8211; 14 luglio 2023: Scuola estiva<\/strong><\/li>\n<\/ul>\n<p><strong>Contenuti:<\/strong><\/p>\n<ul>\n<li>10 marzo: Riunione di avvio e testimonianze ispirate.<\/li>\n<li>17 marzo: Generazione di idee.<\/li>\n<li>24 marzo: Metodologia Lean 1: Convalida del problema.<\/li>\n<li>31 marzo: Metodologia Lean 2: Problem solution fit.<\/li>\n<\/ul>\n<p>(Pausa di Pasqua)<\/p>\n<ul>\n<li>14 aprile: Comunicazione interculturale.<\/li>\n<li>21 aprile: Business model canvas.<\/li>\n<li>28 aprile: Sfida delle idee.<\/li>\n<li>5 maggio: Competiors e dimensioni del mercato.<\/li>\n<li>12 maggio: Finanza.<\/li>\n<li>19 maggio: Preparazione della pesentazione.<\/li>\n<li>26 maggio: Evento finale &#8211; Presentazione delle idee delle squadre e premiazione.<\/li>\n<\/ul>\n[\/vc_column_text][divider line_type=&#8221;No Line&#8221;][vc_row_inner column_margin=&#8221;default&#8221; column_direction=&#8221;default&#8221; column_direction_tablet=&#8221;default&#8221; column_direction_phone=&#8221;default&#8221; text_align=&#8221;left&#8221; row_position=&#8221;default&#8221; row_position_tablet=&#8221;inherit&#8221; row_position_phone=&#8221;inherit&#8221; overflow=&#8221;visible&#8221; pointer_events=&#8221;all&#8221;][vc_column_inner column_padding=&#8221;no-extra-padding&#8221; column_padding_tablet=&#8221;inherit&#8221; column_padding_phone=&#8221;inherit&#8221; column_padding_position=&#8221;all&#8221; column_element_direction_desktop=&#8221;default&#8221; column_element_spacing=&#8221;default&#8221; centered_text=&#8221;true&#8221; desktop_text_alignment=&#8221;default&#8221; tablet_text_alignment=&#8221;default&#8221; phone_text_alignment=&#8221;default&#8221; background_color_opacity=&#8221;1&#8243; background_hover_color_opacity=&#8221;1&#8243; column_backdrop_filter=&#8221;none&#8221; column_shadow=&#8221;none&#8221; column_border_radius=&#8221;none&#8221; column_link_target=&#8221;_self&#8221; overflow=&#8221;visible&#8221; gradient_direction=&#8221;left_to_right&#8221; overlay_strength=&#8221;0.3&#8243; width=&#8221;1\/1&#8243; tablet_width_inherit=&#8221;default&#8221; animation_type=&#8221;default&#8221; bg_image_animation=&#8221;none&#8221; border_type=&#8221;simple&#8221; column_border_width=&#8221;none&#8221; column_border_style=&#8221;solid&#8221; column_padding_type=&#8221;default&#8221; gradient_type=&#8221;default&#8221;][vc_column_text]\n<p style=\"text-align: center\"><strong>Termine ultimo per la presentazione delle domande: 28 febbraio<\/strong><\/p>\n[\/vc_column_text][nectar_btn size=&#8221;jumbo&#8221; open_new_tab=&#8221;true&#8221; button_style=&#8221;regular-tilt&#8221; button_color=&#8221;Accent-Color&#8221; icon_family=&#8221;default_arrow&#8221; text=&#8221;FAI DOMANDA QUI&#8221; margin_left=&#8221;10&#8243; url=&#8221;https:\/\/treeform.typeform.com\/to\/jPxFnZFs&#8221;][\/vc_column_inner][\/vc_row_inner][\/vc_column][vc_column column_padding=&#8221;no-extra-padding&#8221; column_padding_tablet=&#8221;inherit&#8221; column_padding_phone=&#8221;inherit&#8221; column_padding_position=&#8221;all&#8221; column_element_direction_desktop=&#8221;default&#8221; column_element_spacing=&#8221;default&#8221; desktop_text_alignment=&#8221;default&#8221; tablet_text_alignment=&#8221;default&#8221; phone_text_alignment=&#8221;default&#8221; background_color_opacity=&#8221;1&#8243; background_hover_color_opacity=&#8221;1&#8243; column_backdrop_filter=&#8221;none&#8221; column_shadow=&#8221;none&#8221; column_border_radius=&#8221;none&#8221; column_link_target=&#8221;_self&#8221; column_position=&#8221;default&#8221; gradient_direction=&#8221;left_to_right&#8221; overlay_strength=&#8221;0.3&#8243; width=&#8221;1\/2&#8243; tablet_width_inherit=&#8221;default&#8221; animation_type=&#8221;default&#8221; bg_image_animation=&#8221;none&#8221; border_type=&#8221;simple&#8221; column_border_width=&#8221;none&#8221; column_border_style=&#8221;solid&#8221;][image_with_animation image_url=&#8221;11607&#8243; image_size=&#8221;full&#8221; animation_type=&#8221;entrance&#8221; animation=&#8221;None&#8221; animation_movement_type=&#8221;transform_y&#8221; hover_animation=&#8221;none&#8221; alignment=&#8221;&#8221; border_radius=&#8221;none&#8221; box_shadow=&#8221;none&#8221; image_loading=&#8221;default&#8221; max_width=&#8221;100%&#8221; max_width_mobile=&#8221;default&#8221; margin_left=&#8221;10&#8243;][\/vc_column][\/vc_row][vc_row type=&#8221;in_container&#8221; full_screen_row_position=&#8221;middle&#8221; column_margin=&#8221;default&#8221; column_direction=&#8221;default&#8221; column_direction_tablet=&#8221;default&#8221; column_direction_phone=&#8221;default&#8221; scene_position=&#8221;center&#8221; text_color=&#8221;dark&#8221; text_align=&#8221;left&#8221; row_border_radius=&#8221;none&#8221; row_border_radius_applies=&#8221;bg&#8221; overflow=&#8221;visible&#8221; overlay_strength=&#8221;0.3&#8243; gradient_direction=&#8221;left_to_right&#8221; shape_divider_position=&#8221;bottom&#8221; bg_image_animation=&#8221;none&#8221;][vc_column column_padding=&#8221;no-extra-padding&#8221; column_padding_tablet=&#8221;inherit&#8221; column_padding_phone=&#8221;inherit&#8221; column_padding_position=&#8221;all&#8221; column_element_direction_desktop=&#8221;default&#8221; column_element_spacing=&#8221;default&#8221; desktop_text_alignment=&#8221;default&#8221; tablet_text_alignment=&#8221;default&#8221; phone_text_alignment=&#8221;default&#8221; background_color_opacity=&#8221;1&#8243; background_hover_color_opacity=&#8221;1&#8243; column_backdrop_filter=&#8221;none&#8221; column_shadow=&#8221;none&#8221; column_border_radius=&#8221;none&#8221; column_link_target=&#8221;_self&#8221; column_position=&#8221;default&#8221; gradient_direction=&#8221;left_to_right&#8221; overlay_strength=&#8221;0.3&#8243; width=&#8221;1\/1&#8243; tablet_width_inherit=&#8221;default&#8221; animation_type=&#8221;default&#8221; bg_image_animation=&#8221;none&#8221; border_type=&#8221;simple&#8221; column_border_width=&#8221;none&#8221; column_border_style=&#8221;solid&#8221;][vc_column_text]\n<h3><strong>INFORMAZIONI IMPORTANTI<\/strong><\/h3>\n<p>I processi di <strong>selezione<\/strong> degli studenti e di formazione delle squadre avranno luogo e si concluderanno nel febbraio 2023.<\/p>\n<p>Tutte queste attivit\u00e0 possono essere riconosciute con una certificazione di frequenza del programma. L&#8217;ufficio EUNICE locale sar\u00e0 in grado di informarti sulla possibilit\u00e0 di riconoscimento ECTS (CFU) e sulle procedure da seguire. <\/p>\n<p>Gli studenti dei migliori team individuati nell&#8217;evento finale del CLab avranno un supporto individuale e la copertura <strong>dei costi di viaggio<\/strong> per la summer school a Catania.[\/vc_column_text][vc_column_text]<strong>CONTATTI<\/strong><\/p>\n<ul>\n<li>Pozna\u0144 University of Technology (PUT): <a href=\"mailto:eunice.admissions@put.poznan.pl\"><strong>eunice.admissions@put.poznan.pl<\/strong><\/a><\/li>\n<li>Brandenburg University of Technology(BTU): <strong><a href=\"mailto:christin.handrek@b-tu.de\">christin.handrek@b-tu.de<\/a><\/strong> oppure <strong><a href=\"mailto:christin.handrek@b-tu.de\"><span class=\"cf0\">viktor.zakar<\/span><!--EndFragment -->@b-tu.de<\/a><\/strong><\/li>\n<li>University of Cantabria(UC): <strong><a href=\"mailto:eunicelab.info@opinno.com\">eunice@unican.es<\/a> <\/strong> <\/li>\n<li>University of Mons (UMONS): <a href=\"mailto:dominique.vitry@umons.ac.be\"><strong>dominique.vitry@umons.ac.be<\/strong><\/a><\/li>\n<li>Universit\u00e0 di Catania (UNICT): <a href=\"mailto:eunice@unict.it\"><strong>eunice@unict.it<\/strong><\/a><\/li>\n<li>Polytechnic University of Hauts-de-France (UPHF): <strong><a href=\"mailto:international_out@uphf.fr\">international_out@uphf.fr;<\/a> <a href=\"mailto:eunice@uphf.fr\">eunice@uphf.fr <\/a><\/strong> <\/li>\n<li>University of Vaasa (UVA): <a href=\"mailto:eunice@uwasa.fi\"><strong>eunice@uwasa.fi<\/strong><\/a><\/li>\n<li>Per problemi tecnici: <a href=\"mailto:eunicelab.info@opinno.com\"><strong>eunicelab.info@opinno.com<\/strong><\/a><\/li>\n<\/ul>\n[\/vc_column_text][divider line_type=&#8221;No Line&#8221;][\/vc_column][\/vc_row]\n","protected":false},"excerpt":{"rendered":"<p>[vc_row type=&#8221;full_width_background&#8221; full_screen_row_position=&#8221;middle&#8221; column_margin=&#8221;default&#8221; column_direction=&#8221;default&#8221; column_direction_tablet=&#8221;default&#8221; column_direction_phone=&#8221;default&#8221; bg_image=&#8221;11612&#8243; bg_position=&#8221;center center&#8221; background_image_loading=&#8221;default&#8221; bg_repeat=&#8221;no-repeat&#8221; scene_position=&#8221;center&#8221; top_padding=&#8221;30&#8243; bottom_padding=&#8221;30&#8243; text_color=&#8221;dark&#8221; text_align=&#8221;left&#8221; row_border_radius=&#8221;none&#8221; row_border_radius_applies=&#8221;bg&#8221; overflow=&#8221;visible&#8221; overlay_strength=&#8221;0.3&#8243; gradient_direction=&#8221;left_to_right&#8221; shape_divider_position=&#8221;bottom&#8221; bg_image_animation=&#8221;none&#8221; gradient_type=&#8221;default&#8221;&#8230;<\/p>\n","protected":false},"author":14,"featured_media":0,"parent":0,"menu_order":0,"comment_status":"closed","ping_status":"closed","template":"","meta":{"_acf_changed":false,"_uag_custom_page_level_css":"","footnotes":""},"class_list":["post-62439","page","type-page","status-publish"],"acf":[],"uagb_featured_image_src":{"full":false,"thumbnail":false,"medium":false,"medium_large":false,"large":false,"1536x1536":false,"2048x2048":false,"portfolio-thumb":false,"nectar_small_square":false,"portfolio-thumb_large":false,"portfolio-thumb_small":false,"portfolio-widget":false,"wide":false,"wide_photography":false,"wide_small":false,"regular":false,"regular_small":false,"tall":false,"wide_tall":false,"large_featured":false,"medium_featured":false},"uagb_author_info":{"display_name":"Ceballos Boyden, Lydia Ana","author_link":"https:\/\/eunice-university.eu\/it\/author\/8pyz8kqe93udy3fy\/"},"uagb_comment_info":0,"uagb_excerpt":"[vc_row type=&#8221;full_width_background&#8221; full_screen_row_position=&#8221;middle&#8221; column_margin=&#8221;default&#8221; column_direction=&#8221;default&#8221; column_direction_tablet=&#8221;default&#8221; column_direction_phone=&#8221;default&#8221; bg_image=&#8221;11612&#8243; bg_position=&#8221;center center&#8221; background_image_loading=&#8221;default&#8221; bg_repeat=&#8221;no-repeat&#8221; scene_position=&#8221;center&#8221; top_padding=&#8221;30&#8243; bottom_padding=&#8221;30&#8243; text_color=&#8221;dark&#8221; text_align=&#8221;left&#8221; row_border_radius=&#8221;none&#8221; row_border_radius_applies=&#8221;bg&#8221; overflow=&#8221;visible&#8221; overlay_strength=&#8221;0.3&#8243; gradient_direction=&#8221;left_to_right&#8221; shape_divider_position=&#8221;bottom&#8221; bg_image_animation=&#8221;none&#8221; gradient_type=&#8221;default&#8221;...","_links":{"self":[{"href":"https:\/\/eunice-university.eu\/it\/wp-json\/wp\/v2\/pages\/62439","targetHints":{"allow":["GET"]}}],"collection":[{"href":"https:\/\/eunice-university.eu\/it\/wp-json\/wp\/v2\/pages"}],"about":[{"href":"https:\/\/eunice-university.eu\/it\/wp-json\/wp\/v2\/types\/page"}],"author":[{"embeddable":true,"href":"https:\/\/eunice-university.eu\/it\/wp-json\/wp\/v2\/users\/14"}],"replies":[{"embeddable":true,"href":"https:\/\/eunice-university.eu\/it\/wp-json\/wp\/v2\/comments?post=62439"}],"version-history":[{"count":2,"href":"https:\/\/eunice-university.eu\/it\/wp-json\/wp\/v2\/pages\/62439\/revisions"}],"predecessor-version":[{"id":62441,"href":"https:\/\/eunice-university.eu\/it\/wp-json\/wp\/v2\/pages\/62439\/revisions\/62441"}],"wp:attachment":[{"href":"https:\/\/eunice-university.eu\/it\/wp-json\/wp\/v2\/media?parent=62439"}],"curies":[{"name":"wp","href":"https:\/\/api.w.org\/{rel}","templated":true}]}}