{"id":54967,"date":"2021-05-13T10:12:14","date_gmt":"2021-05-13T08:12:14","guid":{"rendered":"https:\/\/eunice-university.eu\/nasza-praca\/"},"modified":"2025-07-17T15:34:44","modified_gmt":"2025-07-17T13:34:44","slug":"nasza-praca","status":"publish","type":"page","link":"https:\/\/eunice-university.eu\/pl\/nasza-praca\/","title":{"rendered":"Nasza praca"},"content":{"rendered":"[vc_row type=&#8221;in_container&#8221; full_screen_row_position=&#8221;middle&#8221; column_margin=&#8221;default&#8221; column_direction=&#8221;default&#8221; column_direction_tablet=&#8221;default&#8221; column_direction_phone=&#8221;default&#8221; scene_position=&#8221;center&#8221; top_padding=&#8221;7%&#8221; bottom_padding=&#8221;7%&#8221; text_color=&#8221;dark&#8221; text_align=&#8221;left&#8221; row_border_radius=&#8221;none&#8221; row_border_radius_applies=&#8221;bg&#8221; overflow=&#8221;visible&#8221; overlay_strength=&#8221;0.3&#8243; gradient_direction=&#8221;left_to_right&#8221; shape_divider_position=&#8221;bottom&#8221; bg_image_animation=&#8221;none&#8221;][vc_column column_padding=&#8221;no-extra-padding&#8221; column_padding_tablet=&#8221;inherit&#8221; column_padding_phone=&#8221;inherit&#8221; column_padding_position=&#8221;all&#8221; column_element_direction_desktop=&#8221;default&#8221; column_element_spacing=&#8221;default&#8221; desktop_text_alignment=&#8221;default&#8221; tablet_text_alignment=&#8221;default&#8221; phone_text_alignment=&#8221;default&#8221; background_color_opacity=&#8221;1&#8243; background_hover_color_opacity=&#8221;1&#8243; column_backdrop_filter=&#8221;none&#8221; column_shadow=&#8221;none&#8221; column_border_radius=&#8221;none&#8221; column_link_target=&#8221;_self&#8221; column_position=&#8221;default&#8221; gradient_direction=&#8221;left_to_right&#8221; overlay_strength=&#8221;0.3&#8243; width=&#8221;1\/1&#8243; tablet_width_inherit=&#8221;default&#8221; animation_type=&#8221;default&#8221; bg_image_animation=&#8221;none&#8221; border_type=&#8221;simple&#8221; column_border_width=&#8221;none&#8221; column_border_style=&#8221;solid&#8221;][vc_row_inner column_margin=&#8221;default&#8221; column_direction=&#8221;default&#8221; column_direction_tablet=&#8221;default&#8221; column_direction_phone=&#8221;default&#8221; bottom_padding=&#8221;60&#8243; text_align=&#8221;left&#8221; row_position=&#8221;default&#8221; row_position_tablet=&#8221;inherit&#8221; row_position_phone=&#8221;inherit&#8221; overflow=&#8221;visible&#8221; pointer_events=&#8221;all&#8221;][vc_column_inner column_padding=&#8221;no-extra-padding&#8221; column_padding_tablet=&#8221;inherit&#8221; column_padding_phone=&#8221;inherit&#8221; column_padding_position=&#8221;all&#8221; column_element_direction_desktop=&#8221;default&#8221; column_element_spacing=&#8221;default&#8221; centered_text=&#8221;true&#8221; desktop_text_alignment=&#8221;default&#8221; tablet_text_alignment=&#8221;default&#8221; phone_text_alignment=&#8221;default&#8221; background_color_opacity=&#8221;1&#8243; background_hover_color_opacity=&#8221;1&#8243; column_backdrop_filter=&#8221;none&#8221; column_shadow=&#8221;none&#8221; column_border_radius=&#8221;none&#8221; column_link_target=&#8221;_self&#8221; overflow=&#8221;visible&#8221; gradient_direction=&#8221;left_to_right&#8221; overlay_strength=&#8221;0.3&#8243; width=&#8221;1\/2&#8243; tablet_width_inherit=&#8221;default&#8221; animation_type=&#8221;default&#8221; bg_image_animation=&#8221;none&#8221; border_type=&#8221;simple&#8221; column_border_width=&#8221;none&#8221; column_border_style=&#8221;solid&#8221;][vc_custom_heading text=&#8221;Jak to robimy&#8221; use_theme_fonts=&#8221;yes&#8221;][divider line_type=&#8221;No Line&#8221; custom_height=&#8221;25&#8243;][vc_column_text max_width=&#8221;1000&#8243; text_direction=&#8221;default&#8221;]\n<p style=\"text-align: left\">Odkryj, jak realizowany jest nasz ambitny projekt w dziesi\u0119ciu krajach, wspieraj\u0105c prac\u0119 zespo\u0142ow\u0105, wsp\u00f3\u0142prac\u0119 online i innowacje. Dzi\u0119ki harmonijnemu po\u0142\u0105czeniu wirtualnej wsp\u00f3\u0142pracy, regularnych spotka\u0144 online i anga\u017cuj\u0105cych wydarze\u0144 twarz\u0105 w twarz, realizujemy nasz\u0105 misj\u0119 budowania Uniwersytetu Europejskiego w pi\u0119ciu kluczowych obszarach. <\/p>\n<p style=\"text-align: left\"><strong>Do\u0142\u0105cz do nas w tej dynamicznej eksploracji wsp\u00f3lnych osi\u0105gni\u0119\u0107 i post\u0119pu.<\/strong><\/p>\n[\/vc_column_text][\/vc_column_inner][\/vc_row_inner][vc_row_inner column_margin=&#8221;default&#8221; column_direction=&#8221;default&#8221; column_direction_tablet=&#8221;default&#8221; column_direction_phone=&#8221;default&#8221; text_align=&#8221;left&#8221; row_position=&#8221;default&#8221; row_position_tablet=&#8221;inherit&#8221; row_position_phone=&#8221;inherit&#8221; overflow=&#8221;visible&#8221; pointer_events=&#8221;all&#8221; css=&#8221;.vc_custom_1728467596704{border-color: #000000 !important;}&#8221;][vc_column_inner column_padding=&#8221;no-extra-padding&#8221; column_padding_tablet=&#8221;inherit&#8221; column_padding_phone=&#8221;inherit&#8221; column_padding_position=&#8221;all&#8221; column_element_direction_desktop=&#8221;default&#8221; column_element_spacing=&#8221;default&#8221; desktop_text_alignment=&#8221;default&#8221; tablet_text_alignment=&#8221;default&#8221; phone_text_alignment=&#8221;default&#8221; background_color_opacity=&#8221;1&#8243; background_hover_color_opacity=&#8221;1&#8243; column_backdrop_filter=&#8221;none&#8221; column_shadow=&#8221;none&#8221; column_border_radius=&#8221;none&#8221; column_link_target=&#8221;_self&#8221; overflow=&#8221;visible&#8221; gradient_direction=&#8221;left_to_right&#8221; overlay_strength=&#8221;0.3&#8243; width=&#8221;1\/3&#8243; tablet_width_inherit=&#8221;default&#8221; animation_type=&#8221;default&#8221; enable_animation=&#8221;true&#8221; animation=&#8221;grow-in&#8221; animation_easing=&#8221;default&#8221; bg_image_animation=&#8221;none&#8221; border_type=&#8221;simple&#8221; column_border_width=&#8221;none&#8221; column_border_style=&#8221;solid&#8221;][team_member image_url=&#8221;6200&#8243; bio_alt_image_url=&#8221;18013&#8243; team_memeber_style=&#8221;bio_fullscreen_alt&#8221; image_loading=&#8221;default&#8221; team_member_bio_full_html=&#8221;simple&#8221; name=&#8221;Wydajno\u015b\u0107 zespo\u0142u w r\u00f3\u017cnych krajach&#8221; job_position=&#8221;Zarz\u0105dzanie&#8221; team_member_bio=&#8221;Aby umo\u017cliwi\u0107 wsp\u00f3\u0142prac\u0119 pomi\u0119dzy dziesi\u0119cioma renomowanymi instytucjami, stworzyli\u015bmy przejrzyst\u0105 struktur\u0119 zarz\u0105dzania, kt\u00f3rej g\u0142\u00f3wnym wyzwaniem jest wsp\u00f3\u0142istnienie w warunkach specyficznego sposobu pracy ka\u017cdego z uniwersytet\u00f3w partnerskich.<\/p>\n<p>Wsp\u00f3lnie okre\u015blili\u015bmy zasady dzia\u0142ania, cele, terminy i zasoby. Obecnie, korzystaj\u0105c z wiedzy dziesi\u0119ciu uniwersytet\u00f3w z r\u00f3\u017cnych dziedzin zarz\u0105dzania projektami, pracujemy nad stworzeniem innowacyjnej struktury Uniwersytetu Europejskiego jako jednego wsp\u00f3lnego podmiotu, ze wsp\u00f3lnymi przepisami, w ramach kt\u00f3rego b\u0119dziemy mogli zapewni\u0107 nie tylko doskona\u0142\u0105 jako\u015b\u0107 wynik\u00f3w, zgodno\u015b\u0107 z przepisami i wydajno\u015b\u0107, ale tak\u017ce s\u0142u\u017cy\u0107 jako wz\u00f3r dla innych instytucji. <\/p>\n<p>Lider obszaru zarz\u0105dzania w EUNICE: Mariusz Glabowski, Politechnika Pozna\u0144ska (Polska)&#8221;][\/team_member][\/vc_column_inner][vc_column_inner column_padding=&#8221;no-extra-padding&#8221; column_padding_tablet=&#8221;inherit&#8221; column_padding_phone=&#8221;inherit&#8221; column_padding_position=&#8221;all&#8221; column_element_direction_desktop=&#8221;default&#8221; column_element_spacing=&#8221;default&#8221; desktop_text_alignment=&#8221;default&#8221; tablet_text_alignment=&#8221;default&#8221; phone_text_alignment=&#8221;default&#8221; background_color_opacity=&#8221;1&#8243; background_hover_color_opacity=&#8221;1&#8243; column_backdrop_filter=&#8221;none&#8221; column_shadow=&#8221;none&#8221; column_border_radius=&#8221;none&#8221; column_link_target=&#8221;_self&#8221; overflow=&#8221;visible&#8221; gradient_direction=&#8221;left_to_right&#8221; overlay_strength=&#8221;0.3&#8243; width=&#8221;1\/3&#8243; tablet_width_inherit=&#8221;default&#8221; animation_type=&#8221;default&#8221; enable_animation=&#8221;true&#8221; animation=&#8221;grow-in&#8221; animation_easing=&#8221;default&#8221; bg_image_animation=&#8221;none&#8221; border_type=&#8221;simple&#8221; column_border_width=&#8221;none&#8221; column_border_style=&#8221;solid&#8221;][team_member image_url=&#8221;16932&#8243; bio_alt_image_url=&#8221;16873&#8243; team_memeber_style=&#8221;bio_fullscreen_alt&#8221; image_loading=&#8221;default&#8221; team_member_bio_full_html=&#8221;simple&#8221; name=&#8221;Elastyczna, spersonalizowana edukacja&#8221; job_position=&#8221;Oferta akademicka&#8221; team_member_bio=&#8221;Nasza d\u0142ugoterminowa wizja wykracza poza samo oferowanie wsp\u00f3lnych program\u00f3w akademickich i kurs\u00f3w przez dziesi\u0119ciu partner\u00f3w. Obejmuje ona holistyczne podej\u015bcie zgodne z misj\u0105 EUNICE.<br \/>\nZaczynaj\u0105c od zidentyfikowania kluczowych kompetencji EUNICE w celu wzbogacenia naszej wsp\u00f3lnej oferty akademickiej, naszym celem jest r\u00f3wnie\u017c nadanie priorytetu nauczaniu j\u0119zyk\u00f3w obcych, aby wspiera\u0107 \u015bwiadomo\u015b\u0107 mi\u0119dzykulturow\u0105 i wsp\u00f3lne warto\u015bci w ramach EUNICE.<br \/>\nTen kompleksowy proces obejmuje dog\u0142\u0119bn\u0105 prac\u0119 nad zapewnieniem sp\u00f3jno\u015bci proces\u00f3w akademickich i administracyjnych, promuj\u0105c w ten spos\u00f3b doskona\u0142o\u015b\u0107 pedagogiczn\u0105 i innowacyjno\u015b\u0107 na wszystkich uniwersytetach EUNICE.<\/p>\n<p>Mened\u017cer ds. oferty akademickiej EUNICE: Hounaida Frikha, Universit\u00e9 Polytechnique Hauts-de-France (Francja)&#8221;][\/team_member][\/vc_column_inner][vc_column_inner column_padding=&#8221;no-extra-padding&#8221; column_padding_tablet=&#8221;inherit&#8221; column_padding_phone=&#8221;inherit&#8221; column_padding_position=&#8221;all&#8221; column_element_direction_desktop=&#8221;default&#8221; column_element_spacing=&#8221;default&#8221; desktop_text_alignment=&#8221;default&#8221; tablet_text_alignment=&#8221;default&#8221; phone_text_alignment=&#8221;default&#8221; background_color_opacity=&#8221;1&#8243; background_hover_color_opacity=&#8221;1&#8243; column_backdrop_filter=&#8221;none&#8221; column_shadow=&#8221;none&#8221; column_border_radius=&#8221;none&#8221; column_link_target=&#8221;_self&#8221; overflow=&#8221;visible&#8221; gradient_direction=&#8221;left_to_right&#8221; overlay_strength=&#8221;0.3&#8243; width=&#8221;1\/3&#8243; tablet_width_inherit=&#8221;default&#8221; animation_type=&#8221;default&#8221; enable_animation=&#8221;true&#8221; animation=&#8221;grow-in&#8221; animation_easing=&#8221;default&#8221; bg_image_animation=&#8221;none&#8221; border_type=&#8221;simple&#8221; column_border_width=&#8221;none&#8221; column_border_style=&#8221;solid&#8221;][team_member image_url=&#8221;5985&#8243; bio_alt_image_url=&#8221;18050&#8243; team_memeber_style=&#8221;bio_fullscreen_alt&#8221; image_loading=&#8221;default&#8221; team_member_bio_full_html=&#8221;simple&#8221; name=&#8221;Kszta\u0142cenie obywateli dla przysz\u0142ej Europy&#8221; job_position=&#8221;Nauka przez do\u015bwiadczenie&#8221; team_member_bio=&#8221;Pakiet Roboczy nr 3 EUNICE ma na celu popraw\u0119 jako\u015bci uczenia si\u0119 przez do\u015bwiadczenie i liczby mobilno\u015bci w ramach sojuszu, wspieraj\u0105c przyw\u00f3dztwo student\u00f3w, kluczowe kompetencje i warto\u015bci europejskie.<br \/>\nKluczowe strategie obejmuj\u0105 ustanowienie komitet\u00f3w doradczych na poziomie instytucji, mobilizacj\u0119 i wzmocnienie pozycji student\u00f3w poprzez tworzenie klub\u00f3w studenckich EUNICE oraz u\u0142atwianie spotka\u0144 przedstawicieli dziesi\u0119ciu uniwersytet\u00f3w partnerskich.<br \/>\nZobowi\u0105zuj\u0105c si\u0119 do promowania integracyjnych i zr\u00f3wnowa\u017conych \u015brodowiskowo wymian, EUNICE zapewnia r\u00f3wny dost\u0119p do transformacyjnych mo\u017cliwo\u015bci edukacyjnych. Ponadto w ramach WP3 organizowane s\u0105 wydarzenia kulturalne i sportowe, a tak\u017ce letnie obozy edukacyjne umo\u017cliwiaj\u0105ce szersze zaanga\u017cowanie spo\u0142eczno\u015bci.<br \/>\nDzi\u0119ki tym wysi\u0142kom i wieloaspektowym inicjatywom, EUNICE stara si\u0119 zapewni\u0107 wzbogacaj\u0105ce do\u015bwiadczenia i mo\u017cliwo\u015bci, piel\u0119gnuj\u0105c europejskie warto\u015bci i kultywuj\u0105c silne poczucie wsp\u00f3lnoty w\u015br\u00f3d swoich cz\u0142onk\u00f3w, jednocze\u015bnie inspiruj\u0105c energicznych i otwartych na \u015bwiat student\u00f3w do dzia\u0142ania jako obywatele naszego dynamicznego i powi\u0105zanego \u015bwiata.<br \/>\nMened\u017cer obszaru Experiential Learning dla EUNICE: Susana Amante, Polytechnic Institute of Viseu (Portugalia) &#8222;][\/team_member][\/vc_column_inner][\/vc_row_inner][vc_row_inner column_margin=&#8221;default&#8221; column_direction=&#8221;default&#8221; column_direction_tablet=&#8221;default&#8221; column_direction_phone=&#8221;default&#8221; text_align=&#8221;left&#8221; row_position=&#8221;default&#8221; row_position_tablet=&#8221;inherit&#8221; row_position_phone=&#8221;inherit&#8221; overflow=&#8221;visible&#8221; pointer_events=&#8221;all&#8221;][vc_column_inner column_padding=&#8221;no-extra-padding&#8221; column_padding_tablet=&#8221;inherit&#8221; column_padding_phone=&#8221;inherit&#8221; column_padding_position=&#8221;all&#8221; column_element_direction_desktop=&#8221;default&#8221; column_element_spacing=&#8221;default&#8221; desktop_text_alignment=&#8221;default&#8221; tablet_text_alignment=&#8221;default&#8221; phone_text_alignment=&#8221;default&#8221; background_color_opacity=&#8221;1&#8243; background_hover_color_opacity=&#8221;1&#8243; column_backdrop_filter=&#8221;none&#8221; column_shadow=&#8221;none&#8221; column_border_radius=&#8221;none&#8221; column_link_target=&#8221;_self&#8221; overflow=&#8221;visible&#8221; gradient_direction=&#8221;left_to_right&#8221; overlay_strength=&#8221;0.3&#8243; width=&#8221;1\/3&#8243; tablet_width_inherit=&#8221;default&#8221; animation_type=&#8221;default&#8221; enable_animation=&#8221;true&#8221; animation=&#8221;grow-in&#8221; animation_easing=&#8221;default&#8221; bg_image_animation=&#8221;none&#8221; border_type=&#8221;simple&#8221; column_border_width=&#8221;none&#8221; column_border_style=&#8221;solid&#8221;][team_member image_url=&#8221;6174&#8243; bio_alt_image_url=&#8221;6127&#8243; team_memeber_style=&#8221;bio_fullscreen_alt&#8221; image_loading=&#8221;default&#8221; team_member_bio_full_html=&#8221;simple&#8221; name=&#8221;Skracanie dystansu mi\u0119dzy uczelni\u0105 a biznesem&#8221; job_position=&#8221;Badania i przedsi\u0119biorczo\u015b\u0107&#8221; team_member_bio=&#8221;Aby pom\u00f3c naszym studentom w rozwoju zawodowym i zwi\u0119kszy\u0107 ich umiej\u0119tno\u015bci w zakresie przedsi\u0119biorczo\u015bci, opracowujemy metod\u0119 kszta\u0142cenia ukierunkowan\u0105 na potrzeby bran\u017cy, kt\u00f3ra pozwala naszym studentom sta\u0107 si\u0119 profesjonalistami poszukiwanymi na rynku pracy. Metoda ta opiera si\u0119 na kompleksowej analizie aktualnego \u015brodowiska akademickiego i biznesowego.<\/p>\n<p>Zapewnimy mi\u0119dzysektorowe i multidyscyplinarne sta\u017ce przemys\u0142owe studentom, co pozwoli im na zdobycie do\u015bwiadczenia zawodowego we wszystkich dziesi\u0119ciu krajach, w kt\u00f3rych jeste\u015bmy obecni.<br \/>\nNasze programy kszta\u0142cenia dualnego koncentruj\u0105 si\u0119 na dostosowaniu program\u00f3w nauczania i umiej\u0119tno\u015bci absolwent\u00f3w do ich kariery zawodowej, poprawie \u015bcie\u017cek zatrudnienia dla naszych student\u00f3w oraz zapewnienia przedsi\u0119biorstwom zasob\u00f3w ludzkich, kt\u00f3rych naprawd\u0119 potrzebuj\u0105, aby prosperowa\u0107.<\/p>\n<p>Mened\u017cer ds. spo\u0142ecze\u0144stwa i obszaru biznesowego w EUNICE: Lucia Zappal\u00e0, Uniwersytet w Katanii (W\u0142ochy)&#8221;][\/team_member][\/vc_column_inner][vc_column_inner column_padding=&#8221;no-extra-padding&#8221; column_padding_tablet=&#8221;inherit&#8221; column_padding_phone=&#8221;inherit&#8221; column_padding_position=&#8221;all&#8221; column_element_direction_desktop=&#8221;default&#8221; column_element_spacing=&#8221;default&#8221; desktop_text_alignment=&#8221;default&#8221; tablet_text_alignment=&#8221;default&#8221; phone_text_alignment=&#8221;default&#8221; background_color_opacity=&#8221;1&#8243; background_hover_color_opacity=&#8221;1&#8243; column_backdrop_filter=&#8221;none&#8221; column_shadow=&#8221;none&#8221; column_border_radius=&#8221;none&#8221; column_link_target=&#8221;_self&#8221; overflow=&#8221;visible&#8221; gradient_direction=&#8221;left_to_right&#8221; overlay_strength=&#8221;0.3&#8243; width=&#8221;1\/3&#8243; tablet_width_inherit=&#8221;default&#8221; animation_type=&#8221;default&#8221; enable_animation=&#8221;true&#8221; animation=&#8221;grow-in&#8221; animation_easing=&#8221;default&#8221; bg_image_animation=&#8221;none&#8221; border_type=&#8221;simple&#8221; column_border_width=&#8221;none&#8221; column_border_style=&#8221;solid&#8221; column_padding_type=&#8221;default&#8221; gradient_type=&#8221;default&#8221;][team_member image_url=&#8221;6206&#8243; bio_alt_image_url=&#8221;17096&#8243; team_memeber_style=&#8221;bio_fullscreen_alt&#8221; image_loading=&#8221;default&#8221; team_member_bio_full_html=&#8221;simple&#8221; name=&#8221;Wywieranie wp\u0142ywu&#8221; job_position=&#8221;Rozpowszechnianie, cyfryzacja i wp\u0142yw&#8221; team_member_bio=&#8221;Pakiet roboczy nr 5 opracuje r\u00f3\u017cne narz\u0119dzia w zakresie cyfryzacji, komunikacji i oddzia\u0142ywania, kt\u00f3re b\u0119d\u0105 s\u0142u\u017cy\u0107 prawid\u0142owemu rozwojowi i wdra\u017caniu inicjatyw EUNICE. Je\u015bli nie b\u0119dziemy informowa\u0107 o tym, co robimy, r\u00f3wnie dobrze mo\u017cemy nic nie robi\u0107. B\u0119dziemy zatem prowadzi\u0107 strategiczn\u0105 komunikacj\u0119 i wzmocnimy zasoby komunikacyjne, aby wspiera\u0107 skuteczne wdra\u017canie naszych dzia\u0142a\u0144 i rozpowszechnia\u0107 wnioski wyci\u0105gni\u0119te z naszych do\u015bwiadcze\u0144 w\u015br\u00f3d r\u00f3\u017cnych zainteresowanych stron. Ponadto zapewnimy, aby infrastruktura cyfrowa i komunikacyjna EUNICE by\u0142a jak najbardziej wydajna i stale ulepszana w celu maksymalizacji jej przydatno\u015bci do okre\u015blonego celu. Wa\u017cne jest r\u00f3wnie\u017c, i jest to kolejny cel tego pakietu roboczego, dokonanie przegl\u0105du skuteczno\u015bci dzia\u0142a\u0144 EUNICE w celu zidentyfikowania sukces\u00f3w i wyci\u0105gni\u0119cia wniosk\u00f3w dla Sojuszu i innych interesariuszy szkolnictwa wy\u017cszego.<br \/>\nGabriel Moncali\u00e1n Montes (University of Cantabira, Hiszpania), Lider Pakietu Roboczego 5 w EUNICE    &#8222;][\/team_member][\/vc_column_inner][\/vc_row_inner][\/vc_column][\/vc_row]\n","protected":false},"excerpt":{"rendered":"<p>[vc_row type=&#8221;in_container&#8221; full_screen_row_position=&#8221;middle&#8221; column_margin=&#8221;default&#8221; column_direction=&#8221;default&#8221; column_direction_tablet=&#8221;default&#8221; column_direction_phone=&#8221;default&#8221; scene_position=&#8221;center&#8221; top_padding=&#8221;7%&#8221; bottom_padding=&#8221;7%&#8221; text_color=&#8221;dark&#8221; text_align=&#8221;left&#8221; row_border_radius=&#8221;none&#8221; row_border_radius_applies=&#8221;bg&#8221; overflow=&#8221;visible&#8221; overlay_strength=&#8221;0.3&#8243; gradient_direction=&#8221;left_to_right&#8221; shape_divider_position=&#8221;bottom&#8221; bg_image_animation=&#8221;none&#8221;][vc_column column_padding=&#8221;no-extra-padding&#8221; column_padding_tablet=&#8221;inherit&#8221; column_padding_phone=&#8221;inherit&#8221; column_padding_position=&#8221;all&#8221; column_element_direction_desktop=&#8221;default&#8221; column_element_spacing=&#8221;default&#8221;&#8230;<\/p>\n","protected":false},"author":1,"featured_media":0,"parent":0,"menu_order":0,"comment_status":"closed","ping_status":"closed","template":"","meta":{"_acf_changed":false,"_uag_custom_page_level_css":"","footnotes":""},"class_list":["post-54967","page","type-page","status-publish"],"acf":[],"uagb_featured_image_src":{"full":false,"thumbnail":false,"medium":false,"medium_large":false,"large":false,"1536x1536":false,"2048x2048":false,"portfolio-thumb":false,"nectar_small_square":false,"portfolio-thumb_large":false,"portfolio-thumb_small":false,"portfolio-widget":false,"wide":false,"wide_photography":false,"wide_small":false,"regular":false,"regular_small":false,"tall":false,"wide_tall":false,"large_featured":false,"medium_featured":false},"uagb_author_info":{"display_name":"\u00c1rea web Unican","author_link":"https:\/\/eunice-university.eu\/pl\/author\/sc9bxrjbaufus7pj\/"},"uagb_comment_info":0,"uagb_excerpt":"[vc_row type=&#8221;in_container&#8221; full_screen_row_position=&#8221;middle&#8221; column_margin=&#8221;default&#8221; column_direction=&#8221;default&#8221; column_direction_tablet=&#8221;default&#8221; column_direction_phone=&#8221;default&#8221; scene_position=&#8221;center&#8221; top_padding=&#8221;7%&#8221; bottom_padding=&#8221;7%&#8221; text_color=&#8221;dark&#8221; text_align=&#8221;left&#8221; row_border_radius=&#8221;none&#8221; row_border_radius_applies=&#8221;bg&#8221; overflow=&#8221;visible&#8221; overlay_strength=&#8221;0.3&#8243; gradient_direction=&#8221;left_to_right&#8221; shape_divider_position=&#8221;bottom&#8221; bg_image_animation=&#8221;none&#8221;][vc_column column_padding=&#8221;no-extra-padding&#8221; column_padding_tablet=&#8221;inherit&#8221; column_padding_phone=&#8221;inherit&#8221; column_padding_position=&#8221;all&#8221; column_element_direction_desktop=&#8221;default&#8221; column_element_spacing=&#8221;default&#8221;...","_links":{"self":[{"href":"https:\/\/eunice-university.eu\/pl\/wp-json\/wp\/v2\/pages\/54967","targetHints":{"allow":["GET"]}}],"collection":[{"href":"https:\/\/eunice-university.eu\/pl\/wp-json\/wp\/v2\/pages"}],"about":[{"href":"https:\/\/eunice-university.eu\/pl\/wp-json\/wp\/v2\/types\/page"}],"author":[{"embeddable":true,"href":"https:\/\/eunice-university.eu\/pl\/wp-json\/wp\/v2\/users\/1"}],"replies":[{"embeddable":true,"href":"https:\/\/eunice-university.eu\/pl\/wp-json\/wp\/v2\/comments?post=54967"}],"version-history":[{"count":2,"href":"https:\/\/eunice-university.eu\/pl\/wp-json\/wp\/v2\/pages\/54967\/revisions"}],"predecessor-version":[{"id":54969,"href":"https:\/\/eunice-university.eu\/pl\/wp-json\/wp\/v2\/pages\/54967\/revisions\/54969"}],"wp:attachment":[{"href":"https:\/\/eunice-university.eu\/pl\/wp-json\/wp\/v2\/media?parent=54967"}],"curies":[{"name":"wp","href":"https:\/\/api.w.org\/{rel}","templated":true}]}}