{"id":55036,"date":"2021-12-22T12:41:55","date_gmt":"2021-12-22T11:41:55","guid":{"rendered":"https:\/\/eunice-university.eu\/kursy\/"},"modified":"2025-08-20T12:30:52","modified_gmt":"2025-08-20T10:30:52","slug":"kursy","status":"publish","type":"page","link":"https:\/\/eunice-university.eu\/pl\/kursy\/","title":{"rendered":"Kursy"},"content":{"rendered":"[vc_row type=&#8221;full_width_background&#8221; full_screen_row_position=&#8221;middle&#8221; column_margin=&#8221;default&#8221; column_direction=&#8221;default&#8221; column_direction_tablet=&#8221;default&#8221; column_direction_phone=&#8221;default&#8221; bg_image=&#8221;16935&#8243; bg_position=&#8221;center center&#8221; background_image_loading=&#8221;default&#8221; bg_repeat=&#8221;no-repeat&#8221; scene_position=&#8221;center&#8221; top_padding=&#8221;9%&#8221; bottom_padding=&#8221;4%&#8221; text_color=&#8221;dark&#8221; text_align=&#8221;left&#8221; row_border_radius=&#8221;none&#8221; row_border_radius_applies=&#8221;bg&#8221; overflow=&#8221;visible&#8221; color_overlay=&#8221;#ffffff&#8221; color_overlay_2=&#8221;#ffffff&#8221; overlay_strength=&#8221;0.3&#8243; gradient_direction=&#8221;left_to_right&#8221; shape_divider_position=&#8221;bottom&#8221; bg_image_animation=&#8221;none&#8221; gradient_type=&#8221;default&#8221; shape_type=&#8221;&#8221;][vc_column column_padding=&#8221;no-extra-padding&#8221; column_padding_tablet=&#8221;inherit&#8221; column_padding_phone=&#8221;inherit&#8221; column_padding_position=&#8221;all&#8221; column_element_direction_desktop=&#8221;default&#8221; column_element_spacing=&#8221;default&#8221; desktop_text_alignment=&#8221;default&#8221; tablet_text_alignment=&#8221;default&#8221; phone_text_alignment=&#8221;default&#8221; background_color_opacity=&#8221;1&#8243; background_hover_color_opacity=&#8221;1&#8243; column_backdrop_filter=&#8221;none&#8221; column_shadow=&#8221;none&#8221; column_border_radius=&#8221;none&#8221; column_link_target=&#8221;_self&#8221; column_position=&#8221;default&#8221; gradient_direction=&#8221;left_to_right&#8221; overlay_strength=&#8221;0.3&#8243; width=&#8221;1\/1&#8243; tablet_width_inherit=&#8221;default&#8221; animation_type=&#8221;default&#8221; bg_image_animation=&#8221;none&#8221; border_type=&#8221;simple&#8221; column_border_width=&#8221;none&#8221; column_border_style=&#8221;solid&#8221;][vc_column_text text_direction=&#8221;default&#8221;]\n<h1>KATALOG KURS\u00d3W<\/h1>\n[\/vc_column_text][nectar_highlighted_text color_type=&#8221;regular&#8221; style=&#8221;full_text&#8221; highlight_expansion=&#8221;default&#8221; custom_font_size=&#8221;2vw&#8221; text_direction=&#8221;default&#8221;]\n<h3 style=\"text-align: right\">Spersonalizuj swoj\u0105 przysz\u0142o\u015b\u0107<\/h3>\n[\/nectar_highlighted_text][divider line_type=&#8221;No Line&#8221;][\/vc_column][\/vc_row][vc_row type=&#8221;full_width_background&#8221; full_screen_row_position=&#8221;middle&#8221; column_margin=&#8221;default&#8221; column_direction=&#8221;default&#8221; column_direction_tablet=&#8221;default&#8221; column_direction_phone=&#8221;default&#8221; scene_position=&#8221;center&#8221; text_color=&#8221;dark&#8221; text_align=&#8221;left&#8221; row_border_radius=&#8221;none&#8221; row_border_radius_applies=&#8221;bg&#8221; overflow=&#8221;visible&#8221; overlay_strength=&#8221;0.3&#8243; gradient_direction=&#8221;left_to_right&#8221; shape_divider_position=&#8221;bottom&#8221; bg_image_animation=&#8221;none&#8221; gradient_type=&#8221;default&#8221; shape_type=&#8221;&#8221;][vc_column column_padding=&#8221;no-extra-padding&#8221; column_padding_tablet=&#8221;inherit&#8221; column_padding_phone=&#8221;inherit&#8221; column_padding_position=&#8221;all&#8221; column_element_direction_desktop=&#8221;default&#8221; column_element_spacing=&#8221;default&#8221; desktop_text_alignment=&#8221;default&#8221; tablet_text_alignment=&#8221;default&#8221; phone_text_alignment=&#8221;default&#8221; background_color_opacity=&#8221;1&#8243; background_hover_color_opacity=&#8221;1&#8243; column_backdrop_filter=&#8221;none&#8221; column_shadow=&#8221;none&#8221; column_border_radius=&#8221;none&#8221; column_link_target=&#8221;_self&#8221; column_position=&#8221;default&#8221; gradient_direction=&#8221;left_to_right&#8221; overlay_strength=&#8221;0.3&#8243; width=&#8221;1\/1&#8243; tablet_width_inherit=&#8221;default&#8221; animation_type=&#8221;default&#8221; bg_image_animation=&#8221;none&#8221; border_type=&#8221;simple&#8221; column_border_width=&#8221;none&#8221; column_border_style=&#8221;solid&#8221;][page_submenu alignment=&#8221;right&#8221; sticky=&#8221;true&#8221; bg_color=&#8221;#000000&#8243; link_color=&#8221;#ffffff&#8221;][page_link link_new_tab=&#8221;true&#8221; link_url=&#8221;https:\/\/eunice-university.eu\/courses\/courses-coordinators-contacts\/&#8221; title=&#8221;Skontaktuj si\u0119 ze swoim lokalnym koordynatorem kurs\u00f3w&#8221; id=&#8221;1732003465139-0&#8243; tab_id=&#8221;1732003465139-2&#8243;] [\/page_link][page_link link_new_tab=&#8221;true&#8221; link_url=&#8221;https:\/\/moodle.eunice-university.eu\/login\/index.php&#8221; title=&#8221;Platforma Moodle: rozpocznij nauk\u0119&#8221; id=&#8221;1732003465154-5&#8243; tab_id=&#8221;1732003465155-2&#8243;] [\/page_link][\/page_submenu][divider line_type=&#8221;No Line&#8221;][\/vc_column][\/vc_row][vc_row type=&#8221;in_container&#8221; full_screen_row_position=&#8221;middle&#8221; column_margin=&#8221;default&#8221; column_direction=&#8221;default&#8221; column_direction_tablet=&#8221;default&#8221; column_direction_phone=&#8221;default&#8221; scene_position=&#8221;center&#8221; left_margin=&#8221;10&#8243; text_color=&#8221;dark&#8221; text_align=&#8221;left&#8221; row_border_radius=&#8221;none&#8221; row_border_radius_applies=&#8221;bg&#8221; overflow=&#8221;visible&#8221; overlay_strength=&#8221;0.3&#8243; gradient_direction=&#8221;left_to_right&#8221; shape_divider_position=&#8221;bottom&#8221; bg_image_animation=&#8221;none&#8221; gradient_type=&#8221;default&#8221; shape_type=&#8221;&#8221;][vc_column column_padding=&#8221;no-extra-padding&#8221; column_padding_tablet=&#8221;inherit&#8221; column_padding_phone=&#8221;inherit&#8221; column_padding_position=&#8221;all&#8221; column_element_direction_desktop=&#8221;default&#8221; column_element_spacing=&#8221;default&#8221; desktop_text_alignment=&#8221;default&#8221; tablet_text_alignment=&#8221;default&#8221; phone_text_alignment=&#8221;default&#8221; background_color_opacity=&#8221;1&#8243; background_hover_color_opacity=&#8221;1&#8243; column_backdrop_filter=&#8221;none&#8221; column_shadow=&#8221;none&#8221; column_border_radius=&#8221;none&#8221; column_link_target=&#8221;_self&#8221; column_position=&#8221;default&#8221; gradient_direction=&#8221;left_to_right&#8221; overlay_strength=&#8221;0.3&#8243; width=&#8221;1\/1&#8243; tablet_width_inherit=&#8221;default&#8221; animation_type=&#8221;default&#8221; bg_image_animation=&#8221;none&#8221; border_type=&#8221;simple&#8221; column_border_width=&#8221;none&#8221; column_border_style=&#8221;solid&#8221; column_padding_type=&#8221;default&#8221; gradient_type=&#8221;default&#8221;][divider line_type=&#8221;No Line&#8221;][vc_column_text css=&#8221;&#8221; text_direction=&#8221;default&#8221;]Zupe\u0142nie <strong>nowa oferta multidyscyplinarnych kurs\u00f3w <\/strong>daje studentom EUNICE mo\u017cliwo\u015b\u0107 skorzystania z wiedzy 10 europejskich uniwersytet\u00f3w i dostosowania \u015bcie\u017cek kszta\u0142cenia do w\u0142asnych potrzeb.<\/p>\n<ul>\n<li>Oferujemy r\u00f3wnie\u017c <strong>kursy j\u0119zykowe<\/strong> &#8211; j\u0119zyk\u00f3w najcz\u0119\u015bciej u\u017cywanych w EUNICE.<\/li>\n<li>Opr\u00f3cz <strong>punkt\u00f3w ECTS<\/strong>, kursy EUNICE stanowi\u0105 dla student\u00f3w <strong>bezp\u0142atn\u0105 <\/strong>mo\u017cliwo\u015b\u0107 dostosowania programu nauczania do w\u0142asnych potrzeb.<\/li>\n<\/ul>\n[\/vc_column_text][toggles style=&#8221;minimal_shadow&#8221; border_radius=&#8221;5px&#8221;][toggle color=&#8221;Default&#8221; heading_tag=&#8221;default&#8221; heading_tag_functionality=&#8221;default&#8221; title=&#8221;Formy nauki&#8221;][vc_column_text css=&#8221;&#8221; text_direction=&#8221;default&#8221;]Kursy prowadzone s\u0105 <strong>w j\u0119zyku angielskim<\/strong> , a czasami w<strong> j\u0119zykach narodowych<\/strong> partner\u00f3w konsorcjum oraz r\u00f3\u017cnych <strong>formatach nauczania<\/strong>:<\/p>\n<ul>\n<li><span style=\"color: #3366ff\"><a style=\"color: #3366ff\" href=\"https:\/\/eunice-university.eu\/courses\/moodle-online-study\/\" target=\"_blank\" rel=\"noopener\"><strong>online<\/strong><\/a><\/span> -na \u017cywo lub w formie samodzielnej nauki-,<\/li>\n<li><strong>stacjonarnie lub w formule mieszanej <\/strong>(BIP &#8211; Blended Intensive Programmes). <a href=\"https:\/\/eunice-university.eu\/erasmus-student-physical-mobility\/\" target=\"_blank\" rel=\"noopener\"><span style=\"color: #3366ff\">Skontaktuj si\u0119 z biurem ds. wsp\u00f3\u0142pracy <\/span>mi\u0119dzynarodowej<\/a>, aby uzyska\u0107 informacje na temat dost\u0119pnych stypendi\u00f3w mobilno\u015bciowych.<\/li>\n<\/ul>\n[\/vc_column_text][\/toggle][toggle color=&#8221;Default&#8221; heading_tag=&#8221;default&#8221; heading_tag_functionality=&#8221;default&#8221; title=&#8221;Przed zg\u0142oszeniem si\u0119 na kurs&#8221;][vc_column_text css=&#8221;&#8221; text_direction=&#8221;default&#8221;]Upewnij si\u0119, \u017ce format nauczania, wymagania wst\u0119pne i harmonogram odpowiadaj\u0105 Twoim potrzebom, zapoznaj\u0105c si\u0119 z <strong>przewodnikiem <\/strong>(study guide) dost\u0119pnym dla ka\u017cdego kursu. Nale\u017cy r\u00f3wnie\u017c pami\u0119ta\u0107, \u017ce wi\u0119kszo\u015b\u0107 kurs\u00f3w ma ograniczon\u0105 liczb\u0119 miejsc, a kryteria wyboru mog\u0105 si\u0119 r\u00f3\u017cni\u0107 w zale\u017cno\u015bci od kursu. Kursy EUNICE s\u0105<strong> bezp\u0142atne i otwarte <\/strong>dla student\u00f3w wszystkich <span style=\"color: #3366ff\"><a style=\"color: #3366ff\" href=\"https:\/\/eunice-university.eu\/pl\/strona-glowna\/nasz-kampus\/\" target=\"_blank\" rel=\"noopener\">uczelni partnerskich EUNICE<\/a><\/span>.[\/vc_column_text][\/toggle][toggle color=&#8221;Default&#8221; heading_tag=&#8221;default&#8221; heading_tag_functionality=&#8221;default&#8221; title=&#8221;Kto mo\u017ce si\u0119 zg\u0142osi\u0107&#8221;][vc_column_text css=&#8221;&#8221; text_direction=&#8221;default&#8221;]Kursy EUNICE s\u0105 dost\u0119pne dla student\u00f3w, kadry naukowej i pracownik\u00f3w z dowolnego z dziesi\u0119ciu uniwersytet\u00f3w partnerskich EUNICE, pod warunkiem, spe\u0142nienia wymaga\u0144 okre\u015blonych w przewodniku po kursie (np. studia magisterskie).<\/p>\n<p>EUNICE oferuje r\u00f3wnie\u017c bezp\u0142atne masowe otwarte kursy online (Massive Open Online Course), kt\u00f3re s\u0105 kursami do samodzielnej nauki dost\u0119pnymi dla wszystkich, nawet je\u015bli nie s\u0105 cz\u0142onkami Uniwersytetu Europejskiego EUNICE.[\/vc_column_text][\/toggle][toggle color=&#8221;Default&#8221; heading_tag=&#8221;default&#8221; heading_tag_functionality=&#8221;default&#8221; title=&#8221;Op\u0142aty&#8221;][vc_column_text css=&#8221;&#8221; text_direction=&#8221;default&#8221;]Kursy EUNICE s\u0105 bezp\u0142atne: nie s\u0105 wymagane \u017cadne dodatkowe op\u0142aty.<\/p>\n<p>Studia na poziomie magisterskim: sprawd\u017a op\u0142aty rekrutacyjne na stronie internetowej ka\u017cdego z program\u00f3w.[\/vc_column_text][\/toggle][toggle color=&#8221;Default&#8221; heading_tag=&#8221;default&#8221; heading_tag_functionality=&#8221;default&#8221; title=&#8221;Inne pytania&#8221;][vc_column_text css=&#8221;&#8221; text_direction=&#8221;default&#8221;]W razie jakichkolwiek pyta\u0144 prosimy o kontakt z lokalnym <a style=\"color: #3366ff\" href=\"https:\/\/eunice-university.eu\/pl\/kursy\/koordynatorzy-kursow\/\" target=\"_blank\" rel=\"noopener\">koordynatorem kurs\u00f3w EUNICE<\/a>.[\/vc_column_text][\/toggle][\/toggles][divider line_type=&#8221;No Line&#8221; custom_height=&#8221;45&#8243;][split_line_heading animation_type=&#8221;default&#8221; text_direction=&#8221;default&#8221;]\n[\/split_line_heading][\/vc_column][\/vc_row]\n","protected":false},"excerpt":{"rendered":"<p>[vc_row type=&#8221;full_width_background&#8221; full_screen_row_position=&#8221;middle&#8221; column_margin=&#8221;default&#8221; column_direction=&#8221;default&#8221; column_direction_tablet=&#8221;default&#8221; column_direction_phone=&#8221;default&#8221; bg_image=&#8221;16935&#8243; bg_position=&#8221;center center&#8221; background_image_loading=&#8221;default&#8221; bg_repeat=&#8221;no-repeat&#8221; scene_position=&#8221;center&#8221; top_padding=&#8221;9%&#8221; bottom_padding=&#8221;4%&#8221; text_color=&#8221;dark&#8221; text_align=&#8221;left&#8221; row_border_radius=&#8221;none&#8221; row_border_radius_applies=&#8221;bg&#8221; overflow=&#8221;visible&#8221; color_overlay=&#8221;#ffffff&#8221; color_overlay_2=&#8221;#ffffff&#8221; overlay_strength=&#8221;0.3&#8243; gradient_direction=&#8221;left_to_right&#8221; shape_divider_position=&#8221;bottom&#8221;&#8230;<\/p>\n","protected":false},"author":13,"featured_media":0,"parent":0,"menu_order":0,"comment_status":"closed","ping_status":"closed","template":"","meta":{"_acf_changed":false,"_uag_custom_page_level_css":"","footnotes":""},"class_list":["post-55036","page","type-page","status-publish"],"acf":[],"uagb_featured_image_src":{"full":false,"thumbnail":false,"medium":false,"medium_large":false,"large":false,"1536x1536":false,"2048x2048":false,"portfolio-thumb":false,"nectar_small_square":false,"portfolio-thumb_large":false,"portfolio-thumb_small":false,"portfolio-widget":false,"wide":false,"wide_photography":false,"wide_small":false,"regular":false,"regular_small":false,"tall":false,"wide_tall":false,"large_featured":false,"medium_featured":false},"uagb_author_info":{"display_name":"Ana Lezama Arrieta","author_link":"https:\/\/eunice-university.eu\/pl\/author\/uc_comms2\/"},"uagb_comment_info":0,"uagb_excerpt":"[vc_row type=&#8221;full_width_background&#8221; full_screen_row_position=&#8221;middle&#8221; column_margin=&#8221;default&#8221; column_direction=&#8221;default&#8221; column_direction_tablet=&#8221;default&#8221; column_direction_phone=&#8221;default&#8221; bg_image=&#8221;16935&#8243; bg_position=&#8221;center center&#8221; background_image_loading=&#8221;default&#8221; bg_repeat=&#8221;no-repeat&#8221; scene_position=&#8221;center&#8221; top_padding=&#8221;9%&#8221; bottom_padding=&#8221;4%&#8221; text_color=&#8221;dark&#8221; text_align=&#8221;left&#8221; row_border_radius=&#8221;none&#8221; row_border_radius_applies=&#8221;bg&#8221; overflow=&#8221;visible&#8221; color_overlay=&#8221;#ffffff&#8221; color_overlay_2=&#8221;#ffffff&#8221; overlay_strength=&#8221;0.3&#8243; gradient_direction=&#8221;left_to_right&#8221; shape_divider_position=&#8221;bottom&#8221;...","_links":{"self":[{"href":"https:\/\/eunice-university.eu\/pl\/wp-json\/wp\/v2\/pages\/55036","targetHints":{"allow":["GET"]}}],"collection":[{"href":"https:\/\/eunice-university.eu\/pl\/wp-json\/wp\/v2\/pages"}],"about":[{"href":"https:\/\/eunice-university.eu\/pl\/wp-json\/wp\/v2\/types\/page"}],"author":[{"embeddable":true,"href":"https:\/\/eunice-university.eu\/pl\/wp-json\/wp\/v2\/users\/13"}],"replies":[{"embeddable":true,"href":"https:\/\/eunice-university.eu\/pl\/wp-json\/wp\/v2\/comments?post=55036"}],"version-history":[{"count":6,"href":"https:\/\/eunice-university.eu\/pl\/wp-json\/wp\/v2\/pages\/55036\/revisions"}],"predecessor-version":[{"id":55818,"href":"https:\/\/eunice-university.eu\/pl\/wp-json\/wp\/v2\/pages\/55036\/revisions\/55818"}],"wp:attachment":[{"href":"https:\/\/eunice-university.eu\/pl\/wp-json\/wp\/v2\/media?parent=55036"}],"curies":[{"name":"wp","href":"https:\/\/api.w.org\/{rel}","templated":true}]}}