{"id":60214,"date":"2023-01-18T14:51:41","date_gmt":"2023-01-18T13:51:41","guid":{"rendered":"https:\/\/eunice-university.eu\/laboratorio-de-contaminacao\/"},"modified":"2025-11-24T16:31:57","modified_gmt":"2025-11-24T15:31:57","slug":"laboratorio-de-contaminacao","status":"publish","type":"page","link":"https:\/\/eunice-university.eu\/pt-pt\/laboratorio-de-contaminacao\/","title":{"rendered":"Laborat\u00f3rio de Contamina\u00e7\u00e3o"},"content":{"rendered":"[vc_row type=&#8221;full_width_background&#8221; full_screen_row_position=&#8221;middle&#8221; column_margin=&#8221;default&#8221; column_direction=&#8221;default&#8221; column_direction_tablet=&#8221;default&#8221; column_direction_phone=&#8221;default&#8221; bg_image=&#8221;11612&#8243; bg_position=&#8221;center center&#8221; background_image_loading=&#8221;default&#8221; bg_repeat=&#8221;no-repeat&#8221; scene_position=&#8221;center&#8221; top_padding=&#8221;30&#8243; bottom_padding=&#8221;30&#8243; text_color=&#8221;dark&#8221; text_align=&#8221;left&#8221; row_border_radius=&#8221;none&#8221; row_border_radius_applies=&#8221;bg&#8221; overflow=&#8221;visible&#8221; overlay_strength=&#8221;0.3&#8243; gradient_direction=&#8221;left_to_right&#8221; shape_divider_position=&#8221;bottom&#8221; bg_image_animation=&#8221;none&#8221; gradient_type=&#8221;default&#8221; shape_type=&#8221;&#8221;][vc_column column_padding=&#8221;no-extra-padding&#8221; column_padding_tablet=&#8221;inherit&#8221; column_padding_phone=&#8221;inherit&#8221; column_padding_position=&#8221;all&#8221; column_element_direction_desktop=&#8221;default&#8221; column_element_spacing=&#8221;default&#8221; desktop_text_alignment=&#8221;default&#8221; tablet_text_alignment=&#8221;default&#8221; phone_text_alignment=&#8221;default&#8221; background_color_opacity=&#8221;1&#8243; background_hover_color_opacity=&#8221;1&#8243; column_backdrop_filter=&#8221;none&#8221; column_shadow=&#8221;none&#8221; column_border_radius=&#8221;none&#8221; column_link_target=&#8221;_self&#8221; column_position=&#8221;default&#8221; gradient_direction=&#8221;left_to_right&#8221; overlay_strength=&#8221;0.3&#8243; width=&#8221;1\/1&#8243; tablet_width_inherit=&#8221;default&#8221; animation_type=&#8221;default&#8221; bg_image_animation=&#8221;none&#8221; border_type=&#8221;simple&#8221; column_border_width=&#8221;none&#8221; column_border_style=&#8221;solid&#8221;][nectar_highlighted_text color_type=&#8221;regular&#8221; highlight_color=&#8221;#ffffff&#8221; style=&#8221;full_text&#8221; highlight_expansion=&#8221;default&#8221; font_line_height=&#8221;3.5&#8243;]\n<h1 style=\"text-align: center\">LABORAT\u00d3RIO DE CONTAMINA\u00c7\u00c3O EUNICE<\/h1>\n[\/nectar_highlighted_text][\/vc_column][\/vc_row][vc_row type=&#8221;in_container&#8221; full_screen_row_position=&#8221;middle&#8221; column_margin=&#8221;default&#8221; column_direction=&#8221;default&#8221; column_direction_tablet=&#8221;default&#8221; column_direction_phone=&#8221;default&#8221; scene_position=&#8221;center&#8221; text_color=&#8221;dark&#8221; text_align=&#8221;left&#8221; row_border_radius=&#8221;none&#8221; row_border_radius_applies=&#8221;bg&#8221; overflow=&#8221;visible&#8221; overlay_strength=&#8221;0.3&#8243; gradient_direction=&#8221;left_to_right&#8221; shape_divider_position=&#8221;bottom&#8221; bg_image_animation=&#8221;none&#8221;][vc_column column_padding=&#8221;no-extra-padding&#8221; column_padding_tablet=&#8221;inherit&#8221; column_padding_phone=&#8221;inherit&#8221; column_padding_position=&#8221;all&#8221; column_element_direction_desktop=&#8221;default&#8221; column_element_spacing=&#8221;default&#8221; desktop_text_alignment=&#8221;default&#8221; tablet_text_alignment=&#8221;default&#8221; phone_text_alignment=&#8221;default&#8221; background_color_opacity=&#8221;1&#8243; background_hover_color_opacity=&#8221;1&#8243; column_backdrop_filter=&#8221;none&#8221; column_shadow=&#8221;none&#8221; column_border_radius=&#8221;none&#8221; column_link_target=&#8221;_self&#8221; column_position=&#8221;default&#8221; gradient_direction=&#8221;left_to_right&#8221; overlay_strength=&#8221;0.3&#8243; width=&#8221;1\/2&#8243; tablet_width_inherit=&#8221;default&#8221; animation_type=&#8221;default&#8221; bg_image_animation=&#8221;none&#8221; border_type=&#8221;simple&#8221; column_border_width=&#8221;none&#8221; column_border_style=&#8221;solid&#8221;][divider line_type=&#8221;No Line&#8221; custom_height=&#8221;45&#8243;][vc_column_text]\n<h3><strong>TRABALHO DE EQUIPA INTERNACIONAL<\/strong><\/h3>\n<p>O laborat\u00f3rio online EUNICE Contamination Lab \u00e9 dedicado a experimentar o trabalho em equipa e a coordena\u00e7\u00e3o numa equipa interdisciplinar e multicultural, e a experimentar na pr\u00e1tica os <strong>desafios de gerar uma ideia<\/strong> e desenvolv\u00ea-la num projeto vi\u00e1vel.<\/p>\n<p>Os alunos aprender\u00e3o &#8220;fazendo&#8221; uma <strong>metodologia lean<\/strong> para validar uma ideia e o seu potencial empresarial.<\/p>\n<p>A EUNICE agrupar\u00e1 os estudantes inscritos em equipas transnacionais e trabalhar\u00e3o em conjunto para <strong>desenvolver uma ideia com o apoio de mentores especializados<\/strong> do meio acad\u00e9mico e da ind\u00fastria. Durante o evento final (26 de maio), as equipas apresentar\u00e3o as suas ideias a um j\u00fari de avalia\u00e7\u00e3o. As melhores equipas ser\u00e3o premiadas com acesso \u00e0 Escola de ver\u00e3o.  <\/p>\n<p>&nbsp;<\/p>\n<h3><strong>EDUCA\u00c7\u00c3O PARA O EMPREENDEDORISMO<\/strong><\/h3>\n<p>O E-CLab tem como objetivo reunir o talento dos estudantes universit\u00e1rios na alian\u00e7a, atrav\u00e9s de uma abordagem pedag\u00f3gica inovadora e informal.<\/p>\n<p>Desde o primeiro dia, com o apoio de <strong>mentores<\/strong> designados pelas Universidades da Alian\u00e7a Eunice, os estudantes ser\u00e3o estimulados a propor as atividades e ideias que dar\u00e3o vida ao projeto, podendo eventualmente resultar em propostas de comercializa\u00e7\u00e3o de resultados de I&amp;D (por exemplo, licenciamento\/patentes), empreendedorismo acad\u00e9mico (por exemplo, spin-offs) e empreendedorismo estudantil (por exemplo, start-ups).<\/p>\n<p><strong>Como \u00e9 que vamos conseguir isso?<\/strong><\/p>\n<p>&#8211; Com a ajuda de uma empresa externa especializada em inova\u00e7\u00e3o.<br \/>\n&#8211; Com a ajuda de uma parceria de pequenas, m\u00e9dias e grandes empresas locais.<br \/>\n&#8211; Com a ajuda de uma rede para facilitar o acesso dos estudantes a conhecimentos especializados e recursos.[\/vc_column_text][divider line_type=&#8221;No Line&#8221;][\/vc_column][vc_column column_padding=&#8221;no-extra-padding&#8221; column_padding_tablet=&#8221;inherit&#8221; column_padding_phone=&#8221;inherit&#8221; column_padding_position=&#8221;all&#8221; column_element_direction_desktop=&#8221;default&#8221; column_element_spacing=&#8221;default&#8221; desktop_text_alignment=&#8221;center&#8221; tablet_text_alignment=&#8221;default&#8221; phone_text_alignment=&#8221;default&#8221; background_color_opacity=&#8221;1&#8243; background_hover_color_opacity=&#8221;1&#8243; column_backdrop_filter=&#8221;none&#8221; column_shadow=&#8221;none&#8221; column_border_radius=&#8221;none&#8221; column_link_target=&#8221;_self&#8221; column_position=&#8221;default&#8221; gradient_direction=&#8221;left_to_right&#8221; overlay_strength=&#8221;0.3&#8243; width=&#8221;1\/2&#8243; tablet_width_inherit=&#8221;default&#8221; animation_type=&#8221;default&#8221; bg_image_animation=&#8221;none&#8221; border_type=&#8221;simple&#8221; column_border_width=&#8221;none&#8221; column_border_style=&#8221;solid&#8221; column_padding_type=&#8221;default&#8221; gradient_type=&#8221;default&#8221;][divider line_type=&#8221;No Line&#8221; custom_height=&#8221;65&#8243;][vc_column_text css=&#8221;.vc_custom_1675671579305{border-top-width: 1px !important;border-right-width: 1px !important;border-bottom-width: 1px !important;border-left-width: 1px !important;}&#8221;]\n<h3 style=\"text-align: center\"><strong>DIAS ABERTOS E-CLAB<\/strong><\/h3>\n[\/vc_column_text][vc_column_text css=&#8221;.vc_custom_1697200329335{background-color: #7ca1ea !important;border-radius: 1px !important;}&#8221;]\n<p style=\"text-align: center\"><strong>10 Fev. 2023<\/strong> &#8211; 15:00-16:30 h.<br \/>\n<strong>17 Fev. 2023<\/strong> &#8211; 9:00-10:30 h.<\/p>\n<p style=\"text-align: center\"><strong><a style=\"color: #3366ff\" href=\"https:\/\/treeform.typeform.com\/opendayeclab\" target=\"_blank\" rel=\"noopener\">Regista-te aqui<\/a><\/strong><\/p>\n<p style=\"text-align: center\"><em>Lembra-te de aceitar as condi\u00e7\u00f5es do RGPD para receberes mais lembretes quando a forma\u00e7\u00e3o come\u00e7ar<\/em><\/p>\n[\/vc_column_text][vc_column_text css=&#8221;.vc_custom_1697200346267{background-color: #ededed !important;border-radius: 1px !important;}&#8221;]\n<p style=\"text-align: center\"><strong>Aberto a todos os estudantes da EUNICE (licenciatura, mestrado, doutoramento)<\/strong><\/p>\n<p style=\"text-align: center\"><a style=\"color: #3366ff\" href=\"https:\/\/eunice-university.eu\/wp-content\/uploads\/2023\/01\/ECLAB-programme.jpg\">Programa dos semin\u00e1rios<\/a><\/p>\n<p style=\"text-align: center\"><strong>PRAZO DE APRESENTA\u00c7\u00c3O DE CANDIDATURAS: 28 de fevereiro<\/strong><\/p>\n[\/vc_column_text][nectar_btn size=&#8221;jumbo&#8221; open_new_tab=&#8221;true&#8221; button_style=&#8221;regular-tilt&#8221; button_color=&#8221;Accent-Color&#8221; icon_family=&#8221;default_arrow&#8221; text=&#8221;APLICA-TE AQUI AGORA&#8221; margin_left=&#8221;10&#8243; url=&#8221;https:\/\/treeform.typeform.com\/to\/jPxFnZFs&#8221;][divider line_type=&#8221;No Line&#8221; custom_height=&#8221;45&#8243;][image_with_animation image_url=&#8221;11518&#8243; image_size=&#8221;full&#8221; animation_type=&#8221;entrance&#8221; animation=&#8221;None&#8221; animation_movement_type=&#8221;transform_y&#8221; hover_animation=&#8221;none&#8221; alignment=&#8221;&#8221; border_radius=&#8221;none&#8221; box_shadow=&#8221;none&#8221; image_loading=&#8221;default&#8221; max_width=&#8221;100%&#8221; max_width_mobile=&#8221;default&#8221; margin_left=&#8221;10&#8243;][vc_column_text]\n<p style=\"text-align: center\"><em>Pessoal da EUNICE a trabalhar no ECLAB<\/em><\/p>\n[\/vc_column_text][\/vc_column][\/vc_row][vc_row type=&#8221;in_container&#8221; full_screen_row_position=&#8221;middle&#8221; column_margin=&#8221;20px&#8221; column_direction=&#8221;default&#8221; column_direction_tablet=&#8221;default&#8221; column_direction_phone=&#8221;default&#8221; scene_position=&#8221;center&#8221; text_color=&#8221;dark&#8221; text_align=&#8221;left&#8221; row_border_radius=&#8221;none&#8221; row_border_radius_applies=&#8221;bg&#8221; overflow=&#8221;visible&#8221; overlay_strength=&#8221;0.3&#8243; gradient_direction=&#8221;left_to_right&#8221; shape_divider_position=&#8221;bottom&#8221; bg_image_animation=&#8221;none&#8221; gradient_type=&#8221;default&#8221; shape_type=&#8221;&#8221;][vc_column column_padding=&#8221;no-extra-padding&#8221; column_padding_tablet=&#8221;inherit&#8221; column_padding_phone=&#8221;inherit&#8221; column_padding_position=&#8221;all&#8221; column_element_direction_desktop=&#8221;default&#8221; column_element_spacing=&#8221;default&#8221; desktop_text_alignment=&#8221;default&#8221; tablet_text_alignment=&#8221;default&#8221; phone_text_alignment=&#8221;default&#8221; background_color_opacity=&#8221;1&#8243; background_hover_color_opacity=&#8221;1&#8243; column_backdrop_filter=&#8221;none&#8221; column_shadow=&#8221;none&#8221; column_border_radius=&#8221;none&#8221; column_link_target=&#8221;_self&#8221; column_position=&#8221;default&#8221; gradient_direction=&#8221;left_to_right&#8221; overlay_strength=&#8221;0.3&#8243; width=&#8221;1\/1&#8243; tablet_width_inherit=&#8221;default&#8221; animation_type=&#8221;default&#8221; bg_image_animation=&#8221;none&#8221; border_type=&#8221;simple&#8221; column_border_width=&#8221;none&#8221; column_border_style=&#8221;solid&#8221;][vc_column_text text_direction=&#8221;default&#8221;]\n<h3><strong>OFICINAS<\/strong><\/h3>\n<p>O programa ter\u00e1 in\u00edcio em mar\u00e7o de 2023 com uma s\u00e9rie de <strong>10 workshops online<\/strong> realizados pelas universidades participantes e por empresas especializadas em inova\u00e7\u00e3o. Os estudantes usufruir\u00e3o de uma plataforma virtual inovadora que lhes permitir\u00e1 interagir como na vida real. <\/p>\n<p>Estas ser\u00e3o completadas com uma <strong><span style=\"color: #3366ff\"><a style=\"color: #3366ff\" href=\"https:\/\/eunice-university.eu\/summer-schools-in-catania\/\">escola de ver\u00e3o presencial de uma semana na Universidade de Catania<\/a> <\/span><\/strong>na segunda semana de julho de 2023, para as melhores equipas e entidades associadas (laborat\u00f3rios de investiga\u00e7\u00e3o, empresas).[\/vc_column_text][\/vc_column][\/vc_row][vc_row type=&#8221;in_container&#8221; full_screen_row_position=&#8221;middle&#8221; column_margin=&#8221;20px&#8221; column_direction=&#8221;default&#8221; column_direction_tablet=&#8221;default&#8221; column_direction_phone=&#8221;default&#8221; scene_position=&#8221;center&#8221; text_color=&#8221;dark&#8221; text_align=&#8221;left&#8221; row_border_radius=&#8221;none&#8221; row_border_radius_applies=&#8221;bg&#8221; overflow=&#8221;visible&#8221; overlay_strength=&#8221;0.3&#8243; gradient_direction=&#8221;left_to_right&#8221; shape_divider_position=&#8221;bottom&#8221; bg_image_animation=&#8221;none&#8221; gradient_type=&#8221;default&#8221; shape_type=&#8221;&#8221;][vc_column column_padding=&#8221;no-extra-padding&#8221; column_padding_tablet=&#8221;inherit&#8221; column_padding_phone=&#8221;inherit&#8221; column_padding_position=&#8221;all&#8221; column_element_direction_desktop=&#8221;default&#8221; column_element_spacing=&#8221;default&#8221; desktop_text_alignment=&#8221;default&#8221; tablet_text_alignment=&#8221;default&#8221; phone_text_alignment=&#8221;default&#8221; background_color_opacity=&#8221;1&#8243; background_hover_color_opacity=&#8221;1&#8243; column_backdrop_filter=&#8221;none&#8221; column_shadow=&#8221;none&#8221; column_border_radius=&#8221;none&#8221; column_link_target=&#8221;_self&#8221; column_position=&#8221;default&#8221; gradient_direction=&#8221;left_to_right&#8221; overlay_strength=&#8221;0.3&#8243; width=&#8221;1\/2&#8243; tablet_width_inherit=&#8221;default&#8221; animation_type=&#8221;default&#8221; bg_image_animation=&#8221;none&#8221; border_type=&#8221;simple&#8221; column_border_width=&#8221;none&#8221; column_border_style=&#8221;solid&#8221;][vc_column_text]<strong>Hor\u00e1rios:<\/strong><\/p>\n<ul>\n<li><strong>10 de mar\u00e7o &#8211; 26 de maio de 2023: workshops em linha<br \/>\n<\/strong>Todas as sextas-feiras, das 9:00 \u00e0s 12:00 h<\/li>\n<li><strong>10 a 14 de julho de 2023: Escola de ver\u00e3o<\/strong><\/li>\n<\/ul>\n<p><strong>Conte\u00fado:<\/strong><\/p>\n<ul>\n<li>10 de mar\u00e7o: Reuni\u00e3o de lan\u00e7amento e testemunhos inspiradores.<\/li>\n<li>17 de mar\u00e7o: Gera\u00e7\u00e3o de ideias.<\/li>\n<li>24 de mar\u00e7o: Metodologia Lean 1: Valida\u00e7\u00e3o do problema.<\/li>\n<li>31 de mar\u00e7o: Metodologia Lean 2: Adapta\u00e7\u00e3o problema-solu\u00e7\u00e3o.<\/li>\n<\/ul>\n<p>(Pausa de P\u00e1scoa)<\/p>\n<ul>\n<li>14 de abril: Comunica\u00e7\u00e3o intercultural.<\/li>\n<li>21 de abril: Modelo de neg\u00f3cio canvas.<\/li>\n<li>28 de abril: Desafia as ideias.<\/li>\n<li>5 de maio: Concorrentes e dimens\u00e3o do mercado.<\/li>\n<li>12 de maio: Finan\u00e7as.<\/li>\n<li>19 de maio: Prepara\u00e7\u00e3o do campo.<\/li>\n<li>26 de maio: Evento final &#8211; Apresenta\u00e7\u00e3o das ideias das equipas e atribui\u00e7\u00e3o de pr\u00e9mios.<\/li>\n<\/ul>\n[\/vc_column_text][divider line_type=&#8221;No Line&#8221;][vc_row_inner column_margin=&#8221;default&#8221; column_direction=&#8221;default&#8221; column_direction_tablet=&#8221;default&#8221; column_direction_phone=&#8221;default&#8221; text_align=&#8221;left&#8221; row_position=&#8221;default&#8221; row_position_tablet=&#8221;inherit&#8221; row_position_phone=&#8221;inherit&#8221; overflow=&#8221;visible&#8221; pointer_events=&#8221;all&#8221;][vc_column_inner column_padding=&#8221;no-extra-padding&#8221; column_padding_tablet=&#8221;inherit&#8221; column_padding_phone=&#8221;inherit&#8221; column_padding_position=&#8221;all&#8221; column_element_direction_desktop=&#8221;default&#8221; column_element_spacing=&#8221;default&#8221; centered_text=&#8221;true&#8221; desktop_text_alignment=&#8221;default&#8221; tablet_text_alignment=&#8221;default&#8221; phone_text_alignment=&#8221;default&#8221; background_color_opacity=&#8221;1&#8243; background_hover_color_opacity=&#8221;1&#8243; column_backdrop_filter=&#8221;none&#8221; column_shadow=&#8221;none&#8221; column_border_radius=&#8221;none&#8221; column_link_target=&#8221;_self&#8221; overflow=&#8221;visible&#8221; gradient_direction=&#8221;left_to_right&#8221; overlay_strength=&#8221;0.3&#8243; width=&#8221;1\/1&#8243; tablet_width_inherit=&#8221;default&#8221; animation_type=&#8221;default&#8221; bg_image_animation=&#8221;none&#8221; border_type=&#8221;simple&#8221; column_border_width=&#8221;none&#8221; column_border_style=&#8221;solid&#8221; column_padding_type=&#8221;default&#8221; gradient_type=&#8221;default&#8221;][vc_column_text]\n<p style=\"text-align: center\"><strong>Prazo para apresenta\u00e7\u00e3o de candidaturas: 28 de fevereiro<\/strong><\/p>\n[\/vc_column_text][nectar_btn size=&#8221;jumbo&#8221; open_new_tab=&#8221;true&#8221; button_style=&#8221;regular-tilt&#8221; button_color=&#8221;Accent-Color&#8221; icon_family=&#8221;default_arrow&#8221; text=&#8221;APLICA-TE AQUI&#8221; margin_left=&#8221;10&#8243; url=&#8221;https:\/\/treeform.typeform.com\/to\/jPxFnZFs&#8221;][\/vc_column_inner][\/vc_row_inner][\/vc_column][vc_column column_padding=&#8221;no-extra-padding&#8221; column_padding_tablet=&#8221;inherit&#8221; column_padding_phone=&#8221;inherit&#8221; column_padding_position=&#8221;all&#8221; column_element_direction_desktop=&#8221;default&#8221; column_element_spacing=&#8221;default&#8221; desktop_text_alignment=&#8221;default&#8221; tablet_text_alignment=&#8221;default&#8221; phone_text_alignment=&#8221;default&#8221; background_color_opacity=&#8221;1&#8243; background_hover_color_opacity=&#8221;1&#8243; column_backdrop_filter=&#8221;none&#8221; column_shadow=&#8221;none&#8221; column_border_radius=&#8221;none&#8221; column_link_target=&#8221;_self&#8221; column_position=&#8221;default&#8221; gradient_direction=&#8221;left_to_right&#8221; overlay_strength=&#8221;0.3&#8243; width=&#8221;1\/2&#8243; tablet_width_inherit=&#8221;default&#8221; animation_type=&#8221;default&#8221; bg_image_animation=&#8221;none&#8221; border_type=&#8221;simple&#8221; column_border_width=&#8221;none&#8221; column_border_style=&#8221;solid&#8221;][image_with_animation image_url=&#8221;11607&#8243; image_size=&#8221;full&#8221; animation_type=&#8221;entrance&#8221; animation=&#8221;None&#8221; animation_movement_type=&#8221;transform_y&#8221; hover_animation=&#8221;none&#8221; alignment=&#8221;&#8221; border_radius=&#8221;none&#8221; box_shadow=&#8221;none&#8221; image_loading=&#8221;default&#8221; max_width=&#8221;100%&#8221; max_width_mobile=&#8221;default&#8221; margin_left=&#8221;10&#8243;][\/vc_column][\/vc_row][vc_row type=&#8221;in_container&#8221; full_screen_row_position=&#8221;middle&#8221; column_margin=&#8221;default&#8221; column_direction=&#8221;default&#8221; column_direction_tablet=&#8221;default&#8221; column_direction_phone=&#8221;default&#8221; scene_position=&#8221;center&#8221; text_color=&#8221;dark&#8221; text_align=&#8221;left&#8221; row_border_radius=&#8221;none&#8221; row_border_radius_applies=&#8221;bg&#8221; overflow=&#8221;visible&#8221; overlay_strength=&#8221;0.3&#8243; gradient_direction=&#8221;left_to_right&#8221; shape_divider_position=&#8221;bottom&#8221; bg_image_animation=&#8221;none&#8221;][vc_column column_padding=&#8221;no-extra-padding&#8221; column_padding_tablet=&#8221;inherit&#8221; column_padding_phone=&#8221;inherit&#8221; column_padding_position=&#8221;all&#8221; column_element_direction_desktop=&#8221;default&#8221; column_element_spacing=&#8221;default&#8221; desktop_text_alignment=&#8221;default&#8221; tablet_text_alignment=&#8221;default&#8221; phone_text_alignment=&#8221;default&#8221; background_color_opacity=&#8221;1&#8243; background_hover_color_opacity=&#8221;1&#8243; column_backdrop_filter=&#8221;none&#8221; column_shadow=&#8221;none&#8221; column_border_radius=&#8221;none&#8221; column_link_target=&#8221;_self&#8221; column_position=&#8221;default&#8221; gradient_direction=&#8221;left_to_right&#8221; overlay_strength=&#8221;0.3&#8243; width=&#8221;1\/1&#8243; tablet_width_inherit=&#8221;default&#8221; animation_type=&#8221;default&#8221; bg_image_animation=&#8221;none&#8221; border_type=&#8221;simple&#8221; column_border_width=&#8221;none&#8221; column_border_style=&#8221;solid&#8221;][vc_column_text]\n<h3><strong>INFORMA\u00c7\u00d5ES IMPORTANTES<\/strong><\/h3>\n<p>Os processos de <strong>sele\u00e7\u00e3o<\/strong> dos estudantes e de cria\u00e7\u00e3o das equipas ter\u00e3o lugar e estar\u00e3o conclu\u00eddos em fevereiro de 2023.<\/p>\n<p>Todas estas atividades podem ser reconhecidas com um certificado de frequ\u00eancia do programa. O teu gabinete EUNICE local poder\u00e1 informar-te sobre a possibilidade de reconhecimento ECTS e os procedimentos. <\/p>\n<p>Os estudantes das melhores equipas identificadas no evento final do CLab ter\u00e3o apoio individual e <strong>custos de viagem<\/strong> cobertos para a escola de ver\u00e3o em Cat\u00e2nia.[\/vc_column_text][vc_column_text]<strong>CONTACTOS<\/strong><\/p>\n<ul>\n<li>Universidade de Tecnologia de Pozna\u0144 (PUT): <a href=\"mailto:eunice.admissions@put.poznan.pl\"><strong>eunice.admissions@put.poznan.pl<\/strong><\/a><\/li>\n<li>Universidade de Tecnologia de Brandenburgo (BTU): <strong><a href=\"mailto:christin.handrek@b-tu.de\">christin.handrek@b-tu.de<\/a><\/strong> ou <strong><a href=\"mailto:christin.handrek@b-tu.de\"><span class=\"cf0\">viktor.zakar<\/span><!--EndFragment -->@b-tu.de<\/a><\/strong><\/li>\n<li>Universidade de Cantabria (UC): <strong><a href=\"mailto:eunicelab.info@opinno.com\">eunice@unican.es<\/a> <\/strong> <\/li>\n<li>Universidade de Mons (UMONS): <a href=\"mailto:dominique.vitry@umons.ac.be\"><strong>dominique.vitry@umons.ac.be<\/strong><\/a><\/li>\n<li>Universidade de Cat\u00e2nia (UNICT): <a href=\"mailto:eunice@unict.it\"><strong>eunice@unict.it<\/strong><\/a><\/li>\n<li>Universidade Polit\u00e9cnica de Hauts-de-France (UPHF): <strong><a href=\"mailto:international_out@uphf.fr\">international_out@uphf.fr;<\/a> <a href=\"mailto:eunice@uphf.fr\">eunice@uphf.fr <\/a><\/strong> <\/li>\n<li>Universidade de Vaasa (UVA): <a href=\"mailto:eunice@uwasa.fi\"><strong>eunice@uwasa.fi<\/strong><\/a><\/li>\n<li>Para quest\u00f5es t\u00e9cnicas: <a href=\"mailto:eunicelab.info@opinno.com\"><strong>eunicelab.info@opinno.com<\/strong><\/a><\/li>\n<\/ul>\n[\/vc_column_text][divider line_type=&#8221;No Line&#8221;][\/vc_column][\/vc_row]\n","protected":false},"excerpt":{"rendered":"<p>[vc_row type=&#8221;full_width_background&#8221; full_screen_row_position=&#8221;middle&#8221; column_margin=&#8221;default&#8221; column_direction=&#8221;default&#8221; column_direction_tablet=&#8221;default&#8221; column_direction_phone=&#8221;default&#8221; bg_image=&#8221;11612&#8243; bg_position=&#8221;center center&#8221; background_image_loading=&#8221;default&#8221; bg_repeat=&#8221;no-repeat&#8221; scene_position=&#8221;center&#8221; top_padding=&#8221;30&#8243; bottom_padding=&#8221;30&#8243; text_color=&#8221;dark&#8221; text_align=&#8221;left&#8221; row_border_radius=&#8221;none&#8221; row_border_radius_applies=&#8221;bg&#8221; overflow=&#8221;visible&#8221; overlay_strength=&#8221;0.3&#8243; gradient_direction=&#8221;left_to_right&#8221; shape_divider_position=&#8221;bottom&#8221; bg_image_animation=&#8221;none&#8221; gradient_type=&#8221;default&#8221;&#8230;<\/p>\n","protected":false},"author":14,"featured_media":0,"parent":0,"menu_order":0,"comment_status":"closed","ping_status":"closed","template":"","meta":{"_acf_changed":false,"_uag_custom_page_level_css":"","footnotes":""},"class_list":["post-60214","page","type-page","status-publish"],"acf":[],"uagb_featured_image_src":{"full":false,"thumbnail":false,"medium":false,"medium_large":false,"large":false,"1536x1536":false,"2048x2048":false,"portfolio-thumb":false,"nectar_small_square":false,"portfolio-thumb_large":false,"portfolio-thumb_small":false,"portfolio-widget":false,"wide":false,"wide_photography":false,"wide_small":false,"regular":false,"regular_small":false,"tall":false,"wide_tall":false,"large_featured":false,"medium_featured":false},"uagb_author_info":{"display_name":"Ceballos Boyden, Lydia Ana","author_link":"https:\/\/eunice-university.eu\/pt-pt\/author\/8pyz8kqe93udy3fy\/"},"uagb_comment_info":0,"uagb_excerpt":"[vc_row type=&#8221;full_width_background&#8221; full_screen_row_position=&#8221;middle&#8221; column_margin=&#8221;default&#8221; column_direction=&#8221;default&#8221; column_direction_tablet=&#8221;default&#8221; column_direction_phone=&#8221;default&#8221; bg_image=&#8221;11612&#8243; bg_position=&#8221;center center&#8221; background_image_loading=&#8221;default&#8221; bg_repeat=&#8221;no-repeat&#8221; scene_position=&#8221;center&#8221; top_padding=&#8221;30&#8243; bottom_padding=&#8221;30&#8243; text_color=&#8221;dark&#8221; text_align=&#8221;left&#8221; row_border_radius=&#8221;none&#8221; row_border_radius_applies=&#8221;bg&#8221; overflow=&#8221;visible&#8221; overlay_strength=&#8221;0.3&#8243; gradient_direction=&#8221;left_to_right&#8221; shape_divider_position=&#8221;bottom&#8221; bg_image_animation=&#8221;none&#8221; gradient_type=&#8221;default&#8221;...","_links":{"self":[{"href":"https:\/\/eunice-university.eu\/pt-pt\/wp-json\/wp\/v2\/pages\/60214","targetHints":{"allow":["GET"]}}],"collection":[{"href":"https:\/\/eunice-university.eu\/pt-pt\/wp-json\/wp\/v2\/pages"}],"about":[{"href":"https:\/\/eunice-university.eu\/pt-pt\/wp-json\/wp\/v2\/types\/page"}],"author":[{"embeddable":true,"href":"https:\/\/eunice-university.eu\/pt-pt\/wp-json\/wp\/v2\/users\/14"}],"replies":[{"embeddable":true,"href":"https:\/\/eunice-university.eu\/pt-pt\/wp-json\/wp\/v2\/comments?post=60214"}],"version-history":[{"count":2,"href":"https:\/\/eunice-university.eu\/pt-pt\/wp-json\/wp\/v2\/pages\/60214\/revisions"}],"predecessor-version":[{"id":60219,"href":"https:\/\/eunice-university.eu\/pt-pt\/wp-json\/wp\/v2\/pages\/60214\/revisions\/60219"}],"wp:attachment":[{"href":"https:\/\/eunice-university.eu\/pt-pt\/wp-json\/wp\/v2\/media?parent=60214"}],"curies":[{"name":"wp","href":"https:\/\/api.w.org\/{rel}","templated":true}]}}