{"id":60235,"date":"2021-12-22T12:41:55","date_gmt":"2021-12-22T11:41:55","guid":{"rendered":"https:\/\/eunice-university.eu\/cursos\/"},"modified":"2025-11-24T16:53:30","modified_gmt":"2025-11-24T15:53:30","slug":"cursos","status":"publish","type":"page","link":"https:\/\/eunice-university.eu\/pt-pt\/cursos\/","title":{"rendered":"Cursos"},"content":{"rendered":"[vc_row type=&#8221;full_width_background&#8221; full_screen_row_position=&#8221;middle&#8221; column_margin=&#8221;default&#8221; column_direction=&#8221;default&#8221; column_direction_tablet=&#8221;default&#8221; column_direction_phone=&#8221;default&#8221; bg_image=&#8221;16935&#8243; bg_position=&#8221;center center&#8221; background_image_loading=&#8221;default&#8221; bg_repeat=&#8221;no-repeat&#8221; scene_position=&#8221;center&#8221; top_padding=&#8221;9%&#8221; bottom_padding=&#8221;4%&#8221; text_color=&#8221;dark&#8221; text_align=&#8221;left&#8221; row_border_radius=&#8221;none&#8221; row_border_radius_applies=&#8221;bg&#8221; overflow=&#8221;visible&#8221; color_overlay=&#8221;#ffffff&#8221; color_overlay_2=&#8221;#ffffff&#8221; overlay_strength=&#8221;0.3&#8243; gradient_direction=&#8221;left_to_right&#8221; shape_divider_position=&#8221;bottom&#8221; bg_image_animation=&#8221;none&#8221; gradient_type=&#8221;default&#8221; shape_type=&#8221;&#8221;][vc_column column_padding=&#8221;no-extra-padding&#8221; column_padding_tablet=&#8221;inherit&#8221; column_padding_phone=&#8221;inherit&#8221; column_padding_position=&#8221;all&#8221; column_element_direction_desktop=&#8221;default&#8221; column_element_spacing=&#8221;default&#8221; desktop_text_alignment=&#8221;default&#8221; tablet_text_alignment=&#8221;default&#8221; phone_text_alignment=&#8221;default&#8221; background_color_opacity=&#8221;1&#8243; background_hover_color_opacity=&#8221;1&#8243; column_backdrop_filter=&#8221;none&#8221; column_shadow=&#8221;none&#8221; column_border_radius=&#8221;none&#8221; column_link_target=&#8221;_self&#8221; column_position=&#8221;default&#8221; gradient_direction=&#8221;left_to_right&#8221; overlay_strength=&#8221;0.3&#8243; width=&#8221;1\/1&#8243; tablet_width_inherit=&#8221;default&#8221; animation_type=&#8221;default&#8221; bg_image_animation=&#8221;none&#8221; border_type=&#8221;simple&#8221; column_border_width=&#8221;none&#8221; column_border_style=&#8221;solid&#8221;][vc_column_text text_direction=&#8221;default&#8221;]\n<h1>CAT\u00c1LOGO DE CURSOS<\/h1>\n[\/vc_column_text][nectar_highlighted_text color_type=&#8221;regular&#8221; style=&#8221;full_text&#8221; highlight_expansion=&#8221;default&#8221; custom_font_size=&#8221;2vw&#8221; text_direction=&#8221;default&#8221;]\n<h3 style=\"text-align: right\">Personaliza o teu futuro<\/h3>\n[\/nectar_highlighted_text][divider line_type=&#8221;No Line&#8221;][\/vc_column][\/vc_row][vc_row type=&#8221;full_width_background&#8221; full_screen_row_position=&#8221;middle&#8221; column_margin=&#8221;default&#8221; column_direction=&#8221;default&#8221; column_direction_tablet=&#8221;default&#8221; column_direction_phone=&#8221;default&#8221; scene_position=&#8221;center&#8221; text_color=&#8221;dark&#8221; text_align=&#8221;left&#8221; row_border_radius=&#8221;none&#8221; row_border_radius_applies=&#8221;bg&#8221; overflow=&#8221;visible&#8221; overlay_strength=&#8221;0.3&#8243; gradient_direction=&#8221;left_to_right&#8221; shape_divider_position=&#8221;bottom&#8221; bg_image_animation=&#8221;none&#8221; gradient_type=&#8221;default&#8221; shape_type=&#8221;&#8221;][vc_column column_padding=&#8221;no-extra-padding&#8221; column_padding_tablet=&#8221;inherit&#8221; column_padding_phone=&#8221;inherit&#8221; column_padding_position=&#8221;all&#8221; column_element_direction_desktop=&#8221;default&#8221; column_element_spacing=&#8221;default&#8221; desktop_text_alignment=&#8221;default&#8221; tablet_text_alignment=&#8221;default&#8221; phone_text_alignment=&#8221;default&#8221; background_color_opacity=&#8221;1&#8243; background_hover_color_opacity=&#8221;1&#8243; column_backdrop_filter=&#8221;none&#8221; column_shadow=&#8221;none&#8221; column_border_radius=&#8221;none&#8221; column_link_target=&#8221;_self&#8221; column_position=&#8221;default&#8221; gradient_direction=&#8221;left_to_right&#8221; overlay_strength=&#8221;0.3&#8243; width=&#8221;1\/1&#8243; tablet_width_inherit=&#8221;default&#8221; animation_type=&#8221;default&#8221; bg_image_animation=&#8221;none&#8221; border_type=&#8221;simple&#8221; column_border_width=&#8221;none&#8221; column_border_style=&#8221;solid&#8221;][page_submenu alignment=&#8221;right&#8221; sticky=&#8221;true&#8221; bg_color=&#8221;#000000&#8243; link_color=&#8221;#ffffff&#8221;][page_link link_new_tab=&#8221;true&#8221; link_url=&#8221;https:\/\/eunice-university.eu\/courses\/courses-coordinators-contacts\/&#8221; title=&#8221;Contacta o teu coordenador local&#8221; id=&#8221;1759932337266-4&#8243; tab_id=&#8221;1759932337267-4&#8243;] [\/page_link][page_link link_new_tab=&#8221;true&#8221; link_url=&#8221;https:\/\/moodle.eunice-university.eu\/login\/index.php&#8221; title=&#8221;Plataforma Moodle: come\u00e7a a estudar&#8221; id=&#8221;1759932337285-10&#8243; tab_id=&#8221;1759932337286-1&#8243;] [\/page_link][\/page_submenu][divider line_type=&#8221;No Line&#8221;][\/vc_column][\/vc_row][vc_row type=&#8221;in_container&#8221; full_screen_row_position=&#8221;middle&#8221; column_margin=&#8221;default&#8221; column_direction=&#8221;default&#8221; column_direction_tablet=&#8221;default&#8221; column_direction_phone=&#8221;default&#8221; scene_position=&#8221;center&#8221; left_margin=&#8221;10&#8243; text_color=&#8221;dark&#8221; text_align=&#8221;left&#8221; row_border_radius=&#8221;none&#8221; row_border_radius_applies=&#8221;bg&#8221; overflow=&#8221;visible&#8221; overlay_strength=&#8221;0.3&#8243; gradient_direction=&#8221;left_to_right&#8221; shape_divider_position=&#8221;bottom&#8221; bg_image_animation=&#8221;none&#8221; gradient_type=&#8221;default&#8221; shape_type=&#8221;&#8221;][vc_column column_padding=&#8221;no-extra-padding&#8221; column_padding_tablet=&#8221;inherit&#8221; column_padding_phone=&#8221;inherit&#8221; column_padding_position=&#8221;all&#8221; column_element_direction_desktop=&#8221;default&#8221; column_element_spacing=&#8221;default&#8221; desktop_text_alignment=&#8221;default&#8221; tablet_text_alignment=&#8221;default&#8221; phone_text_alignment=&#8221;default&#8221; background_color_opacity=&#8221;1&#8243; background_hover_color_opacity=&#8221;1&#8243; column_backdrop_filter=&#8221;none&#8221; column_shadow=&#8221;none&#8221; column_border_radius=&#8221;none&#8221; column_link_target=&#8221;_self&#8221; column_position=&#8221;default&#8221; gradient_direction=&#8221;left_to_right&#8221; overlay_strength=&#8221;0.3&#8243; width=&#8221;1\/1&#8243; tablet_width_inherit=&#8221;default&#8221; animation_type=&#8221;default&#8221; bg_image_animation=&#8221;none&#8221; border_type=&#8221;simple&#8221; column_border_width=&#8221;none&#8221; column_border_style=&#8221;solid&#8221; column_padding_type=&#8221;default&#8221; gradient_type=&#8221;default&#8221;][divider line_type=&#8221;No Line&#8221;][vc_column_text css=&#8221;&#8221; text_direction=&#8221;default&#8221;]Uma <strong>nova oferta de cursos multidisciplinares <\/strong>d\u00e1 aos estudantes da EUNICE a oportunidade de beneficiarem da experi\u00eancia de 10 universidades europeias e de personalizarem o seu percurso de forma\u00e7\u00e3o.<\/p>\n<ul>\n<li>Tamb\u00e9m oferecemos <strong>cursos de l\u00ednguas<\/strong> &#8211; as mais faladas na EUNICE-.<\/li>\n<li>Para al\u00e9m dos <strong>cr\u00e9ditos ECTS<\/strong>, os cursos EUNICE s\u00e3o uma porta de entrada para os estudantes <strong>personalizarem a sua educa\u00e7\u00e3o gratuitamente<\/strong>.<\/li>\n<\/ul>\n[\/vc_column_text][toggles style=&#8221;minimal_shadow&#8221; border_radius=&#8221;5px&#8221;][toggle color=&#8221;Default&#8221; heading_tag=&#8221;default&#8221; heading_tag_functionality=&#8221;default&#8221; title=&#8221;Formatos de aprendizagem&#8221;][vc_column_text css=&#8221;&#8221; text_direction=&#8221;default&#8221;]Os cursos s\u00e3o <strong>oferecidos em ingl\u00eas <\/strong>e, por vezes, nas<strong> l\u00ednguas nacionais<\/strong> do cons\u00f3rcio e em diferentes <strong>formatos de aprendizagem<\/strong>:<\/p>\n<ul>\n<li><span style=\"color: #3366ff\"><a style=\"color: #3366ff\" href=\"https:\/\/eunice-university.eu\/pt-pt\/cursos\/moodle\/\" target=\"_blank\" rel=\"noopener\"><strong>online<\/strong><\/a><\/span> -ao vivo ou em auto-estudo-,<\/li>\n<li><strong>no local ou misto <\/strong>(cursos intensivos combinados). <a href=\"https:\/\/eunice-university.eu\/erasmus-student-physical-mobility\/\" target=\"_blank\" rel=\"noopener\"><span style=\"color: #3366ff\">Consulta as bolsas de mobilidade dispon\u00edveis junto do teu Gabinete Internacional<\/span><\/a>.<\/li>\n<\/ul>\n[\/vc_column_text][\/toggle][toggle color=&#8221;Default&#8221; heading_tag=&#8221;default&#8221; heading_tag_functionality=&#8221;default&#8221; title=&#8221;Antes de te candidatares a um curso&#8221;][vc_column_text css=&#8221;&#8221; text_direction=&#8221;default&#8221;]Certifica-te de que o formato de ensino, os pr\u00e9-requisitos e o hor\u00e1rio te agradam, consultando o <strong>guia de estudo<\/strong> dispon\u00edvel para cada curso. Tem tamb\u00e9m em aten\u00e7\u00e3o que a maioria dos cursos tem vagas limitadas e que os crit\u00e9rios de sele\u00e7\u00e3o podem variar de um curso para outro. Os cursos da EUNICE s\u00e3o <strong>gratuitos e est\u00e3o abertos<\/strong> a todos os estudantes de todas as <span style=\"color: #3366ff\"><a style=\"color: #3366ff\" href=\"https:\/\/eunice-university.eu\/home\/campus\/\" target=\"_blank\" rel=\"noopener\">universidades parceiras da EUNICE<\/a><\/span>.[\/vc_column_text][\/toggle][toggle color=&#8221;Default&#8221; heading_tag=&#8221;default&#8221; heading_tag_functionality=&#8221;default&#8221; title=&#8221;Quem pode candidatar-se&#8221;][vc_column_text css=&#8221;&#8221; text_direction=&#8221;default&#8221;]Os cursos partilhados EUNICE est\u00e3o dispon\u00edveis para estudantes, acad\u00e9micos e funcion\u00e1rios de qualquer uma das dez universidades parceiras, desde que cumpram os requisitos especificados no guia de estudo do curso (por exemplo, n\u00edvel de mestrado).<\/p>\n<p>A EUNICE tamb\u00e9m oferece gratuitamente Cursos Online Abertos e Massivos (MOOCs), que s\u00e3o cursos de auto-estudo abertos a qualquer pessoa, mesmo que n\u00e3o seja membro da Universidade Europeia EUNICE.[\/vc_column_text][\/toggle][toggle color=&#8221;Default&#8221; heading_tag=&#8221;default&#8221; heading_tag_functionality=&#8221;default&#8221; title=&#8221;Taxas&#8221;][vc_column_text css=&#8221;&#8221; text_direction=&#8221;default&#8221;]Os cursos partilhados EUNICE s\u00e3o gratuitos: n\u00e3o s\u00e3o necess\u00e1rias taxas adicionais.<\/p>\n<p>Masters: consulta as taxas de inscri\u00e7\u00e3o na p\u00e1gina Web de cada mestrado.[\/vc_column_text][\/toggle][toggle color=&#8221;Default&#8221; heading_tag=&#8221;default&#8221; heading_tag_functionality=&#8221;default&#8221; title=&#8221;Acordo de aprendizagem&#8221;][vc_column_text css=&#8221;&#8221; text_direction=&#8221;default&#8221;]Alguns dos parceiros exigem ocasionalmente acordos de aprendizagem para serem reconhecidos. O Acordo de Aprendizagem EUNICE pode ser descarregado <a href=\"https:\/\/eunice-university.eu\/wp-content\/uploads\/2025\/09\/Learning_Agreement_EUNICE_Online_Course.docx\">aqui<\/a>.[\/vc_column_text][\/toggle][toggle color=&#8221;Default&#8221; heading_tag=&#8221;default&#8221; heading_tag_functionality=&#8221;default&#8221; title=&#8221;Outras perguntas&#8221;][vc_column_text css=&#8221;&#8221; text_direction=&#8221;default&#8221;]Se tiveres alguma d\u00favida, contacta o teu <a style=\"color: #3366ff\" href=\"https:\/\/eunice-university.eu\/courses\/courses-coordinators-contacts\/\" target=\"_blank\" rel=\"noopener\">coordenador local do curso EUNICE<\/a>.[\/vc_column_text][\/toggle][\/toggles][divider line_type=&#8221;No Line&#8221; custom_height=&#8221;45&#8243;][split_line_heading animation_type=&#8221;default&#8221; text_direction=&#8221;default&#8221;]\n[\/split_line_heading][\/vc_column][\/vc_row]\n","protected":false},"excerpt":{"rendered":"<p>[vc_row type=&#8221;full_width_background&#8221; full_screen_row_position=&#8221;middle&#8221; column_margin=&#8221;default&#8221; column_direction=&#8221;default&#8221; column_direction_tablet=&#8221;default&#8221; column_direction_phone=&#8221;default&#8221; bg_image=&#8221;16935&#8243; bg_position=&#8221;center center&#8221; background_image_loading=&#8221;default&#8221; bg_repeat=&#8221;no-repeat&#8221; scene_position=&#8221;center&#8221; top_padding=&#8221;9%&#8221; bottom_padding=&#8221;4%&#8221; text_color=&#8221;dark&#8221; text_align=&#8221;left&#8221; row_border_radius=&#8221;none&#8221; row_border_radius_applies=&#8221;bg&#8221; overflow=&#8221;visible&#8221; color_overlay=&#8221;#ffffff&#8221; color_overlay_2=&#8221;#ffffff&#8221; overlay_strength=&#8221;0.3&#8243; gradient_direction=&#8221;left_to_right&#8221; shape_divider_position=&#8221;bottom&#8221;&#8230;<\/p>\n","protected":false},"author":13,"featured_media":0,"parent":0,"menu_order":0,"comment_status":"closed","ping_status":"closed","template":"","meta":{"_acf_changed":false,"_uag_custom_page_level_css":"","footnotes":""},"class_list":["post-60235","page","type-page","status-publish"],"acf":[],"uagb_featured_image_src":{"full":false,"thumbnail":false,"medium":false,"medium_large":false,"large":false,"1536x1536":false,"2048x2048":false,"portfolio-thumb":false,"nectar_small_square":false,"portfolio-thumb_large":false,"portfolio-thumb_small":false,"portfolio-widget":false,"wide":false,"wide_photography":false,"wide_small":false,"regular":false,"regular_small":false,"tall":false,"wide_tall":false,"large_featured":false,"medium_featured":false},"uagb_author_info":{"display_name":"Ana Lezama Arrieta","author_link":"https:\/\/eunice-university.eu\/pt-pt\/author\/uc_comms2\/"},"uagb_comment_info":0,"uagb_excerpt":"[vc_row type=&#8221;full_width_background&#8221; full_screen_row_position=&#8221;middle&#8221; column_margin=&#8221;default&#8221; column_direction=&#8221;default&#8221; column_direction_tablet=&#8221;default&#8221; column_direction_phone=&#8221;default&#8221; bg_image=&#8221;16935&#8243; bg_position=&#8221;center center&#8221; background_image_loading=&#8221;default&#8221; bg_repeat=&#8221;no-repeat&#8221; scene_position=&#8221;center&#8221; top_padding=&#8221;9%&#8221; bottom_padding=&#8221;4%&#8221; text_color=&#8221;dark&#8221; text_align=&#8221;left&#8221; row_border_radius=&#8221;none&#8221; row_border_radius_applies=&#8221;bg&#8221; overflow=&#8221;visible&#8221; color_overlay=&#8221;#ffffff&#8221; color_overlay_2=&#8221;#ffffff&#8221; overlay_strength=&#8221;0.3&#8243; gradient_direction=&#8221;left_to_right&#8221; shape_divider_position=&#8221;bottom&#8221;...","_links":{"self":[{"href":"https:\/\/eunice-university.eu\/pt-pt\/wp-json\/wp\/v2\/pages\/60235","targetHints":{"allow":["GET"]}}],"collection":[{"href":"https:\/\/eunice-university.eu\/pt-pt\/wp-json\/wp\/v2\/pages"}],"about":[{"href":"https:\/\/eunice-university.eu\/pt-pt\/wp-json\/wp\/v2\/types\/page"}],"author":[{"embeddable":true,"href":"https:\/\/eunice-university.eu\/pt-pt\/wp-json\/wp\/v2\/users\/13"}],"replies":[{"embeddable":true,"href":"https:\/\/eunice-university.eu\/pt-pt\/wp-json\/wp\/v2\/comments?post=60235"}],"version-history":[{"count":4,"href":"https:\/\/eunice-university.eu\/pt-pt\/wp-json\/wp\/v2\/pages\/60235\/revisions"}],"predecessor-version":[{"id":60279,"href":"https:\/\/eunice-university.eu\/pt-pt\/wp-json\/wp\/v2\/pages\/60235\/revisions\/60279"}],"wp:attachment":[{"href":"https:\/\/eunice-university.eu\/pt-pt\/wp-json\/wp\/v2\/media?parent=60235"}],"curies":[{"name":"wp","href":"https:\/\/api.w.org\/{rel}","templated":true}]}}