{"id":60317,"date":"2021-05-13T10:12:14","date_gmt":"2021-05-13T08:12:14","guid":{"rendered":"https:\/\/eunice-university.eu\/o-nosso-trabalho\/"},"modified":"2025-11-24T17:23:09","modified_gmt":"2025-11-24T16:23:09","slug":"o-nosso-trabalho","status":"publish","type":"page","link":"https:\/\/eunice-university.eu\/pt-pt\/o-nosso-trabalho\/","title":{"rendered":"O nosso trabalho"},"content":{"rendered":"[vc_row type=&#8221;in_container&#8221; full_screen_row_position=&#8221;middle&#8221; column_margin=&#8221;default&#8221; column_direction=&#8221;default&#8221; column_direction_tablet=&#8221;default&#8221; column_direction_phone=&#8221;default&#8221; scene_position=&#8221;center&#8221; top_padding=&#8221;7%&#8221; bottom_padding=&#8221;7%&#8221; text_color=&#8221;dark&#8221; text_align=&#8221;left&#8221; row_border_radius=&#8221;none&#8221; row_border_radius_applies=&#8221;bg&#8221; overflow=&#8221;visible&#8221; overlay_strength=&#8221;0.3&#8243; gradient_direction=&#8221;left_to_right&#8221; shape_divider_position=&#8221;bottom&#8221; bg_image_animation=&#8221;none&#8221;][vc_column column_padding=&#8221;no-extra-padding&#8221; column_padding_tablet=&#8221;inherit&#8221; column_padding_phone=&#8221;inherit&#8221; column_padding_position=&#8221;all&#8221; column_element_direction_desktop=&#8221;default&#8221; column_element_spacing=&#8221;default&#8221; desktop_text_alignment=&#8221;default&#8221; tablet_text_alignment=&#8221;default&#8221; phone_text_alignment=&#8221;default&#8221; background_color_opacity=&#8221;1&#8243; background_hover_color_opacity=&#8221;1&#8243; column_backdrop_filter=&#8221;none&#8221; column_shadow=&#8221;none&#8221; column_border_radius=&#8221;none&#8221; column_link_target=&#8221;_self&#8221; column_position=&#8221;default&#8221; gradient_direction=&#8221;left_to_right&#8221; overlay_strength=&#8221;0.3&#8243; width=&#8221;1\/1&#8243; tablet_width_inherit=&#8221;default&#8221; animation_type=&#8221;default&#8221; bg_image_animation=&#8221;none&#8221; border_type=&#8221;simple&#8221; column_border_width=&#8221;none&#8221; column_border_style=&#8221;solid&#8221;][vc_row_inner column_margin=&#8221;default&#8221; column_direction=&#8221;default&#8221; column_direction_tablet=&#8221;default&#8221; column_direction_phone=&#8221;default&#8221; bottom_padding=&#8221;60&#8243; text_align=&#8221;left&#8221; row_position=&#8221;default&#8221; row_position_tablet=&#8221;inherit&#8221; row_position_phone=&#8221;inherit&#8221; overflow=&#8221;visible&#8221; pointer_events=&#8221;all&#8221;][vc_column_inner column_padding=&#8221;no-extra-padding&#8221; column_padding_tablet=&#8221;inherit&#8221; column_padding_phone=&#8221;inherit&#8221; column_padding_position=&#8221;all&#8221; column_element_direction_desktop=&#8221;default&#8221; column_element_spacing=&#8221;default&#8221; centered_text=&#8221;true&#8221; desktop_text_alignment=&#8221;default&#8221; tablet_text_alignment=&#8221;default&#8221; phone_text_alignment=&#8221;default&#8221; background_color_opacity=&#8221;1&#8243; background_hover_color_opacity=&#8221;1&#8243; column_backdrop_filter=&#8221;none&#8221; column_shadow=&#8221;none&#8221; column_border_radius=&#8221;none&#8221; column_link_target=&#8221;_self&#8221; overflow=&#8221;visible&#8221; gradient_direction=&#8221;left_to_right&#8221; overlay_strength=&#8221;0.3&#8243; width=&#8221;1\/2&#8243; tablet_width_inherit=&#8221;default&#8221; animation_type=&#8221;default&#8221; bg_image_animation=&#8221;none&#8221; border_type=&#8221;simple&#8221; column_border_width=&#8221;none&#8221; column_border_style=&#8221;solid&#8221;][vc_custom_heading text=&#8221;Como estamos a fazer isso&#8221; use_theme_fonts=&#8221;yes&#8221;][divider line_type=&#8221;No Line&#8221; custom_height=&#8221;25&#8243;][vc_column_text max_width=&#8221;1000&#8243; text_direction=&#8221;default&#8221;]\n<p style=\"text-align: left\">Descobre como o nosso ambicioso projeto se desenvolve em dez pa\u00edses, promovendo o trabalho em equipa, a colabora\u00e7\u00e3o online e a inova\u00e7\u00e3o. Atrav\u00e9s de uma mistura harmoniosa de colabora\u00e7\u00e3o virtual, reuni\u00f5es regulares online e eventos presenciais envolventes, avan\u00e7amos na nossa miss\u00e3o de construir a Universidade Europeia em cinco \u00e1reas-chave. <\/p>\n<p style=\"text-align: left\"><strong>Junta-te a n\u00f3s nesta explora\u00e7\u00e3o din\u00e2mica da realiza\u00e7\u00e3o e do progresso colectivos.<\/strong><\/p>\n[\/vc_column_text][\/vc_column_inner][\/vc_row_inner][vc_row_inner column_margin=&#8221;default&#8221; column_direction=&#8221;default&#8221; column_direction_tablet=&#8221;default&#8221; column_direction_phone=&#8221;default&#8221; text_align=&#8221;left&#8221; row_position=&#8221;default&#8221; row_position_tablet=&#8221;inherit&#8221; row_position_phone=&#8221;inherit&#8221; overflow=&#8221;visible&#8221; pointer_events=&#8221;all&#8221; css=&#8221;.vc_custom_1728467596704{border-color: #000000 !important;}&#8221;][vc_column_inner column_padding=&#8221;no-extra-padding&#8221; column_padding_tablet=&#8221;inherit&#8221; column_padding_phone=&#8221;inherit&#8221; column_padding_position=&#8221;all&#8221; column_element_direction_desktop=&#8221;default&#8221; column_element_spacing=&#8221;default&#8221; desktop_text_alignment=&#8221;default&#8221; tablet_text_alignment=&#8221;default&#8221; phone_text_alignment=&#8221;default&#8221; background_color_opacity=&#8221;1&#8243; background_hover_color_opacity=&#8221;1&#8243; column_backdrop_filter=&#8221;none&#8221; column_shadow=&#8221;none&#8221; column_border_radius=&#8221;none&#8221; column_link_target=&#8221;_self&#8221; overflow=&#8221;visible&#8221; gradient_direction=&#8221;left_to_right&#8221; overlay_strength=&#8221;0.3&#8243; width=&#8221;1\/3&#8243; tablet_width_inherit=&#8221;default&#8221; animation_type=&#8221;default&#8221; enable_animation=&#8221;true&#8221; animation=&#8221;grow-in&#8221; animation_easing=&#8221;default&#8221; bg_image_animation=&#8221;none&#8221; border_type=&#8221;simple&#8221; column_border_width=&#8221;none&#8221; column_border_style=&#8221;solid&#8221;][team_member image_url=&#8221;6200&#8243; bio_alt_image_url=&#8221;18013&#8243; team_memeber_style=&#8221;bio_fullscreen_alt&#8221; image_loading=&#8221;default&#8221; team_member_bio_full_html=&#8221;simple&#8221; name=&#8221;Efici\u00eancia da equipa em todos os pa\u00edses&#8221; job_position=&#8221;Gest\u00e3o&#8221; team_member_bio=&#8221;Para trabalhar em colabora\u00e7\u00e3o com dez institui\u00e7\u00f5es estabelecidas, constru\u00edmos uma estrutura de gest\u00e3o transparente cujo principal desafio \u00e9 coexistir com a forma espec\u00edfica como cada uma das universidades trabalha.<br \/>\nEm conjunto, definimos as nossas regras de funcionamento, objetivos, prazos e recursos. Agora, e utilizando os conhecimentos especializados das dez universidades em diferentes dom\u00ednios da gest\u00e3o de projetos, estamos a trabalhar para criar uma estrutura inovadora de uma Universidade Europeia como um organismo comum com regulamentos comuns, onde podemos garantir que a qualidade dos resultados, a conformidade e a efici\u00eancia n\u00e3o s\u00f3 s\u00e3o excelentes, mas tamb\u00e9m servem de modelo para outras institui\u00e7\u00f5es. <\/p>\n<p>L\u00edder da \u00e1rea de gest\u00e3o na EUNICE: Mariusz Glabowski, Universidade de Tecnologia de Poznan (Pol\u00f3nia)&#8221;][\/team_member][\/vc_column_inner][vc_column_inner column_padding=&#8221;no-extra-padding&#8221; column_padding_tablet=&#8221;inherit&#8221; column_padding_phone=&#8221;inherit&#8221; column_padding_position=&#8221;all&#8221; column_element_direction_desktop=&#8221;default&#8221; column_element_spacing=&#8221;default&#8221; desktop_text_alignment=&#8221;default&#8221; tablet_text_alignment=&#8221;default&#8221; phone_text_alignment=&#8221;default&#8221; background_color_opacity=&#8221;1&#8243; background_hover_color_opacity=&#8221;1&#8243; column_backdrop_filter=&#8221;none&#8221; column_shadow=&#8221;none&#8221; column_border_radius=&#8221;none&#8221; column_link_target=&#8221;_self&#8221; overflow=&#8221;visible&#8221; gradient_direction=&#8221;left_to_right&#8221; overlay_strength=&#8221;0.3&#8243; width=&#8221;1\/3&#8243; tablet_width_inherit=&#8221;default&#8221; animation_type=&#8221;default&#8221; enable_animation=&#8221;true&#8221; animation=&#8221;grow-in&#8221; animation_easing=&#8221;default&#8221; bg_image_animation=&#8221;none&#8221; border_type=&#8221;simple&#8221; column_border_width=&#8221;none&#8221; column_border_style=&#8221;solid&#8221;][team_member image_url=&#8221;16932&#8243; bio_alt_image_url=&#8221;16873&#8243; team_memeber_style=&#8221;bio_fullscreen_alt&#8221; image_loading=&#8221;default&#8221; team_member_bio_full_html=&#8221;simple&#8221; name=&#8221;Educa\u00e7\u00e3o flex\u00edvel e personalizada&#8221; job_position=&#8221;Oferta acad\u00e9mica&#8221; team_member_bio=&#8221;A nossa vis\u00e3o a longo prazo vai para al\u00e9m da mera oferta de programas e cursos acad\u00e9micos conjuntos entre os dez parceiros: engloba uma abordagem hol\u00edstica em conformidade com a declara\u00e7\u00e3o de miss\u00e3o da EUNICE.<br \/>\nCome\u00e7ando por identificar as compet\u00eancias nucleares da EUNICE para melhorar a nossa oferta acad\u00e9mica coletiva, pretendemos tamb\u00e9m dar prioridade ao ensino de l\u00ednguas estrangeiras para promover a consci\u00eancia intercultural e os valores partilhados na EUNICE.<br \/>\nEste processo abrangente envolve um trabalho aprofundado para garantir o alinhamento dos processos acad\u00e9micos e administrativos, promovendo assim a excel\u00eancia pedag\u00f3gica e a inova\u00e7\u00e3o em todas as universidades da EUNICE.<\/p>\n<p>Gestor da EUNICE para a Oferta Acad\u00e9mica: Hounaida Frikha, Universit\u00e9 Polytechnique Hauts-de-France (Fran\u00e7a)&#8221;][\/team_member][\/vc_column_inner][vc_column_inner column_padding=&#8221;no-extra-padding&#8221; column_padding_tablet=&#8221;inherit&#8221; column_padding_phone=&#8221;inherit&#8221; column_padding_position=&#8221;all&#8221; column_element_direction_desktop=&#8221;default&#8221; column_element_spacing=&#8221;default&#8221; desktop_text_alignment=&#8221;default&#8221; tablet_text_alignment=&#8221;default&#8221; phone_text_alignment=&#8221;default&#8221; background_color_opacity=&#8221;1&#8243; background_hover_color_opacity=&#8221;1&#8243; column_backdrop_filter=&#8221;none&#8221; column_shadow=&#8221;none&#8221; column_border_radius=&#8221;none&#8221; column_link_target=&#8221;_self&#8221; overflow=&#8221;visible&#8221; gradient_direction=&#8221;left_to_right&#8221; overlay_strength=&#8221;0.3&#8243; width=&#8221;1\/3&#8243; tablet_width_inherit=&#8221;default&#8221; animation_type=&#8221;default&#8221; enable_animation=&#8221;true&#8221; animation=&#8221;grow-in&#8221; animation_easing=&#8221;default&#8221; bg_image_animation=&#8221;none&#8221; border_type=&#8221;simple&#8221; column_border_width=&#8221;none&#8221; column_border_style=&#8221;solid&#8221;][team_member image_url=&#8221;5985&#8243; bio_alt_image_url=&#8221;18050&#8243; team_memeber_style=&#8221;bio_fullscreen_alt&#8221; image_loading=&#8221;default&#8221; team_member_bio_full_html=&#8221;simple&#8221; name=&#8221;Formar cidad\u00e3os para a Europa do futuro&#8221; job_position=&#8221;Aprendizagem experimental&#8221; team_member_bio=&#8221;O grupo de Trabalho 3 da EUNICE visa melhorar a aprendizagem experimental e a mobilidade no seio da alian\u00e7a, promovendo a lideran\u00e7a dos estudantes, as compet\u00eancias-chave e os valores europeus.<br \/>\nAs principais estrat\u00e9gias incluem a cria\u00e7\u00e3o de comit\u00e9s consultivos a n\u00edvel institucional, a mobiliza\u00e7\u00e3o e a capacita\u00e7\u00e3o dos estudantes atrav\u00e9s da cria\u00e7\u00e3o de clubes de estudantes pan-EUNICE e a facilita\u00e7\u00e3o de reuni\u00f5es conjuntas entre representantes das dez universidades parceiras.<br \/>\nEmpenhada em promover interc\u00e2mbios inclusivos e ambientalmente sustent\u00e1veis, a EUNICE assegura um acesso equitativo a oportunidades educativas transformadoras. Al\u00e9m disso, o WP3 organiza eventos culturais e desportivos, bem como campos de aprendizagem experimental de ver\u00e3o para um envolvimento imersivo na comunidade.<br \/>\nAtrav\u00e9s destes esfor\u00e7os e iniciativas multifacetadas, a EUNICE esfor\u00e7a-se por proporcionar experi\u00eancias e oportunidades enriquecedoras, fomentando os valores europeus e cultivando um forte sentido de comunidade entre os seus membros, ao mesmo tempo que inspira estudantes vibrantes e com uma mentalidade global a contribu\u00edrem como cidad\u00e3os do nosso mundo din\u00e2mico e interligado. <\/p>\n<p>Gestora da \u00c1rea de Aprendizagem Experiencial da EUNICE: Susana Amante, Instituto Polit\u00e9cnico de Viseu (Portugal)&#8221;][\/team_member][\/vc_column_inner][\/vc_row_inner][vc_row_inner column_margin=&#8221;default&#8221; column_direction=&#8221;default&#8221; column_direction_tablet=&#8221;default&#8221; column_direction_phone=&#8221;default&#8221; text_align=&#8221;left&#8221; row_position=&#8221;default&#8221; row_position_tablet=&#8221;inherit&#8221; row_position_phone=&#8221;inherit&#8221; overflow=&#8221;visible&#8221; pointer_events=&#8221;all&#8221;][vc_column_inner column_padding=&#8221;no-extra-padding&#8221; column_padding_tablet=&#8221;inherit&#8221; column_padding_phone=&#8221;inherit&#8221; column_padding_position=&#8221;all&#8221; column_element_direction_desktop=&#8221;default&#8221; column_element_spacing=&#8221;default&#8221; desktop_text_alignment=&#8221;default&#8221; tablet_text_alignment=&#8221;default&#8221; phone_text_alignment=&#8221;default&#8221; background_color_opacity=&#8221;1&#8243; background_hover_color_opacity=&#8221;1&#8243; column_backdrop_filter=&#8221;none&#8221; column_shadow=&#8221;none&#8221; column_border_radius=&#8221;none&#8221; column_link_target=&#8221;_self&#8221; overflow=&#8221;visible&#8221; gradient_direction=&#8221;left_to_right&#8221; overlay_strength=&#8221;0.3&#8243; width=&#8221;1\/3&#8243; tablet_width_inherit=&#8221;default&#8221; animation_type=&#8221;default&#8221; enable_animation=&#8221;true&#8221; animation=&#8221;grow-in&#8221; animation_easing=&#8221;default&#8221; bg_image_animation=&#8221;none&#8221; border_type=&#8221;simple&#8221; column_border_width=&#8221;none&#8221; column_border_style=&#8221;solid&#8221;][team_member image_url=&#8221;6174&#8243; bio_alt_image_url=&#8221;6127&#8243; team_memeber_style=&#8221;bio_fullscreen_alt&#8221; image_loading=&#8221;default&#8221; team_member_bio_full_html=&#8221;simple&#8221; name=&#8221;Encurtar a ponte entre a universidade e as empresas&#8221; job_position=&#8221;Investiga\u00e7\u00e3o e empreendedorismo&#8221; team_member_bio=&#8221;Para favorecer o crescimento profissional dos nossos alunos e refor\u00e7ar as suas capacidades empreendedoras, estamos a desenvolver um m\u00e9todo de ensino orientado para a ind\u00fastria que permite aos nossos alunos tornarem-se os profissionais de que o mercado necessita, com base numa auditoria exaustiva do ambiente acad\u00e9mico e empresarial atual.<br \/>\nProporcionaremos est\u00e1gios industriais intersectoriais e multidisciplinares aos estudantes, que poder\u00e3o ter uma experi\u00eancia de trabalho em todos os dez pa\u00edses onde estamos presentes.<br \/>\nOs nossos programas de ensino centram-se no alinhamento dos curr\u00edculos e das compet\u00eancias dos licenciados com as suas carreiras profissionais, melhorando as vias de emprego para os nossos estudantes e oferecendo \u00e0s empresas os recursos humanos de que realmente necessitam para prosperar.<\/p>\n<p>Diretor da \u00e1rea de Sociedade e Neg\u00f3cios da EUNICE: Lucia Zappal\u00e0, Universidade de Catania (It\u00e1lia)&#8221;][\/team_member][\/vc_column_inner][vc_column_inner column_padding=&#8221;no-extra-padding&#8221; column_padding_tablet=&#8221;inherit&#8221; column_padding_phone=&#8221;inherit&#8221; column_padding_position=&#8221;all&#8221; column_element_direction_desktop=&#8221;default&#8221; column_element_spacing=&#8221;default&#8221; desktop_text_alignment=&#8221;default&#8221; tablet_text_alignment=&#8221;default&#8221; phone_text_alignment=&#8221;default&#8221; background_color_opacity=&#8221;1&#8243; background_hover_color_opacity=&#8221;1&#8243; column_backdrop_filter=&#8221;none&#8221; column_shadow=&#8221;none&#8221; column_border_radius=&#8221;none&#8221; column_link_target=&#8221;_self&#8221; overflow=&#8221;visible&#8221; gradient_direction=&#8221;left_to_right&#8221; overlay_strength=&#8221;0.3&#8243; width=&#8221;1\/3&#8243; tablet_width_inherit=&#8221;default&#8221; animation_type=&#8221;default&#8221; enable_animation=&#8221;true&#8221; animation=&#8221;grow-in&#8221; animation_easing=&#8221;default&#8221; bg_image_animation=&#8221;none&#8221; border_type=&#8221;simple&#8221; column_border_width=&#8221;none&#8221; column_border_style=&#8221;solid&#8221; column_padding_type=&#8221;default&#8221; gradient_type=&#8221;default&#8221;][team_member image_url=&#8221;6206&#8243; bio_alt_image_url=&#8221;17096&#8243; team_memeber_style=&#8221;bio_fullscreen_alt&#8221; image_loading=&#8221;default&#8221; team_member_bio_full_html=&#8221;simple&#8221; name=&#8221;Causar impacto&#8221; job_position=&#8221;Difus\u00e3o, digitaliza\u00e7\u00e3o e impacto&#8221; team_member_bio=&#8221;O pacote de trabalho 5 criar\u00e1 diferentes ferramentas de digitaliza\u00e7\u00e3o, comunica\u00e7\u00e3o e impacto para o desenvolvimento e a implementa\u00e7\u00e3o adequados das actividades da EUNICE. Se n\u00e3o comunicarmos o que estamos a fazer, mais vale n\u00e3o fazer nada. Por conseguinte, levaremos a cabo comunica\u00e7\u00f5es estrat\u00e9gicas e refor\u00e7aremos os recursos de comunica\u00e7\u00e3o para apoiar a implementa\u00e7\u00e3o eficaz das nossas actividades e para divulgar as li\u00e7\u00f5es da nossa experi\u00eancia \u00e0s diferentes partes interessadas. Al\u00e9m disso, asseguraremos que a infraestrutura digital e de comunica\u00e7\u00f5es da EUNICE seja t\u00e3o eficiente quanto poss\u00edvel e continuamente melhorada para maximizar a sua adequa\u00e7\u00e3o ao objetivo. \u00c9 igualmente importante, e \u00e9 outro objetivo deste pacote de trabalho, analisar a efic\u00e1cia das actividades da EUNICE para identificar os \u00eaxitos e as li\u00e7\u00f5es a retirar para a alian\u00e7a e para outras partes interessadas do ensino superior.<br \/>\nGabriel Moncali\u00e1n Montes (Universidade de Cantabria, Espanha), L\u00edder do Pacote de Trabalho 5 da EUNICE (Digitaliza\u00e7\u00e3o, Comunica\u00e7\u00e3o e Impacto)    &#8220;][\/team_member][\/vc_column_inner][\/vc_row_inner][\/vc_column][\/vc_row]\n","protected":false},"excerpt":{"rendered":"<p>[vc_row type=&#8221;in_container&#8221; full_screen_row_position=&#8221;middle&#8221; column_margin=&#8221;default&#8221; column_direction=&#8221;default&#8221; column_direction_tablet=&#8221;default&#8221; column_direction_phone=&#8221;default&#8221; scene_position=&#8221;center&#8221; top_padding=&#8221;7%&#8221; bottom_padding=&#8221;7%&#8221; text_color=&#8221;dark&#8221; text_align=&#8221;left&#8221; row_border_radius=&#8221;none&#8221; row_border_radius_applies=&#8221;bg&#8221; overflow=&#8221;visible&#8221; overlay_strength=&#8221;0.3&#8243; gradient_direction=&#8221;left_to_right&#8221; shape_divider_position=&#8221;bottom&#8221; bg_image_animation=&#8221;none&#8221;][vc_column column_padding=&#8221;no-extra-padding&#8221; column_padding_tablet=&#8221;inherit&#8221; column_padding_phone=&#8221;inherit&#8221; column_padding_position=&#8221;all&#8221; column_element_direction_desktop=&#8221;default&#8221; column_element_spacing=&#8221;default&#8221;&#8230;<\/p>\n","protected":false},"author":1,"featured_media":0,"parent":0,"menu_order":0,"comment_status":"closed","ping_status":"closed","template":"","meta":{"_acf_changed":false,"_uag_custom_page_level_css":"","footnotes":""},"class_list":["post-60317","page","type-page","status-publish"],"acf":[],"uagb_featured_image_src":{"full":false,"thumbnail":false,"medium":false,"medium_large":false,"large":false,"1536x1536":false,"2048x2048":false,"portfolio-thumb":false,"nectar_small_square":false,"portfolio-thumb_large":false,"portfolio-thumb_small":false,"portfolio-widget":false,"wide":false,"wide_photography":false,"wide_small":false,"regular":false,"regular_small":false,"tall":false,"wide_tall":false,"large_featured":false,"medium_featured":false},"uagb_author_info":{"display_name":"\u00c1rea web Unican","author_link":"https:\/\/eunice-university.eu\/pt-pt\/author\/sc9bxrjbaufus7pj\/"},"uagb_comment_info":0,"uagb_excerpt":"[vc_row type=&#8221;in_container&#8221; full_screen_row_position=&#8221;middle&#8221; column_margin=&#8221;default&#8221; column_direction=&#8221;default&#8221; column_direction_tablet=&#8221;default&#8221; column_direction_phone=&#8221;default&#8221; scene_position=&#8221;center&#8221; top_padding=&#8221;7%&#8221; bottom_padding=&#8221;7%&#8221; text_color=&#8221;dark&#8221; text_align=&#8221;left&#8221; row_border_radius=&#8221;none&#8221; row_border_radius_applies=&#8221;bg&#8221; overflow=&#8221;visible&#8221; overlay_strength=&#8221;0.3&#8243; gradient_direction=&#8221;left_to_right&#8221; shape_divider_position=&#8221;bottom&#8221; bg_image_animation=&#8221;none&#8221;][vc_column column_padding=&#8221;no-extra-padding&#8221; column_padding_tablet=&#8221;inherit&#8221; column_padding_phone=&#8221;inherit&#8221; column_padding_position=&#8221;all&#8221; column_element_direction_desktop=&#8221;default&#8221; column_element_spacing=&#8221;default&#8221;...","_links":{"self":[{"href":"https:\/\/eunice-university.eu\/pt-pt\/wp-json\/wp\/v2\/pages\/60317","targetHints":{"allow":["GET"]}}],"collection":[{"href":"https:\/\/eunice-university.eu\/pt-pt\/wp-json\/wp\/v2\/pages"}],"about":[{"href":"https:\/\/eunice-university.eu\/pt-pt\/wp-json\/wp\/v2\/types\/page"}],"author":[{"embeddable":true,"href":"https:\/\/eunice-university.eu\/pt-pt\/wp-json\/wp\/v2\/users\/1"}],"replies":[{"embeddable":true,"href":"https:\/\/eunice-university.eu\/pt-pt\/wp-json\/wp\/v2\/comments?post=60317"}],"version-history":[{"count":2,"href":"https:\/\/eunice-university.eu\/pt-pt\/wp-json\/wp\/v2\/pages\/60317\/revisions"}],"predecessor-version":[{"id":60348,"href":"https:\/\/eunice-university.eu\/pt-pt\/wp-json\/wp\/v2\/pages\/60317\/revisions\/60348"}],"wp:attachment":[{"href":"https:\/\/eunice-university.eu\/pt-pt\/wp-json\/wp\/v2\/media?parent=60317"}],"curies":[{"name":"wp","href":"https:\/\/api.w.org\/{rel}","templated":true}]}}