{"id":53938,"date":"2021-12-22T12:41:55","date_gmt":"2021-12-22T11:41:55","guid":{"rendered":"https:\/\/eunice-university.eu\/kurser\/"},"modified":"2025-06-19T09:28:59","modified_gmt":"2025-06-19T07:28:59","slug":"kurser","status":"publish","type":"page","link":"https:\/\/eunice-university.eu\/sv\/kurser\/","title":{"rendered":"Kurser"},"content":{"rendered":"[vc_row type=&#8221;full_width_background&#8221; full_screen_row_position=&#8221;middle&#8221; column_margin=&#8221;default&#8221; column_direction=&#8221;default&#8221; column_direction_tablet=&#8221;default&#8221; column_direction_phone=&#8221;default&#8221; bg_image=&#8221;16935&#8243; bg_position=&#8221;center center&#8221; background_image_loading=&#8221;default&#8221; bg_repeat=&#8221;no-repeat&#8221; scene_position=&#8221;center&#8221; top_padding=&#8221;9%&#8221; bottom_padding=&#8221;4%&#8221; text_color=&#8221;dark&#8221; text_align=&#8221;left&#8221; row_border_radius=&#8221;none&#8221; row_border_radius_applies=&#8221;bg&#8221; overflow=&#8221;visible&#8221; color_overlay=&#8221;#ffffff&#8221; color_overlay_2=&#8221;#ffffff&#8221; overlay_strength=&#8221;0.3&#8243; gradient_direction=&#8221;left_to_right&#8221; shape_divider_position=&#8221;bottom&#8221; bg_image_animation=&#8221;none&#8221; gradient_type=&#8221;default&#8221; shape_type=&#8221;&#8221;][vc_column column_padding=&#8221;no-extra-padding&#8221; column_padding_tablet=&#8221;inherit&#8221; column_padding_phone=&#8221;inherit&#8221; column_padding_position=&#8221;all&#8221; column_element_direction_desktop=&#8221;default&#8221; column_element_spacing=&#8221;default&#8221; desktop_text_alignment=&#8221;default&#8221; tablet_text_alignment=&#8221;default&#8221; phone_text_alignment=&#8221;default&#8221; background_color_opacity=&#8221;1&#8243; background_hover_color_opacity=&#8221;1&#8243; column_backdrop_filter=&#8221;none&#8221; column_shadow=&#8221;none&#8221; column_border_radius=&#8221;none&#8221; column_link_target=&#8221;_self&#8221; column_position=&#8221;default&#8221; gradient_direction=&#8221;left_to_right&#8221; overlay_strength=&#8221;0.3&#8243; width=&#8221;1\/1&#8243; tablet_width_inherit=&#8221;default&#8221; animation_type=&#8221;default&#8221; bg_image_animation=&#8221;none&#8221; border_type=&#8221;simple&#8221; column_border_width=&#8221;none&#8221; column_border_style=&#8221;solid&#8221;][vc_column_text text_direction=&#8221;default&#8221;]\n<h1>KURSKATALOG<\/h1>\n[\/vc_column_text][nectar_highlighted_text color_type=&#8221;regular&#8221; style=&#8221;full_text&#8221; highlight_expansion=&#8221;default&#8221; custom_font_size=&#8221;2vw&#8221; text_direction=&#8221;default&#8221;]\n<h3 style=\"text-align: right\">Skr\u00e4ddarsy din framtid<\/h3>\n[\/nectar_highlighted_text][divider line_type=&#8221;No Line&#8221;][\/vc_column][\/vc_row][vc_row type=&#8221;full_width_background&#8221; full_screen_row_position=&#8221;middle&#8221; column_margin=&#8221;default&#8221; column_direction=&#8221;default&#8221; column_direction_tablet=&#8221;default&#8221; column_direction_phone=&#8221;default&#8221; scene_position=&#8221;center&#8221; text_color=&#8221;dark&#8221; text_align=&#8221;left&#8221; row_border_radius=&#8221;none&#8221; row_border_radius_applies=&#8221;bg&#8221; overflow=&#8221;visible&#8221; overlay_strength=&#8221;0.3&#8243; gradient_direction=&#8221;left_to_right&#8221; shape_divider_position=&#8221;bottom&#8221; bg_image_animation=&#8221;none&#8221; gradient_type=&#8221;default&#8221; shape_type=&#8221;&#8221;][vc_column column_padding=&#8221;no-extra-padding&#8221; column_padding_tablet=&#8221;inherit&#8221; column_padding_phone=&#8221;inherit&#8221; column_padding_position=&#8221;all&#8221; column_element_direction_desktop=&#8221;default&#8221; column_element_spacing=&#8221;default&#8221; desktop_text_alignment=&#8221;default&#8221; tablet_text_alignment=&#8221;default&#8221; phone_text_alignment=&#8221;default&#8221; background_color_opacity=&#8221;1&#8243; background_hover_color_opacity=&#8221;1&#8243; column_backdrop_filter=&#8221;none&#8221; column_shadow=&#8221;none&#8221; column_border_radius=&#8221;none&#8221; column_link_target=&#8221;_self&#8221; column_position=&#8221;default&#8221; gradient_direction=&#8221;left_to_right&#8221; overlay_strength=&#8221;0.3&#8243; width=&#8221;1\/1&#8243; tablet_width_inherit=&#8221;default&#8221; animation_type=&#8221;default&#8221; bg_image_animation=&#8221;none&#8221; border_type=&#8221;simple&#8221; column_border_width=&#8221;none&#8221; column_border_style=&#8221;solid&#8221;][page_submenu alignment=&#8221;right&#8221; sticky=&#8221;true&#8221; bg_color=&#8221;#000000&#8243; link_color=&#8221;#ffffff&#8221;][page_link link_new_tab=&#8221;true&#8221; link_url=&#8221;https:\/\/eunice-university.eu\/courses\/courses-coordinators-contacts\/&#8221; title=&#8221;Kontakta din lokala samordnare&#8221; id=&#8221;1732003465139-0&#8243; tab_id=&#8221;1732003465139-2&#8243;] [\/page_link][page_link link_new_tab=&#8221;true&#8221; link_url=&#8221;https:\/\/moodle.eunice-university.eu\/login\/index.php&#8221; title=&#8221;Moodle-plattformen: b\u00f6rja studera&#8221; id=&#8221;1732003465154-5&#8243; tab_id=&#8221;1732003465155-2&#8243;] [\/page_link][\/page_submenu][divider line_type=&#8221;No Line&#8221;][\/vc_column][\/vc_row][vc_row type=&#8221;in_container&#8221; full_screen_row_position=&#8221;middle&#8221; column_margin=&#8221;default&#8221; column_direction=&#8221;default&#8221; column_direction_tablet=&#8221;default&#8221; column_direction_phone=&#8221;default&#8221; scene_position=&#8221;center&#8221; left_margin=&#8221;10&#8243; text_color=&#8221;dark&#8221; text_align=&#8221;left&#8221; row_border_radius=&#8221;none&#8221; row_border_radius_applies=&#8221;bg&#8221; overflow=&#8221;visible&#8221; overlay_strength=&#8221;0.3&#8243; gradient_direction=&#8221;left_to_right&#8221; shape_divider_position=&#8221;bottom&#8221; bg_image_animation=&#8221;none&#8221; gradient_type=&#8221;default&#8221; shape_type=&#8221;&#8221;][vc_column column_padding=&#8221;no-extra-padding&#8221; column_padding_tablet=&#8221;inherit&#8221; column_padding_phone=&#8221;inherit&#8221; column_padding_position=&#8221;all&#8221; column_element_direction_desktop=&#8221;default&#8221; column_element_spacing=&#8221;default&#8221; desktop_text_alignment=&#8221;default&#8221; tablet_text_alignment=&#8221;default&#8221; phone_text_alignment=&#8221;default&#8221; background_color_opacity=&#8221;1&#8243; background_hover_color_opacity=&#8221;1&#8243; column_backdrop_filter=&#8221;none&#8221; column_shadow=&#8221;none&#8221; column_border_radius=&#8221;none&#8221; column_link_target=&#8221;_self&#8221; column_position=&#8221;default&#8221; gradient_direction=&#8221;left_to_right&#8221; overlay_strength=&#8221;0.3&#8243; width=&#8221;1\/1&#8243; tablet_width_inherit=&#8221;default&#8221; animation_type=&#8221;default&#8221; bg_image_animation=&#8221;none&#8221; border_type=&#8221;simple&#8221; column_border_width=&#8221;none&#8221; column_border_style=&#8221;solid&#8221; column_padding_type=&#8221;default&#8221; gradient_type=&#8221;default&#8221;][divider line_type=&#8221;No Line&#8221;][vc_column_text css=&#8221;&#8221; text_direction=&#8221;default&#8221;]Ett helt <strong>nytt utbud av tv\u00e4rvetenskapliga kurser<\/strong> ger EUNICE-studenter m\u00f6jlighet att dra nytta av expertisen vid 10 europeiska universitet och skr\u00e4ddarsy sin utbildning.<\/p>\n<ul>\n<li>Vi erbjuder ocks\u00e5 <strong>spr\u00e5kkurser &#8211; de mest talade spr\u00e5ken<\/strong> inom EUNICE.<\/li>\n<li>F\u00f6rutom att EUNICE-kurserna ger <strong>ECTS-po\u00e4ng<\/strong> kan studenterna <strong>skr\u00e4ddarsy sin utbildning kostnadsfritt<\/strong>.<\/li>\n<\/ul>\n[\/vc_column_text][toggles style=&#8221;minimal_shadow&#8221; border_radius=&#8221;5px&#8221;][toggle color=&#8221;Default&#8221; heading_tag=&#8221;default&#8221; heading_tag_functionality=&#8221;default&#8221; title=&#8221;L\u00e4rande format&#8221;][vc_column_text css=&#8221;&#8221; text_direction=&#8221;default&#8221;]Kurserna ges <strong>p\u00e5 engelska <\/strong>och ibland p\u00e5 konsortiets<strong> nationella spr\u00e5k<\/strong> samt i olika <strong>inl\u00e4rningsformat<\/strong>:<\/p>\n<ul>\n<li><span style=\"color: #3366ff\"><a style=\"color: #3366ff\" href=\"https:\/\/eunice-university.eu\/courses\/moodle-online-study\/\" target=\"_blank\" rel=\"noopener\"><strong>p\u00e5 n\u00e4tet<\/strong><\/a><\/span> -live eller sj\u00e4lvstudier-,<\/li>\n<li><strong>p\u00e5 plats eller <\/strong> blandad (blandade intensivkurser). <a href=\"https:\/\/eunice-university.eu\/erasmus-student-physical-mobility\/\" target=\"_blank\" rel=\"noopener\"><span style=\"color: #3366ff\">Kontakta din internationella byr\u00e5 f\u00f6r information om tillg\u00e4ngliga mobilitetsbidrag<\/span><\/a>.<\/li>\n<\/ul>\n[\/vc_column_text][\/toggle][toggle color=&#8221;Default&#8221; heading_tag=&#8221;default&#8221; heading_tag_functionality=&#8221;default&#8221; title=&#8221;Innan du ans\u00f6ker om en kurs&#8221;][vc_column_text css=&#8221;&#8221; text_direction=&#8221;default&#8221;]Se till att undervisningsformen, f\u00f6rkunskapskraven och schemat passar dig genom att l\u00e4sa den <strong>studiehandledning<\/strong> som finns f\u00f6r varje kurs. T\u00e4nk ocks\u00e5 p\u00e5 att de flesta kurser har begr\u00e4nsat antal platser och att urvalskriterierna kan variera fr\u00e5n en kurs till en annan. EUNICE-kurserna \u00e4r <strong>kostnadsfria och \u00f6ppna<\/strong> f\u00f6r alla studenter fr\u00e5n alla <span style=\"color: #3366ff\"><a style=\"color: #3366ff\" href=\"https:\/\/eunice-university.eu\/home\/campus\/\" target=\"_blank\" rel=\"noopener\">EUNICE-partneruniversitet<\/a><\/span>.[\/vc_column_text][\/toggle][toggle color=&#8221;Default&#8221; heading_tag=&#8221;default&#8221; heading_tag_functionality=&#8221;default&#8221; title=&#8221;Vem kan ans\u00f6ka&#8221;][vc_column_text css=&#8221;&#8221; text_direction=&#8221;default&#8221;]EUNICE gemensamma kurser \u00e4r tillg\u00e4ngliga f\u00f6r studenter, akademiker och personal fr\u00e5n alla de tio partneruniversiteten, f\u00f6rutsatt att de uppfyller de krav som anges i kursens studiehandledning (t.ex. masterniv\u00e5).<\/p>\n<p>EUNICE erbjuder ocks\u00e5 kostnadsfria Massive Open Online Courses (MOOCs), som \u00e4r sj\u00e4lvstudiekurser som \u00e4r \u00f6ppna f\u00f6r alla, \u00e4ven om de inte \u00e4r medlemmar i EUNICE European University.[\/vc_column_text][\/toggle][toggle color=&#8221;Default&#8221; heading_tag=&#8221;default&#8221; heading_tag_functionality=&#8221;default&#8221; title=&#8221;Avgifter&#8221;][vc_column_text css=&#8221;&#8221; text_direction=&#8221;default&#8221;]EUNICE:s kurser \u00e4r kostnadsfria: inga extra avgifter kr\u00e4vs.<\/p>\n<p>Masters: se anm\u00e4lningsavgifter p\u00e5 webbsidan f\u00f6r varje master.[\/vc_column_text][\/toggle][toggle color=&#8221;Default&#8221; heading_tag=&#8221;default&#8221; heading_tag_functionality=&#8221;default&#8221; title=&#8221;\u00d6vriga fr\u00e5gor&#8221;][vc_column_text css=&#8221;&#8221; text_direction=&#8221;default&#8221;]Om du har n\u00e5gra fr\u00e5gor \u00e4r du v\u00e4lkommen att kontakta <a style=\"color: #3366ff\" href=\"https:\/\/eunice-university.eu\/courses\/courses-coordinators-contacts\/\" target=\"_blank\" rel=\"noopener\">Eunice-teamet<\/a> vid ditt universitet.[\/vc_column_text][\/toggle][\/toggles][divider line_type=&#8221;No Line&#8221; custom_height=&#8221;45&#8243;][split_line_heading animation_type=&#8221;default&#8221; text_direction=&#8221;default&#8221;]\n[\/split_line_heading][\/vc_column][\/vc_row]\n","protected":false},"excerpt":{"rendered":"<p>[vc_row type=&#8221;full_width_background&#8221; full_screen_row_position=&#8221;middle&#8221; column_margin=&#8221;default&#8221; column_direction=&#8221;default&#8221; column_direction_tablet=&#8221;default&#8221; column_direction_phone=&#8221;default&#8221; bg_image=&#8221;16935&#8243; bg_position=&#8221;center center&#8221; background_image_loading=&#8221;default&#8221; bg_repeat=&#8221;no-repeat&#8221; scene_position=&#8221;center&#8221; top_padding=&#8221;9%&#8221; bottom_padding=&#8221;4%&#8221; text_color=&#8221;dark&#8221; text_align=&#8221;left&#8221; row_border_radius=&#8221;none&#8221; row_border_radius_applies=&#8221;bg&#8221; overflow=&#8221;visible&#8221; color_overlay=&#8221;#ffffff&#8221; color_overlay_2=&#8221;#ffffff&#8221; overlay_strength=&#8221;0.3&#8243; gradient_direction=&#8221;left_to_right&#8221; shape_divider_position=&#8221;bottom&#8221;&#8230;<\/p>\n","protected":false},"author":13,"featured_media":0,"parent":0,"menu_order":0,"comment_status":"closed","ping_status":"closed","template":"","meta":{"_acf_changed":false,"_uag_custom_page_level_css":"","footnotes":""},"class_list":["post-53938","page","type-page","status-publish"],"acf":[],"uagb_featured_image_src":{"full":false,"thumbnail":false,"medium":false,"medium_large":false,"large":false,"1536x1536":false,"2048x2048":false,"portfolio-thumb":false,"nectar_small_square":false,"portfolio-thumb_large":false,"portfolio-thumb_small":false,"portfolio-widget":false,"wide":false,"wide_photography":false,"wide_small":false,"regular":false,"regular_small":false,"tall":false,"wide_tall":false,"large_featured":false,"medium_featured":false},"uagb_author_info":{"display_name":"Ana Lezama Arrieta","author_link":"https:\/\/eunice-university.eu\/sv\/author\/uc_comms2\/"},"uagb_comment_info":0,"uagb_excerpt":"[vc_row type=&#8221;full_width_background&#8221; full_screen_row_position=&#8221;middle&#8221; column_margin=&#8221;default&#8221; column_direction=&#8221;default&#8221; column_direction_tablet=&#8221;default&#8221; column_direction_phone=&#8221;default&#8221; bg_image=&#8221;16935&#8243; bg_position=&#8221;center center&#8221; background_image_loading=&#8221;default&#8221; bg_repeat=&#8221;no-repeat&#8221; scene_position=&#8221;center&#8221; top_padding=&#8221;9%&#8221; bottom_padding=&#8221;4%&#8221; text_color=&#8221;dark&#8221; text_align=&#8221;left&#8221; row_border_radius=&#8221;none&#8221; row_border_radius_applies=&#8221;bg&#8221; overflow=&#8221;visible&#8221; color_overlay=&#8221;#ffffff&#8221; color_overlay_2=&#8221;#ffffff&#8221; overlay_strength=&#8221;0.3&#8243; gradient_direction=&#8221;left_to_right&#8221; shape_divider_position=&#8221;bottom&#8221;...","_links":{"self":[{"href":"https:\/\/eunice-university.eu\/sv\/wp-json\/wp\/v2\/pages\/53938","targetHints":{"allow":["GET"]}}],"collection":[{"href":"https:\/\/eunice-university.eu\/sv\/wp-json\/wp\/v2\/pages"}],"about":[{"href":"https:\/\/eunice-university.eu\/sv\/wp-json\/wp\/v2\/types\/page"}],"author":[{"embeddable":true,"href":"https:\/\/eunice-university.eu\/sv\/wp-json\/wp\/v2\/users\/13"}],"replies":[{"embeddable":true,"href":"https:\/\/eunice-university.eu\/sv\/wp-json\/wp\/v2\/comments?post=53938"}],"version-history":[{"count":2,"href":"https:\/\/eunice-university.eu\/sv\/wp-json\/wp\/v2\/pages\/53938\/revisions"}],"predecessor-version":[{"id":53947,"href":"https:\/\/eunice-university.eu\/sv\/wp-json\/wp\/v2\/pages\/53938\/revisions\/53947"}],"wp:attachment":[{"href":"https:\/\/eunice-university.eu\/sv\/wp-json\/wp\/v2\/media?parent=53938"}],"curies":[{"name":"wp","href":"https:\/\/api.w.org\/{rel}","templated":true}]}}